{"id":794,"date":"2022-03-01T21:50:35","date_gmt":"2022-03-01T20:50:35","guid":{"rendered":"https:\/\/somniumlegal.com\/blog\/?page_id=794"},"modified":"2024-09-30T19:45:46","modified_gmt":"2024-09-30T17:45:46","slug":"conseil-comptable","status":"publish","type":"page","link":"https:\/\/somniumlegal.com\/fr\/conseil-comptable\/","title":{"rendered":"Conseil comptable"},"content":{"rendered":"\t\t<div data-elementor-type=\"wp-page\" data-elementor-id=\"794\" class=\"elementor elementor-794 elementor-442\" data-elementor-settings=\"[]\">\n\t\t\t\t\t\t\t<div class=\"elementor-section-wrap\">\n\t\t\t\t\t\t\t<section class=\"elementor-section elementor-top-section elementor-element elementor-element-7e575a7a elementor-section-boxed elementor-section-height-default elementor-section-height-default\" data-id=\"7e575a7a\" data-element_type=\"section\">\n\t\t\t\t\t\t<div class=\"elementor-container elementor-column-gap-default\">\n\t\t\t\t\t<div class=\"elementor-column elementor-col-100 elementor-top-column elementor-element elementor-element-28937081\" data-id=\"28937081\" data-element_type=\"column\">\n\t\t\t<div class=\"elementor-widget-wrap elementor-element-populated\">\n\t\t\t\t\t\t\t\t<div class=\"elementor-element elementor-element-71bff893 elementor-widget elementor-widget-heading\" data-id=\"71bff893\" data-element_type=\"widget\" data-widget_type=\"heading.default\">\n\t\t\t\t<div class=\"elementor-widget-container\">\n\t\t\t<style>\/*! elementor - v3.5.5 - 03-02-2022 *\/\n.elementor-heading-title{padding:0;margin:0;line-height:1}.elementor-widget-heading .elementor-heading-title[class*=elementor-size-]>a{color:inherit;font-size:inherit;line-height:inherit}.elementor-widget-heading .elementor-heading-title.elementor-size-small{font-size:15px}.elementor-widget-heading .elementor-heading-title.elementor-size-medium{font-size:19px}.elementor-widget-heading .elementor-heading-title.elementor-size-large{font-size:29px}.elementor-widget-heading .elementor-heading-title.elementor-size-xl{font-size:39px}.elementor-widget-heading .elementor-heading-title.elementor-size-xxl{font-size:59px}<\/style><h1 class=\"elementor-heading-title elementor-size-default\">Conseil comptable<\/h1>\t\t<\/div>\n\t\t\t\t<\/div>\n\t\t\t\t\t<\/div>\n\t\t<\/div>\n\t\t\t\t\t\t\t<\/div>\n\t\t<\/section>\n\t\t\t\t<section class=\"elementor-section elementor-top-section elementor-element elementor-element-6d2e048 elementor-section-boxed elementor-section-height-default elementor-section-height-default\" data-id=\"6d2e048\" data-element_type=\"section\">\n\t\t\t\t\t\t<div class=\"elementor-container elementor-column-gap-default\">\n\t\t\t\t\t<div class=\"elementor-column elementor-col-100 elementor-top-column elementor-element elementor-element-6e0e1ed8\" data-id=\"6e0e1ed8\" data-element_type=\"column\">\n\t\t\t<div class=\"elementor-widget-wrap elementor-element-populated\">\n\t\t\t\t\t\t\t\t<div class=\"elementor-element elementor-element-566441e3 elementor-widget elementor-widget-text-editor\" data-id=\"566441e3\" data-element_type=\"widget\" data-widget_type=\"text-editor.default\">\n\t\t\t\t<div class=\"elementor-widget-container\">\n\t\t\t<style>\/*! elementor - v3.5.5 - 03-02-2022 *\/\n.elementor-widget-text-editor.elementor-drop-cap-view-stacked .elementor-drop-cap{background-color:#818a91;color:#fff}.elementor-widget-text-editor.elementor-drop-cap-view-framed .elementor-drop-cap{color:#818a91;border:3px solid;background-color:transparent}.elementor-widget-text-editor:not(.elementor-drop-cap-view-default) .elementor-drop-cap{margin-top:8px}.elementor-widget-text-editor:not(.elementor-drop-cap-view-default) .elementor-drop-cap-letter{width:1em;height:1em}.elementor-widget-text-editor .elementor-drop-cap{float:left;text-align:center;line-height:1;font-size:50px}.elementor-widget-text-editor .elementor-drop-cap-letter{display:inline-block}<\/style>\t\t\t\t<p style=\"text-align: justify;\">Nos <strong>services de conseil comptable<\/strong> offrent une gestion compl\u00e8te des besoins financiers de votre entreprise. Nous sommes sp\u00e9cialis\u00e9s dans la supervision des registres comptables officiels, la gestion des \u00e9critures du grand livre g\u00e9n\u00e9ral et la pr\u00e9paration de rapports financiers tels que les comptes de r\u00e9sultat et les comptes de profits et pertes. Notre \u00e9quipe travaille en \u00e9troite collaboration avec le registre du commerce pour garantir le respect de toutes les r\u00e9glementations, vous offrant ainsi une tranquillit\u00e9 d&rsquo;esprit.<\/p><p style=\"text-align: justify;\">Nous adaptons vos plans comptables aux exigences sp\u00e9cifiques de votre entreprise, y compris des syst\u00e8mes de comptabilit\u00e9 analytique sp\u00e9cialis\u00e9s qui fournissent des informations plus approfondies sur vos performances financi\u00e8res. Gr\u00e2ce \u00e0 des audits internes, nous d\u00e9tectons les probl\u00e8mes potentiels et proposons des solutions pour am\u00e9liorer la qualit\u00e9 de votre gestion financi\u00e8re.<\/p><p style=\"text-align: justify;\">Investissez dans la tranquillit\u00e9 d&rsquo;esprit en faisant appel \u00e0 nos services de conseil en droit du travail sp\u00e9cialis\u00e9s. Nous veillerons \u00e0 ce que votre entreprise r\u00e9ponde \u00e0 toutes les exigences comptables, vous permettant de vous concentrer sur la croissance et le d\u00e9veloppement pendant que nous g\u00e9rons les complexit\u00e9s de la gestion financi\u00e8re.<\/p><p style=\"text-align: justify;\">Pour plus de d\u00e9tails sur les normes et r\u00e9glementations comptables, visitez le site <span style=\"color: #a7a7a7;\"><em><a style=\"color: #a7a7a7;\" href=\"https:\/\/www.ifrs.org\/\" data-wplink-edit=\"true\">International Financial Reporting Standards (IFRS)<\/a><\/em><\/span>.<\/p>\t\t\t\t\t\t<\/div>\n\t\t\t\t<\/div>\n\t\t\t\t\t<\/div>\n\t\t<\/div>\n\t\t\t\t\t\t\t<\/div>\n\t\t<\/section>\n\t\t\t\t<section class=\"elementor-section elementor-top-section elementor-element elementor-element-71a6c738 elementor-section-boxed elementor-section-height-default elementor-section-height-default\" data-id=\"71a6c738\" data-element_type=\"section\">\n\t\t\t\t\t\t<div class=\"elementor-container elementor-column-gap-default\">\n\t\t\t\t\t<div class=\"elementor-column elementor-col-100 elementor-top-column elementor-element elementor-element-75881bc3\" data-id=\"75881bc3\" data-element_type=\"column\">\n\t\t\t<div class=\"elementor-widget-wrap elementor-element-populated\">\n\t\t\t\t\t\t\t\t<div class=\"elementor-element elementor-element-6ca24aa6 elementor-widget-divider--view-line elementor-widget elementor-widget-divider\" data-id=\"6ca24aa6\" data-element_type=\"widget\" data-widget_type=\"divider.default\">\n\t\t\t\t<div class=\"elementor-widget-container\">\n\t\t\t<style>\/*! elementor - v3.5.5 - 03-02-2022 *\/\n.elementor-widget-divider{--divider-border-style:none;--divider-border-width:1px;--divider-color:#2c2c2c;--divider-icon-size:20px;--divider-element-spacing:10px;--divider-pattern-height:24px;--divider-pattern-size:20px;--divider-pattern-url:none;--divider-pattern-repeat:repeat-x}.elementor-widget-divider .elementor-divider{display:-webkit-box;display:-ms-flexbox;display:flex}.elementor-widget-divider .elementor-divider__text{font-size:15px;line-height:1;max-width:95%}.elementor-widget-divider .elementor-divider__element{margin:0 var(--divider-element-spacing);-ms-flex-negative:0;flex-shrink:0}.elementor-widget-divider .elementor-icon{font-size:var(--divider-icon-size)}.elementor-widget-divider .elementor-divider-separator{display:-webkit-box;display:-ms-flexbox;display:flex;margin:0;direction:ltr}.elementor-widget-divider--view-line_icon .elementor-divider-separator,.elementor-widget-divider--view-line_text .elementor-divider-separator{-webkit-box-align:center;-ms-flex-align:center;align-items:center}.elementor-widget-divider--view-line_icon .elementor-divider-separator:after,.elementor-widget-divider--view-line_icon .elementor-divider-separator:before,.elementor-widget-divider--view-line_text .elementor-divider-separator:after,.elementor-widget-divider--view-line_text .elementor-divider-separator:before{display:block;content:\"\";border-bottom:0;-webkit-box-flex:1;-ms-flex-positive:1;flex-grow:1;border-top:var(--divider-border-width) var(--divider-border-style) var(--divider-color)}.elementor-widget-divider--element-align-left .elementor-divider .elementor-divider-separator>.elementor-divider__svg:first-of-type{-webkit-box-flex:0;-ms-flex-positive:0;flex-grow:0;-ms-flex-negative:100;flex-shrink:100}.elementor-widget-divider--element-align-left .elementor-divider-separator:before{content:none}.elementor-widget-divider--element-align-left .elementor-divider__element{margin-left:0}.elementor-widget-divider--element-align-right .elementor-divider .elementor-divider-separator>.elementor-divider__svg:last-of-type{-webkit-box-flex:0;-ms-flex-positive:0;flex-grow:0;-ms-flex-negative:100;flex-shrink:100}.elementor-widget-divider--element-align-right .elementor-divider-separator:after{content:none}.elementor-widget-divider--element-align-right .elementor-divider__element{margin-right:0}.elementor-widget-divider:not(.elementor-widget-divider--view-line_text):not(.elementor-widget-divider--view-line_icon) .elementor-divider-separator{border-top:var(--divider-border-width) var(--divider-border-style) var(--divider-color)}.elementor-widget-divider--separator-type-pattern{--divider-border-style:none}.elementor-widget-divider--separator-type-pattern.elementor-widget-divider--view-line .elementor-divider-separator,.elementor-widget-divider--separator-type-pattern:not(.elementor-widget-divider--view-line) .elementor-divider-separator:after,.elementor-widget-divider--separator-type-pattern:not(.elementor-widget-divider--view-line) .elementor-divider-separator:before,.elementor-widget-divider--separator-type-pattern:not([class*=elementor-widget-divider--view]) .elementor-divider-separator{width:100%;min-height:var(--divider-pattern-height);-webkit-mask-size:var(--divider-pattern-size) 100%;mask-size:var(--divider-pattern-size) 100%;-webkit-mask-repeat:var(--divider-pattern-repeat);mask-repeat:var(--divider-pattern-repeat);background-color:var(--divider-color);-webkit-mask-image:var(--divider-pattern-url);mask-image:var(--divider-pattern-url)}.elementor-widget-divider--no-spacing{--divider-pattern-size:auto}.elementor-widget-divider--bg-round{--divider-pattern-repeat:round}.rtl .elementor-widget-divider .elementor-divider__text{direction:rtl}<\/style>\t\t<div class=\"elementor-divider\">\n\t\t\t<span class=\"elementor-divider-separator\">\n\t\t\t\t\t\t<\/span>\n\t\t<\/div>\n\t\t\t\t<\/div>\n\t\t\t\t<\/div>\n\t\t\t\t\t<\/div>\n\t\t<\/div>\n\t\t\t\t\t\t\t<\/div>\n\t\t<\/section>\n\t\t\t\t<section class=\"elementor-section elementor-top-section elementor-element elementor-element-cc4c6f9 elementor-section-boxed elementor-section-height-default elementor-section-height-default\" data-id=\"cc4c6f9\" data-element_type=\"section\">\n\t\t\t\t\t\t<div class=\"elementor-container elementor-column-gap-default\">\n\t\t\t\t\t<div class=\"elementor-column elementor-col-100 elementor-top-column elementor-element elementor-element-59edd051\" data-id=\"59edd051\" data-element_type=\"column\">\n\t\t\t<div class=\"elementor-widget-wrap elementor-element-populated\">\n\t\t\t\t\t\t\t\t<div class=\"elementor-element elementor-element-1d5db9d0 listado-seccion-servicios elementor-widget elementor-widget-text-editor\" data-id=\"1d5db9d0\" data-element_type=\"widget\" data-widget_type=\"text-editor.default\">\n\t\t\t\t<div class=\"elementor-widget-container\">\n\t\t\t\t\t\t\t<ul style=\"list-style-type: '\u25c8';\"><li style=\"padding-left: 10px; text-align: justify;\"><h2>Nous concevrons vos plans comptables.<\/h2><\/li><\/ul><ul style=\"list-style-type: '\u25c8';\"><li style=\"padding-left: 10px; text-align: justify;\"><h2>Syst\u00e8mes de comptabilit\u00e9 analytique sp\u00e9cialis\u00e9s.<\/h2><\/li><\/ul><ul style=\"list-style-type: '\u25c8';\"><li style=\"padding-left: 10px; text-align: justify;\"><h2>Nous effectuons des audits internes afin de d\u00e9tecter d&rsquo;\u00e9ventuelles erreurs et d\u00e9faillances pour am\u00e9liorer votre service.<\/h2><\/li><\/ul><ul style=\"list-style-type: '\u25c8';\"><li style=\"padding-left: 10px; text-align: justify;\"><h2>Investissez en tranquillit\u00e9, engagez votre conseiller en personnel avec les meilleurs.<\/h2><\/li><li style=\"text-align: justify;\"><h2>\u00a0Services de conseil comptable complets pour votre entreprise.<\/h2><\/li><\/ul>\t\t\t\t\t\t<\/div>\n\t\t\t\t<\/div>\n\t\t\t\t\t<\/div>\n\t\t<\/div>\n\t\t\t\t\t\t\t<\/div>\n\t\t<\/section>\n\t\t\t\t<section class=\"elementor-section elementor-top-section elementor-element elementor-element-5bcfb9a elementor-section-boxed elementor-section-height-default elementor-section-height-default\" data-id=\"5bcfb9a\" data-element_type=\"section\">\n\t\t\t\t\t\t<div class=\"elementor-container elementor-column-gap-default\">\n\t\t\t\t\t<div class=\"elementor-column elementor-col-100 elementor-top-column elementor-element elementor-element-60dcd16\" data-id=\"60dcd16\" data-element_type=\"column\">\n\t\t\t<div class=\"elementor-widget-wrap elementor-element-populated\">\n\t\t\t\t\t\t\t\t<div class=\"elementor-element elementor-element-4aaebf7 elementor-widget elementor-widget-heading\" data-id=\"4aaebf7\" data-element_type=\"widget\" data-widget_type=\"heading.default\">\n\t\t\t\t<div class=\"elementor-widget-container\">\n\t\t\t<h2 class=\"elementor-heading-title elementor-size-default\"><a href=\"https:\/\/somniumlegal.com\/fr\/#contact\">Contact<\/a><\/h2>\t\t<\/div>\n\t\t\t\t<\/div>\n\t\t\t\t\t<\/div>\n\t\t<\/div>\n\t\t\t\t\t\t\t<\/div>\n\t\t<\/section>\n\t\t\t\t<section class=\"elementor-section elementor-top-section elementor-element elementor-element-32c6076f elementor-section-boxed elementor-section-height-default elementor-section-height-default\" data-id=\"32c6076f\" data-element_type=\"section\">\n\t\t\t\t\t\t<div class=\"elementor-container elementor-column-gap-default\">\n\t\t\t\t\t<div class=\"elementor-column elementor-col-100 elementor-top-column elementor-element elementor-element-8d5bc24\" data-id=\"8d5bc24\" data-element_type=\"column\">\n\t\t\t<div class=\"elementor-widget-wrap elementor-element-populated\">\n\t\t\t\t\t\t\t\t<div class=\"elementor-element elementor-element-73246822 elementor-widget elementor-widget-image\" data-id=\"73246822\" data-element_type=\"widget\" data-widget_type=\"image.default\">\n\t\t\t\t<div class=\"elementor-widget-container\">\n\t\t\t<style>\/*! elementor - v3.5.5 - 03-02-2022 *\/\n.elementor-widget-image{text-align:center}.elementor-widget-image a{display:inline-block}.elementor-widget-image a img[src$=\".svg\"]{width:48px}.elementor-widget-image img{vertical-align:middle;display:inline-block}<\/style>\t\t\t\t\t\t\t\t\t\t\t\t<img width=\"525\" height=\"350\" src=\"https:\/\/somniumlegal.com\/wp-content\/uploads\/2023\/10\/asesoria-contable-1024x683.jpg\" class=\"attachment-large size-large\" alt=\"asesoria contable\" loading=\"lazy\" sizes=\"100vw\" \/>\t\t\t\t\t\t\t\t\t\t\t\t\t\t\t<\/div>\n\t\t\t\t<\/div>\n\t\t\t\t\t<\/div>\n\t\t<\/div>\n\t\t\t\t\t\t\t<\/div>\n\t\t<\/section>\n\t\t\t\t\t\t<\/div>\n\t\t\t\t\t<\/div>\n\t\t","protected":false},"excerpt":{"rendered":"<p>Conseil comptable Nos services de conseil comptable offrent une gestion compl\u00e8te des besoins financiers de votre entreprise. Nous sommes sp\u00e9cialis\u00e9s dans la supervision des registres comptables officiels, la gestion des \u00e9critures du grand livre g\u00e9n\u00e9ral et la pr\u00e9paration de rapports financiers tels que les comptes de r\u00e9sultat et les comptes de profits et pertes. Notre &hellip; <\/p>\n<p class=\"link-more\"><a href=\"https:\/\/somniumlegal.com\/fr\/conseil-comptable\/\" class=\"more-link\">Continuer la lecture<span class=\"screen-reader-text\"> de &laquo;&nbsp;Conseil comptable&nbsp;&raquo;<\/span><\/a><\/p>\n","protected":false},"author":1,"featured_media":0,"parent":0,"menu_order":0,"comment_status":"closed","ping_status":"closed","template":"elementor_canvas","meta":[],"rttpg_featured_image_url":null,"rttpg_author":{"display_name":"somnium","author_link":"https:\/\/somniumlegal.com\/fr\/author\/somnium\/"},"rttpg_comment":0,"rttpg_category":null,"rttpg_excerpt":"Conseil comptable Nos services de conseil comptable offrent une gestion compl\u00e8te des besoins financiers de votre entreprise. Nous sommes sp\u00e9cialis\u00e9s dans la supervision des registres comptables officiels, la gestion des \u00e9critures du grand livre g\u00e9n\u00e9ral et la pr\u00e9paration de rapports financiers tels que les comptes de r\u00e9sultat et les comptes de profits et pertes. Notre\u2026","_links":{"self":[{"href":"https:\/\/somniumlegal.com\/fr\/wp-json\/wp\/v2\/pages\/794"}],"collection":[{"href":"https:\/\/somniumlegal.com\/fr\/wp-json\/wp\/v2\/pages"}],"about":[{"href":"https:\/\/somniumlegal.com\/fr\/wp-json\/wp\/v2\/types\/page"}],"author":[{"embeddable":true,"href":"https:\/\/somniumlegal.com\/fr\/wp-json\/wp\/v2\/users\/1"}],"replies":[{"embeddable":true,"href":"https:\/\/somniumlegal.com\/fr\/wp-json\/wp\/v2\/comments?post=794"}],"version-history":[{"count":25,"href":"https:\/\/somniumlegal.com\/fr\/wp-json\/wp\/v2\/pages\/794\/revisions"}],"predecessor-version":[{"id":18791,"href":"https:\/\/somniumlegal.com\/fr\/wp-json\/wp\/v2\/pages\/794\/revisions\/18791"}],"wp:attachment":[{"href":"https:\/\/somniumlegal.com\/fr\/wp-json\/wp\/v2\/media?parent=794"}],"curies":[{"name":"wp","href":"https:\/\/api.w.org\/{rel}","templated":true}]}}