{"id":789,"date":"2022-03-01T21:29:39","date_gmt":"2022-03-01T20:29:39","guid":{"rendered":"https:\/\/somniumlegal.com\/blog\/?page_id=789"},"modified":"2023-10-31T19:50:28","modified_gmt":"2023-10-31T18:50:28","slug":"faillite-droit-commercial-et-droit-des-societes","status":"publish","type":"page","link":"https:\/\/somniumlegal.com\/fr\/faillite-droit-commercial-et-droit-des-societes\/","title":{"rendered":"Faillite, droit commercial et droit des soci\u00e9t\u00e9s"},"content":{"rendered":"\t\t<div data-elementor-type=\"wp-page\" data-elementor-id=\"789\" class=\"elementor elementor-789 elementor-441\" data-elementor-settings=\"[]\">\n\t\t\t\t\t\t\t<div class=\"elementor-section-wrap\">\n\t\t\t\t\t\t\t<section class=\"elementor-section elementor-top-section elementor-element elementor-element-56d3f1f0 elementor-section-boxed elementor-section-height-default elementor-section-height-default\" data-id=\"56d3f1f0\" data-element_type=\"section\">\n\t\t\t\t\t\t<div class=\"elementor-container elementor-column-gap-default\">\n\t\t\t\t\t<div class=\"elementor-column elementor-col-100 elementor-top-column elementor-element elementor-element-1e437424\" data-id=\"1e437424\" data-element_type=\"column\">\n\t\t\t<div class=\"elementor-widget-wrap elementor-element-populated\">\n\t\t\t\t\t\t\t\t<div class=\"elementor-element elementor-element-63c7f536 elementor-widget elementor-widget-heading\" data-id=\"63c7f536\" data-element_type=\"widget\" data-widget_type=\"heading.default\">\n\t\t\t\t<div class=\"elementor-widget-container\">\n\t\t\t<style>\/*! elementor - v3.5.5 - 03-02-2022 *\/\n.elementor-heading-title{padding:0;margin:0;line-height:1}.elementor-widget-heading .elementor-heading-title[class*=elementor-size-]>a{color:inherit;font-size:inherit;line-height:inherit}.elementor-widget-heading .elementor-heading-title.elementor-size-small{font-size:15px}.elementor-widget-heading .elementor-heading-title.elementor-size-medium{font-size:19px}.elementor-widget-heading .elementor-heading-title.elementor-size-large{font-size:29px}.elementor-widget-heading .elementor-heading-title.elementor-size-xl{font-size:39px}.elementor-widget-heading .elementor-heading-title.elementor-size-xxl{font-size:59px}<\/style><h1 class=\"elementor-heading-title elementor-size-default\">Faillite, droit commercial et des soci\u00e9t\u00e9s<\/h1>\t\t<\/div>\n\t\t\t\t<\/div>\n\t\t\t\t\t<\/div>\n\t\t<\/div>\n\t\t\t\t\t\t\t<\/div>\n\t\t<\/section>\n\t\t\t\t<section class=\"elementor-section elementor-top-section elementor-element elementor-element-46a859b3 elementor-section-boxed elementor-section-height-default elementor-section-height-default\" data-id=\"46a859b3\" data-element_type=\"section\">\n\t\t\t\t\t\t<div class=\"elementor-container elementor-column-gap-default\">\n\t\t\t\t\t<div class=\"elementor-column elementor-col-100 elementor-top-column elementor-element elementor-element-10baba30\" data-id=\"10baba30\" data-element_type=\"column\">\n\t\t\t<div class=\"elementor-widget-wrap elementor-element-populated\">\n\t\t\t\t\t\t\t\t<div class=\"elementor-element elementor-element-4e82fead elementor-widget-divider--view-line elementor-widget elementor-widget-divider\" data-id=\"4e82fead\" data-element_type=\"widget\" data-widget_type=\"divider.default\">\n\t\t\t\t<div class=\"elementor-widget-container\">\n\t\t\t<style>\/*! elementor - v3.5.5 - 03-02-2022 *\/\n.elementor-widget-divider{--divider-border-style:none;--divider-border-width:1px;--divider-color:#2c2c2c;--divider-icon-size:20px;--divider-element-spacing:10px;--divider-pattern-height:24px;--divider-pattern-size:20px;--divider-pattern-url:none;--divider-pattern-repeat:repeat-x}.elementor-widget-divider .elementor-divider{display:-webkit-box;display:-ms-flexbox;display:flex}.elementor-widget-divider .elementor-divider__text{font-size:15px;line-height:1;max-width:95%}.elementor-widget-divider .elementor-divider__element{margin:0 var(--divider-element-spacing);-ms-flex-negative:0;flex-shrink:0}.elementor-widget-divider .elementor-icon{font-size:var(--divider-icon-size)}.elementor-widget-divider .elementor-divider-separator{display:-webkit-box;display:-ms-flexbox;display:flex;margin:0;direction:ltr}.elementor-widget-divider--view-line_icon .elementor-divider-separator,.elementor-widget-divider--view-line_text .elementor-divider-separator{-webkit-box-align:center;-ms-flex-align:center;align-items:center}.elementor-widget-divider--view-line_icon .elementor-divider-separator:after,.elementor-widget-divider--view-line_icon .elementor-divider-separator:before,.elementor-widget-divider--view-line_text .elementor-divider-separator:after,.elementor-widget-divider--view-line_text .elementor-divider-separator:before{display:block;content:\"\";border-bottom:0;-webkit-box-flex:1;-ms-flex-positive:1;flex-grow:1;border-top:var(--divider-border-width) var(--divider-border-style) var(--divider-color)}.elementor-widget-divider--element-align-left .elementor-divider .elementor-divider-separator>.elementor-divider__svg:first-of-type{-webkit-box-flex:0;-ms-flex-positive:0;flex-grow:0;-ms-flex-negative:100;flex-shrink:100}.elementor-widget-divider--element-align-left .elementor-divider-separator:before{content:none}.elementor-widget-divider--element-align-left .elementor-divider__element{margin-left:0}.elementor-widget-divider--element-align-right .elementor-divider .elementor-divider-separator>.elementor-divider__svg:last-of-type{-webkit-box-flex:0;-ms-flex-positive:0;flex-grow:0;-ms-flex-negative:100;flex-shrink:100}.elementor-widget-divider--element-align-right .elementor-divider-separator:after{content:none}.elementor-widget-divider--element-align-right .elementor-divider__element{margin-right:0}.elementor-widget-divider:not(.elementor-widget-divider--view-line_text):not(.elementor-widget-divider--view-line_icon) .elementor-divider-separator{border-top:var(--divider-border-width) var(--divider-border-style) var(--divider-color)}.elementor-widget-divider--separator-type-pattern{--divider-border-style:none}.elementor-widget-divider--separator-type-pattern.elementor-widget-divider--view-line .elementor-divider-separator,.elementor-widget-divider--separator-type-pattern:not(.elementor-widget-divider--view-line) .elementor-divider-separator:after,.elementor-widget-divider--separator-type-pattern:not(.elementor-widget-divider--view-line) .elementor-divider-separator:before,.elementor-widget-divider--separator-type-pattern:not([class*=elementor-widget-divider--view]) .elementor-divider-separator{width:100%;min-height:var(--divider-pattern-height);-webkit-mask-size:var(--divider-pattern-size) 100%;mask-size:var(--divider-pattern-size) 100%;-webkit-mask-repeat:var(--divider-pattern-repeat);mask-repeat:var(--divider-pattern-repeat);background-color:var(--divider-color);-webkit-mask-image:var(--divider-pattern-url);mask-image:var(--divider-pattern-url)}.elementor-widget-divider--no-spacing{--divider-pattern-size:auto}.elementor-widget-divider--bg-round{--divider-pattern-repeat:round}.rtl .elementor-widget-divider .elementor-divider__text{direction:rtl}<\/style>\t\t<div class=\"elementor-divider\">\n\t\t\t<span class=\"elementor-divider-separator\">\n\t\t\t\t\t\t<\/span>\n\t\t<\/div>\n\t\t\t\t<\/div>\n\t\t\t\t<\/div>\n\t\t\t\t\t<\/div>\n\t\t<\/div>\n\t\t\t\t\t\t\t<\/div>\n\t\t<\/section>\n\t\t\t\t<section class=\"elementor-section elementor-top-section elementor-element elementor-element-57c75869 elementor-section-boxed elementor-section-height-default elementor-section-height-default\" data-id=\"57c75869\" data-element_type=\"section\">\n\t\t\t\t\t\t<div class=\"elementor-container elementor-column-gap-default\">\n\t\t\t\t\t<div class=\"elementor-column elementor-col-100 elementor-top-column elementor-element elementor-element-48a2e1cb\" data-id=\"48a2e1cb\" data-element_type=\"column\">\n\t\t\t<div class=\"elementor-widget-wrap elementor-element-populated\">\n\t\t\t\t\t\t\t\t<div class=\"elementor-element elementor-element-1ed57729 listado-seccion-servicios elementor-widget elementor-widget-text-editor\" data-id=\"1ed57729\" data-element_type=\"widget\" data-widget_type=\"text-editor.default\">\n\t\t\t\t<div class=\"elementor-widget-container\">\n\t\t\t<style>\/*! elementor - v3.5.5 - 03-02-2022 *\/\n.elementor-widget-text-editor.elementor-drop-cap-view-stacked .elementor-drop-cap{background-color:#818a91;color:#fff}.elementor-widget-text-editor.elementor-drop-cap-view-framed .elementor-drop-cap{color:#818a91;border:3px solid;background-color:transparent}.elementor-widget-text-editor:not(.elementor-drop-cap-view-default) .elementor-drop-cap{margin-top:8px}.elementor-widget-text-editor:not(.elementor-drop-cap-view-default) .elementor-drop-cap-letter{width:1em;height:1em}.elementor-widget-text-editor .elementor-drop-cap{float:left;text-align:center;line-height:1;font-size:50px}.elementor-widget-text-editor .elementor-drop-cap-letter{display:inline-block}<\/style>\t\t\t\t<ul style=\"list-style-type: '\u25c8';\">\n    <li style=\"text-align: justify; padding-left: 10px;\">\n        <h2>Conseils et assistance dans la constitution de soci\u00e9t\u00e9s, filiales et succursales.<\/h2>\n    <\/li>\n    <li style=\"text-align: justify; padding-left: 10px;\">\n        <h2>Acquisition et vente de soci\u00e9t\u00e9s, de branches d&rsquo;activit\u00e9s et d&rsquo;actifs.<\/h2>\n    <\/li>\n    <li style=\"text-align: justify; padding-left: 10px;\">\n        <h2>Assistance dans les transactions d&rsquo;entreprises.<\/h2>\n    <\/li>\n    <li style=\"text-align: justify; padding-left: 10px;\">\n        <h2>Achat et vente d&rsquo;actions et de participations.<\/h2>\n    <\/li>\n    <li style=\"text-align: justify; padding-left: 10px;\">\n        <h2>Augmentation\/R\u00e9duction du capital.<\/h2>\n    <\/li>\n    <li style=\"text-align: justify; padding-left: 10px;\">\n        <h2>Fusions et autres modifications structurelles des soci\u00e9t\u00e9s commerciales.<\/h2>\n    <\/li>\n    <li style=\"text-align: justify; padding-left: 10px;\">\n        <h2>Formalisation d&rsquo;accords : coentreprises, partenariats civils et communaut\u00e9 de biens.<\/h2>\n    <\/li>\n    <li style=\"text-align: justify; padding-left: 10px;\">\n        <h2>Conseils et \u00e9laboration de protocoles familiaux.<\/h2>\n    <\/li>\n    <li style=\"text-align: justify; padding-left: 10px;\">\n        <h2>Dissolution et liquidation de soci\u00e9t\u00e9s commerciales.<\/h2>\n    <\/li>\n    <li style=\"text-align: justify; padding-left: 10px;\">\n        <h2>Sp\u00e9cialistes en proc\u00e9dures d&rsquo;insolvabilit\u00e9.<\/h2>\n    <\/li>\n    <li style=\"text-align: justify; padding-left: 10px;\">\n        <h2>Responsabilit\u00e9 des administrateurs de soci\u00e9t\u00e9s.<\/h2>\n    <\/li>\n    <li style=\"text-align: justify; padding-left: 10px;\">\n        <h2>Contestation des r\u00e9solutions de soci\u00e9t\u00e9, d\u00e9fense des int\u00e9r\u00eats des actionnaires minoritaires et de l&rsquo;assembl\u00e9e g\u00e9n\u00e9rale des actionnaires.<\/h2>\n    <\/li>\n    <li style=\"text-align: justify; padding-left: 10px;\">\n        <h2>R\u00e9clamations de dettes et recouvrement de tous types.<\/h2>\n    <\/li>\n    <li style=\"text-align: justify; padding-left: 10px;\">\n        <h2>Contrats de repr\u00e9sentation commerciale et de distribution : contrats d&rsquo;agence, concessions et franchises.<\/h2>\n    <\/li>\n    <li style=\"text-align: justify; padding-left: 10px;\">\n        <h2>Contrats de vente de marchandises au niveau national, intracommunautaire et extracommunautaire.<\/h2>\n    <\/li>\n    <li style=\"text-align: justify; padding-left: 10px;\">\n        <h2>Contrats de propri\u00e9t\u00e9 intellectuelle et industrielle : marques, brevets et mod\u00e8les d&rsquo;utilit\u00e9.<\/h2>\n    <\/li>\n    <li style=\"text-align: justify; padding-left: 10px;\">\n        <h2>Contrats de garantie, contre-garanties, obligations et garanties de change.<\/h2>\n    <\/li>\n    <li style=\"text-align: justify; padding-left: 10px;\">\n        <h2>Contrats de pr\u00eat commercial et de location financi\u00e8re.<\/h2>\n    <\/li>\n    <li style=\"text-align: justify; padding-left: 10px;\">\n        <h2>Contrats de r\u00e9alisation de travaux, de prestation de services, d&rsquo;ing\u00e9nierie et d&rsquo;externalisation.<\/h2>\n    <\/li>\n    <li style=\"text-align: justify; padding-left: 10px;\">\n        <h2>Contrats de transport et de services logistiques.<\/h2>\n    <\/li>\n    <li style=\"text-align: justify; padding-left: 10px;\">\n        <h2>Contrats d&rsquo;acquisition de logiciels, de mat\u00e9riel et de commerce \u00e9lectronique.<\/h2>\n    <\/li>\n    <li style=\"text-align: justify; padding-left: 10px;\">\n        <h2>Tenue des livres comptables de la soci\u00e9t\u00e9.<\/h2>\n    <\/li>\n    <li style=\"text-align: justify; padding-left: 10px;\">\n        <h2>Inscription et proc\u00e9dures aupr\u00e8s du registre du commerce.<\/h2>\n    <\/li>\n<\/ul>\n\t\t\t\t\t\t<\/div>\n\t\t\t\t<\/div>\n\t\t\t\t<div class=\"elementor-element elementor-element-61de50e9 elementor-widget elementor-widget-image\" data-id=\"61de50e9\" data-element_type=\"widget\" data-widget_type=\"image.default\">\n\t\t\t\t<div class=\"elementor-widget-container\">\n\t\t\t<style>\/*! elementor - v3.5.5 - 03-02-2022 *\/\n.elementor-widget-image{text-align:center}.elementor-widget-image a{display:inline-block}.elementor-widget-image a img[src$=\".svg\"]{width:48px}.elementor-widget-image img{vertical-align:middle;display:inline-block}<\/style>\t\t\t\t\t\t\t\t\t\t\t\t<img width=\"525\" height=\"344\" src=\"https:\/\/somniumlegal.com\/wp-content\/uploads\/2023\/10\/derecho-mercantil-1024x671.jpeg\" class=\"attachment-large size-large\" alt=\"Derecho Mercantil: Imagen de una biblioteca jur\u00eddica con un port\u00e1til a la izquierda, dos libros a la derecha y en el centro un libro antiguo abierto.\" loading=\"lazy\" sizes=\"100vw\" \/>\t\t\t\t\t\t\t\t\t\t\t\t\t\t\t<\/div>\n\t\t\t\t<\/div>\n\t\t\t\t\t<\/div>\n\t\t<\/div>\n\t\t\t\t\t\t\t<\/div>\n\t\t<\/section>\n\t\t\t\t\t\t<\/div>\n\t\t\t\t\t<\/div>\n\t\t","protected":false},"excerpt":{"rendered":"<p>Faillite, droit commercial et des soci\u00e9t\u00e9s Conseils et assistance dans la constitution de soci\u00e9t\u00e9s, filiales et succursales. Acquisition et vente de soci\u00e9t\u00e9s, de branches d&rsquo;activit\u00e9s et d&rsquo;actifs. Assistance dans les transactions d&rsquo;entreprises. Achat et vente d&rsquo;actions et de participations. Augmentation\/R\u00e9duction du capital. Fusions et autres modifications structurelles des soci\u00e9t\u00e9s commerciales. Formalisation d&rsquo;accords : coentreprises, partenariats &hellip; <\/p>\n<p class=\"link-more\"><a href=\"https:\/\/somniumlegal.com\/fr\/faillite-droit-commercial-et-droit-des-societes\/\" class=\"more-link\">Continuer la lecture<span class=\"screen-reader-text\"> de &laquo;&nbsp;Faillite, droit commercial et droit des soci\u00e9t\u00e9s&nbsp;&raquo;<\/span><\/a><\/p>\n","protected":false},"author":1,"featured_media":0,"parent":0,"menu_order":0,"comment_status":"closed","ping_status":"closed","template":"elementor_canvas","meta":[],"rttpg_featured_image_url":null,"rttpg_author":{"display_name":"somnium","author_link":"https:\/\/somniumlegal.com\/fr\/author\/somnium\/"},"rttpg_comment":0,"rttpg_category":null,"rttpg_excerpt":"Faillite, droit commercial et des soci\u00e9t\u00e9s Conseils et assistance dans la constitution de soci\u00e9t\u00e9s, filiales et succursales. Acquisition et vente de soci\u00e9t\u00e9s, de branches d&rsquo;activit\u00e9s et d&rsquo;actifs. Assistance dans les transactions d&rsquo;entreprises. Achat et vente d&rsquo;actions et de participations. Augmentation\/R\u00e9duction du capital. Fusions et autres modifications structurelles des soci\u00e9t\u00e9s commerciales. Formalisation d&rsquo;accords : coentreprises, partenariats\u2026","_links":{"self":[{"href":"https:\/\/somniumlegal.com\/fr\/wp-json\/wp\/v2\/pages\/789"}],"collection":[{"href":"https:\/\/somniumlegal.com\/fr\/wp-json\/wp\/v2\/pages"}],"about":[{"href":"https:\/\/somniumlegal.com\/fr\/wp-json\/wp\/v2\/types\/page"}],"author":[{"embeddable":true,"href":"https:\/\/somniumlegal.com\/fr\/wp-json\/wp\/v2\/users\/1"}],"replies":[{"embeddable":true,"href":"https:\/\/somniumlegal.com\/fr\/wp-json\/wp\/v2\/comments?post=789"}],"version-history":[{"count":10,"href":"https:\/\/somniumlegal.com\/fr\/wp-json\/wp\/v2\/pages\/789\/revisions"}],"predecessor-version":[{"id":4861,"href":"https:\/\/somniumlegal.com\/fr\/wp-json\/wp\/v2\/pages\/789\/revisions\/4861"}],"wp:attachment":[{"href":"https:\/\/somniumlegal.com\/fr\/wp-json\/wp\/v2\/media?parent=789"}],"curies":[{"name":"wp","href":"https:\/\/api.w.org\/{rel}","templated":true}]}}