{"id":784,"date":"2022-03-01T21:27:39","date_gmt":"2022-03-01T20:27:39","guid":{"rendered":"https:\/\/somniumlegal.com\/blog\/?page_id=784"},"modified":"2024-10-29T00:09:13","modified_gmt":"2024-10-28T23:09:13","slug":"la-loi-sur-limmigration","status":"publish","type":"page","link":"https:\/\/somniumlegal.com\/fr\/la-loi-sur-limmigration\/","title":{"rendered":"Proc\u00e9dures d&rsquo;immigration"},"content":{"rendered":"\t\t<div data-elementor-type=\"wp-page\" data-elementor-id=\"784\" class=\"elementor elementor-784 elementor-440\" data-elementor-settings=\"[]\">\n\t\t\t\t\t\t\t<div class=\"elementor-section-wrap\">\n\t\t\t\t\t\t\t<section class=\"elementor-section elementor-top-section elementor-element elementor-element-6f02cdc5 elementor-section-boxed elementor-section-height-default elementor-section-height-default\" data-id=\"6f02cdc5\" data-element_type=\"section\">\n\t\t\t\t\t\t<div class=\"elementor-container elementor-column-gap-default\">\n\t\t\t\t\t<div class=\"elementor-column elementor-col-100 elementor-top-column elementor-element elementor-element-66617961\" data-id=\"66617961\" data-element_type=\"column\">\n\t\t\t<div class=\"elementor-widget-wrap elementor-element-populated\">\n\t\t\t\t\t\t\t\t<div class=\"elementor-element elementor-element-334fa4b1 elementor-widget elementor-widget-heading\" data-id=\"334fa4b1\" data-element_type=\"widget\" data-widget_type=\"heading.default\">\n\t\t\t\t<div class=\"elementor-widget-container\">\n\t\t\t<style>\/*! elementor - v3.5.5 - 03-02-2022 *\/\n.elementor-heading-title{padding:0;margin:0;line-height:1}.elementor-widget-heading .elementor-heading-title[class*=elementor-size-]>a{color:inherit;font-size:inherit;line-height:inherit}.elementor-widget-heading .elementor-heading-title.elementor-size-small{font-size:15px}.elementor-widget-heading .elementor-heading-title.elementor-size-medium{font-size:19px}.elementor-widget-heading .elementor-heading-title.elementor-size-large{font-size:29px}.elementor-widget-heading .elementor-heading-title.elementor-size-xl{font-size:39px}.elementor-widget-heading .elementor-heading-title.elementor-size-xxl{font-size:59px}<\/style><h1 class=\"elementor-heading-title elementor-size-default\">Proc\u00e9dures d'immigration<\/h1>\t\t<\/div>\n\t\t\t\t<\/div>\n\t\t\t\t\t<\/div>\n\t\t<\/div>\n\t\t\t\t\t\t\t<\/div>\n\t\t<\/section>\n\t\t\t\t<section class=\"elementor-section elementor-top-section elementor-element elementor-element-2da210f6 elementor-section-boxed elementor-section-height-default elementor-section-height-default\" data-id=\"2da210f6\" data-element_type=\"section\">\n\t\t\t\t\t\t<div class=\"elementor-container elementor-column-gap-default\">\n\t\t\t\t\t<div class=\"elementor-column elementor-col-100 elementor-top-column elementor-element elementor-element-19e6ae3b\" data-id=\"19e6ae3b\" data-element_type=\"column\">\n\t\t\t<div class=\"elementor-widget-wrap elementor-element-populated\">\n\t\t\t\t\t\t\t\t<div class=\"elementor-element elementor-element-5bb81ba7 elementor-widget-divider--view-line elementor-widget elementor-widget-divider\" data-id=\"5bb81ba7\" data-element_type=\"widget\" data-widget_type=\"divider.default\">\n\t\t\t\t<div class=\"elementor-widget-container\">\n\t\t\t<style>\/*! elementor - v3.5.5 - 03-02-2022 *\/\n.elementor-widget-divider{--divider-border-style:none;--divider-border-width:1px;--divider-color:#2c2c2c;--divider-icon-size:20px;--divider-element-spacing:10px;--divider-pattern-height:24px;--divider-pattern-size:20px;--divider-pattern-url:none;--divider-pattern-repeat:repeat-x}.elementor-widget-divider .elementor-divider{display:-webkit-box;display:-ms-flexbox;display:flex}.elementor-widget-divider .elementor-divider__text{font-size:15px;line-height:1;max-width:95%}.elementor-widget-divider .elementor-divider__element{margin:0 var(--divider-element-spacing);-ms-flex-negative:0;flex-shrink:0}.elementor-widget-divider .elementor-icon{font-size:var(--divider-icon-size)}.elementor-widget-divider .elementor-divider-separator{display:-webkit-box;display:-ms-flexbox;display:flex;margin:0;direction:ltr}.elementor-widget-divider--view-line_icon .elementor-divider-separator,.elementor-widget-divider--view-line_text .elementor-divider-separator{-webkit-box-align:center;-ms-flex-align:center;align-items:center}.elementor-widget-divider--view-line_icon .elementor-divider-separator:after,.elementor-widget-divider--view-line_icon .elementor-divider-separator:before,.elementor-widget-divider--view-line_text .elementor-divider-separator:after,.elementor-widget-divider--view-line_text .elementor-divider-separator:before{display:block;content:\"\";border-bottom:0;-webkit-box-flex:1;-ms-flex-positive:1;flex-grow:1;border-top:var(--divider-border-width) var(--divider-border-style) var(--divider-color)}.elementor-widget-divider--element-align-left .elementor-divider .elementor-divider-separator>.elementor-divider__svg:first-of-type{-webkit-box-flex:0;-ms-flex-positive:0;flex-grow:0;-ms-flex-negative:100;flex-shrink:100}.elementor-widget-divider--element-align-left .elementor-divider-separator:before{content:none}.elementor-widget-divider--element-align-left .elementor-divider__element{margin-left:0}.elementor-widget-divider--element-align-right .elementor-divider .elementor-divider-separator>.elementor-divider__svg:last-of-type{-webkit-box-flex:0;-ms-flex-positive:0;flex-grow:0;-ms-flex-negative:100;flex-shrink:100}.elementor-widget-divider--element-align-right .elementor-divider-separator:after{content:none}.elementor-widget-divider--element-align-right .elementor-divider__element{margin-right:0}.elementor-widget-divider:not(.elementor-widget-divider--view-line_text):not(.elementor-widget-divider--view-line_icon) .elementor-divider-separator{border-top:var(--divider-border-width) var(--divider-border-style) var(--divider-color)}.elementor-widget-divider--separator-type-pattern{--divider-border-style:none}.elementor-widget-divider--separator-type-pattern.elementor-widget-divider--view-line .elementor-divider-separator,.elementor-widget-divider--separator-type-pattern:not(.elementor-widget-divider--view-line) .elementor-divider-separator:after,.elementor-widget-divider--separator-type-pattern:not(.elementor-widget-divider--view-line) .elementor-divider-separator:before,.elementor-widget-divider--separator-type-pattern:not([class*=elementor-widget-divider--view]) .elementor-divider-separator{width:100%;min-height:var(--divider-pattern-height);-webkit-mask-size:var(--divider-pattern-size) 100%;mask-size:var(--divider-pattern-size) 100%;-webkit-mask-repeat:var(--divider-pattern-repeat);mask-repeat:var(--divider-pattern-repeat);background-color:var(--divider-color);-webkit-mask-image:var(--divider-pattern-url);mask-image:var(--divider-pattern-url)}.elementor-widget-divider--no-spacing{--divider-pattern-size:auto}.elementor-widget-divider--bg-round{--divider-pattern-repeat:round}.rtl .elementor-widget-divider .elementor-divider__text{direction:rtl}<\/style>\t\t<div class=\"elementor-divider\">\n\t\t\t<span class=\"elementor-divider-separator\">\n\t\t\t\t\t\t<\/span>\n\t\t<\/div>\n\t\t\t\t<\/div>\n\t\t\t\t<\/div>\n\t\t\t\t\t<\/div>\n\t\t<\/div>\n\t\t\t\t\t\t\t<\/div>\n\t\t<\/section>\n\t\t\t\t<section class=\"elementor-section elementor-top-section elementor-element elementor-element-6984c939 elementor-section-boxed elementor-section-height-default elementor-section-height-default\" data-id=\"6984c939\" data-element_type=\"section\">\n\t\t\t\t\t\t<div class=\"elementor-container elementor-column-gap-default\">\n\t\t\t\t\t<div class=\"elementor-column elementor-col-100 elementor-top-column elementor-element elementor-element-4280dcfe\" data-id=\"4280dcfe\" data-element_type=\"column\">\n\t\t\t<div class=\"elementor-widget-wrap elementor-element-populated\">\n\t\t\t\t\t\t\t\t<div class=\"elementor-element elementor-element-59c43b05 listado-seccion-servicios elementor-widget elementor-widget-text-editor\" data-id=\"59c43b05\" data-element_type=\"widget\" data-widget_type=\"text-editor.default\">\n\t\t\t\t<div class=\"elementor-widget-container\">\n\t\t\t<style>\/*! elementor - v3.5.5 - 03-02-2022 *\/\n.elementor-widget-text-editor.elementor-drop-cap-view-stacked .elementor-drop-cap{background-color:#818a91;color:#fff}.elementor-widget-text-editor.elementor-drop-cap-view-framed .elementor-drop-cap{color:#818a91;border:3px solid;background-color:transparent}.elementor-widget-text-editor:not(.elementor-drop-cap-view-default) .elementor-drop-cap{margin-top:8px}.elementor-widget-text-editor:not(.elementor-drop-cap-view-default) .elementor-drop-cap-letter{width:1em;height:1em}.elementor-widget-text-editor .elementor-drop-cap{float:left;text-align:center;line-height:1;font-size:50px}.elementor-widget-text-editor .elementor-drop-cap-letter{display:inline-block}<\/style>\t\t\t\t<ul style=\"list-style-type: '\u25c8';\">\n    <li style=\"text-align: justify; padding-left: 10px;\">\n        <h2>Traitement des permis de s\u00e9jour.<\/h2>\n    <\/li>\n    <li style=\"text-align: justify; padding-left: 10px;\">\n        <h2>Services de conseil li\u00e9s \u00e0 l&rsquo;expatriation et aux processus d&rsquo;immigration.<\/h2>\n    <\/li>\n    <li style=\"text-align: justify; padding-left: 10px;\">\n        <h2>Gestion des permis de travail en Espagne.<\/h2>\n    <\/li>\n    <li style=\"text-align: justify; padding-left: 10px;\">\n        <h2>Lettres d&rsquo;invitation.<\/h2>\n    <\/li>\n    <li style=\"text-align: justify; padding-left: 10px;\">\n        <h2>R\u00e9gime non-UE :<\/h2>\n        <ul style=\"list-style-type: '\u25a0';\">\n            <li style=\"text-align: justify; padding-left: 10px;\">\n                <h2>Proc\u00e9dures de regroupement familial.<\/h2>\n            <\/li>\n            <li style=\"text-align: justify; padding-left: 10px;\">\n                <h2>R\u00e9sidence par \u00e9tablissement : (Sociale, emploi, famille).<\/h2>\n            <\/li>\n            <li style=\"text-align: justify; padding-left: 10px;\">\n                <h2>R\u00e9sidence \u00e0 but non lucratif.<\/h2>\n            <\/li>\n            <li style=\"text-align: justify; padding-left: 10px;\">\n                <h2>R\u00e9sidence temporaire et travail pour la recherche.<\/h2>\n            <\/li>\n            <li style=\"text-align: justify; padding-left: 10px;\">\n                <h2>R\u00e9sidence ind\u00e9pendante des membres de la famille r\u00e9unifi\u00e9s.<\/h2>\n            <\/li>\n            <li style=\"text-align: justify; padding-left: 10px;\">\n                <h2>R\u00e9sidence temporaire et travail d&rsquo;une dur\u00e9e d\u00e9termin\u00e9e. Cadres sup\u00e9rieurs, sportifs ou artistes d&rsquo;\u00e9lite.<\/h2>\n            <\/li>\n            <li style=\"text-align: justify; padding-left: 10px;\">\n                <h2>Autorisation initiale de r\u00e9sidence et de travail pour autrui\/en son propre nom.<\/h2>\n            <\/li>\n            <li style=\"text-align: justify; padding-left: 10px;\">\n                <h2>Modification de l&rsquo;autorisation de r\u00e9sidence en autorisation de r\u00e9sidence et de travail.<\/h2>\n            <\/li>\n            <li style=\"text-align: justify; padding-left: 10px;\">\n                <h2>Modification de l&rsquo;autorisation de r\u00e9sidence et de travail en raison d&rsquo;un changement de secteur ou de zone g\u00e9ographique.<\/h2>\n            <\/li>\n            <li style=\"text-align: justify; padding-left: 10px;\">\n                <h2>Modification de l&rsquo;autorisation de r\u00e9sidence et de travail d&rsquo;un emploi salari\u00e9 \u00e0 un travail ind\u00e9pendant.<\/h2>\n            <\/li>\n            <li style=\"text-align: justify; padding-left: 10px;\">\n                <h2>Renouvellement de l&rsquo;autorisation de r\u00e9sidence.<\/h2>\n            <\/li>\n            <li style=\"text-align: justify; padding-left: 10px;\">\n                <h2>Renouvellement de l&rsquo;autorisation de r\u00e9sidence et de travail.<\/h2>\n            <\/li>\n            <li style=\"text-align: justify; padding-left: 10px;\">\n                <h2>Renouvellement de la r\u00e9sidence temporaire pour le regroupement familial.<\/h2>\n            <\/li>\n            <li style=\"text-align: justify; padding-left: 10px;\">\n                <h2>Autorisation de r\u00e9sidence et exception \u00e0 l&rsquo;autorisation de travail.<\/h2>\n            <\/li>\n            <li style=\"text-align: justify; padding-left: 10px;\">\n                <h2>Renouvellement de la r\u00e9sidence temporaire et du travail pour la recherche.<\/h2>\n            <\/li>\n            <li style=\"text-align: justify; padding-left: 10px;\">\n                <h2>Mobilit\u00e9 des \u00e9trangers admis en tant que chercheurs dans les \u00c9tats membres de l&rsquo;UE.<\/h2>\n            <\/li>\n            <li style=\"text-align: justify; padding-left: 10px;\">\n                <h2>Autorisation de travail saisonnier ou de campagne dans le cadre de la prestation transnationale de services.<\/h2>\n            <\/li>\n            <li style=\"text-align: justify; padding-left: 10px;\">\n                <h2>R\u00e9sidence temporaire et travail dans le cadre de la prestation transnationale de services.<\/h2>\n            <\/li>\n            <li style=\"text-align: justify; padding-left: 10px;\">\n                <h2>Demande d&rsquo;un permis de s\u00e9jour pour \u00e9tudes.<\/h2>\n            <\/li>\n            <li style=\"text-align: justify; padding-left: 10px;\">\n                <h2>Renouvellement du permis de s\u00e9jour \u00e9tudiant.<\/h2>\n            <\/li>\n            <li style=\"text-align: justify; padding-left: 10px;\">\n                <h2>Autorisation de travail pour les \u00e9tudiants.<\/h2>\n            <\/li>\n            <li style=\"text-align: justify; padding-left: 10px;\">\n                <h2>Regroupement familial des \u00e9tudiants.<\/h2>\n            <\/li>\n            <li style=\"text-align: justify; padding-left: 10px;\">\n                <h2>Modification de la carte de r\u00e9sidence pour les \u00e9tudiants.<\/h2>\n            <\/li>\n            <li style=\"text-align: justify; padding-left: 10px;\">\n                <h2>Formation ou stages non r\u00e9mun\u00e9r\u00e9s.<\/h2>\n            <\/li>\n        <\/ul>\n    <\/li>\n    <li style=\"text-align: justify; padding-left: 10px;\">\n        <h2>R\u00e9gime de l&rsquo;UE :<\/h2>\n        <ul style=\"list-style-type: '\u25a0';\">\n            <li style=\"text-align: justify; padding-left: 10px;\">\n                <h2>Demande de carte de membre de la famille d&rsquo;un citoyen de l&rsquo;Union.<\/h2>\n            <\/li>\n            <li style=\"text-align: justify; padding-left: 10px;\">\n                <h2>Renouvellement de la carte de membre de la famille d&rsquo;un citoyen de l&rsquo;Union.<\/h2>\n            <\/li>\n            <li style=\"text-align: justify; padding-left: 10px;\">\n                <h2>Inscription au Registre central des \u00e9trangers.<\/h2>\n            <\/li>\n            <li style=\"text-align: justify; padding-left: 10px;\">\n                <h2>Regroupement en vertu du r\u00e9gime de l&rsquo;UE.<\/h2>\n            <\/li>\n            <li style=\"text-align: justify; padding-left: 10px;\">\n                <h2>Modification de la carte de membre de la famille d&rsquo;un citoyen de l&rsquo;Union au r\u00e9gime g\u00e9n\u00e9ral.<\/h2>\n            <\/li>\n            <li style=\"text-align: justify; padding-left: 10px;\">\n                <h2>Changement du r\u00e9gime de l&rsquo;UE \u00e0 la situation de r\u00e9sidence \u00e0 but non lucratif.<\/h2>\n            <\/li>\n            <li style=\"text-align: justify; padding-left: 10px;\">\n                <h2>Changement du r\u00e9gime de l&rsquo;UE au r\u00e9gime de r\u00e9sidence et de travail pour autrui.<\/h2>\n            <\/li>\n            <li style=\"text-align: justify; padding-left: 10px;\">\n                <h2>Changement du r\u00e9gime de l&rsquo;UE \u00e0 la situation de r\u00e9sidence avec une exception de l&rsquo;autorisation de travail.<\/h2>\n            <\/li>\n            <li style=\"text-align: justify; padding-left: 10px;\">\n                <h2>Changement du r\u00e9gime de l&rsquo;UE \u00e0 la situation de r\u00e9sidence \u00e0 but non lucratif.<\/h2>\n            <\/li>\n        <\/ul>\n    <\/li>\n    <li style=\"text-align: justify; padding-left: 10px;\">\n        <h2>Recours :<\/h2>\n        <ul style=\"list-style-type: '\u25a0';\">\n            <li style=\"text-align: justify; padding-left: 10px;\">\n                <h2>R\u00e9clamation de responsabilit\u00e9 financi\u00e8re contre l&rsquo;Administration.<\/h2>\n            <\/li>\n            <li style=\"text-align: justify; padding-left: 10px;\">\n                <h2>Recours (r\u00e9examen, appel et\/ou r\u00e9vision extraordinaire) aupr\u00e8s de tout organe administratif.<\/h2>\n            <\/li>\n            <li style=\"text-align: justify; padding-left: 10px;\">\n                <h2>Recours devant toute autorit\u00e9 judiciaire espagnole.<\/h2>\n            <\/li>\n            <li style=\"text-align: justify; padding-left: 10px;\">\n                <h2>Opposition aux propositions d&rsquo;expulsion.<\/h2>\n            <\/li>\n            <li style=\"text-align: justify; padding-left: 10px;\">\n                <h2>Recours en r\u00e9examen contre le d\u00e9cret d&rsquo;expulsion.<\/h2>\n            <\/li>\n            <li style=\"text-align: justify; padding-left: 10px;\">\n                <h2>D\u00e9fense dans le cadre de proc\u00e9dures de sanction pour des violations de la l\u00e9gislation sur l&rsquo;immigration en mati\u00e8re de droit du travail.<\/h2>\n            <\/li>\n        <\/ul>\n    <\/li>\n    <li style=\"text-align: justify; padding-left: 10px;\">\n        <h2>Nationalit\u00e9 :<\/h2>\n        <ul style=\"list-style-type: '\u25a0';\">\n            <li style=\"text-align: justify; padding-left: 10px;\">\n                <h2>Demande de nationalit\u00e9 bas\u00e9e sur la r\u00e9sidence aupr\u00e8s du registre civil.<\/h2>\n            <\/li>\n            <li style=\"text-align: justify; padding-left: 10px;\">\n                                <h2>Traitement du rapport de nationalit\u00e9 au commissariat de police.<\/h2>\n            <\/li>\n            <li style=\"text-align: justify; padding-left: 10px;\">\n                <h2>Acceptation de la nationalit\u00e9.<\/h2>\n            <\/li>\n            <li style=\"text-align: justify; padding-left: 10px;\">\n                <h2>Proc\u00e9dures de nationalit\u00e9 bas\u00e9es sur l&rsquo;option.<\/h2>\n            <\/li>\n            <li style=\"text-align: justify; padding-left: 10px;\">\n                <h2>Proc\u00e9dures de nationalit\u00e9 ayant la valeur d&rsquo;une simple pr\u00e9somption.<\/h2>\n            <\/li>\n            <li style=\"text-align: justify; padding-left: 10px;\">\n                <h2>Correction des certificats de naissance.<\/h2>\n            <\/li>\n            <li style=\"text-align: justify; padding-left: 10px;\">\n                <h2>Proc\u00e9dures de mariage civil.<\/h2>\n            <\/li>\n            <li style=\"text-align: justify; padding-left: 10px;\">\n                <h2>Inscription des mariages c\u00e9l\u00e9br\u00e9s en dehors de l&rsquo;Espagne.<\/h2>\n            <\/li>\n            <li style=\"text-align: justify; padding-left: 10px;\">\n                <h2>Recours contre les refus de demande de nationalit\u00e9.<\/h2>\n            <\/li>\n            <li style=\"text-align: justify; padding-left: 10px;\">\n                <h2>Transfert des proc\u00e9dures du Registre civil central au registre local.<\/h2>\n            <\/li>\n        <\/ul>\n    <\/li>\n<\/ul>\t\t\t\t\t\t<\/div>\n\t\t\t\t<\/div>\n\t\t\t\t<div class=\"elementor-element elementor-element-31f8c88c elementor-widget elementor-widget-image\" data-id=\"31f8c88c\" data-element_type=\"widget\" data-widget_type=\"image.default\">\n\t\t\t\t<div class=\"elementor-widget-container\">\n\t\t\t<style>\/*! elementor - v3.5.5 - 03-02-2022 *\/\n.elementor-widget-image{text-align:center}.elementor-widget-image a{display:inline-block}.elementor-widget-image a img[src$=\".svg\"]{width:48px}.elementor-widget-image img{vertical-align:middle;display:inline-block}<\/style>\t\t\t\t\t\t\t\t\t\t\t\t<img width=\"360\" height=\"240\" src=\"https:\/\/somniumlegal.com\/wp-content\/uploads\/2023\/10\/tramites-de-extranjeria.jpg\" class=\"attachment-large size-large\" alt=\"tramites de extranjeria\" loading=\"lazy\" sizes=\"100vw\" \/>\t\t\t\t\t\t\t\t\t\t\t\t\t\t\t<\/div>\n\t\t\t\t<\/div>\n\t\t\t\t\t<\/div>\n\t\t<\/div>\n\t\t\t\t\t\t\t<\/div>\n\t\t<\/section>\n\t\t\t\t\t\t<\/div>\n\t\t\t\t\t<\/div>\n\t\t","protected":false},"excerpt":{"rendered":"<p>Proc\u00e9dures d&rsquo;immigration Traitement des permis de s\u00e9jour. Services de conseil li\u00e9s \u00e0 l&rsquo;expatriation et aux processus d&rsquo;immigration. Gestion des permis de travail en Espagne. Lettres d&rsquo;invitation. R\u00e9gime non-UE : Proc\u00e9dures de regroupement familial. R\u00e9sidence par \u00e9tablissement : (Sociale, emploi, famille). R\u00e9sidence \u00e0 but non lucratif. R\u00e9sidence temporaire et travail pour la recherche. R\u00e9sidence ind\u00e9pendante des &hellip; <\/p>\n<p class=\"link-more\"><a href=\"https:\/\/somniumlegal.com\/fr\/la-loi-sur-limmigration\/\" class=\"more-link\">Continuer la lecture<span class=\"screen-reader-text\"> de &laquo;&nbsp;Proc\u00e9dures d&rsquo;immigration&nbsp;&raquo;<\/span><\/a><\/p>\n","protected":false},"author":1,"featured_media":0,"parent":0,"menu_order":0,"comment_status":"closed","ping_status":"closed","template":"elementor_canvas","meta":[],"rttpg_featured_image_url":null,"rttpg_author":{"display_name":"somnium","author_link":"https:\/\/somniumlegal.com\/fr\/author\/somnium\/"},"rttpg_comment":0,"rttpg_category":null,"rttpg_excerpt":"Proc\u00e9dures d&rsquo;immigration Traitement des permis de s\u00e9jour. Services de conseil li\u00e9s \u00e0 l&rsquo;expatriation et aux processus d&rsquo;immigration. Gestion des permis de travail en Espagne. Lettres d&rsquo;invitation. R\u00e9gime non-UE : Proc\u00e9dures de regroupement familial. R\u00e9sidence par \u00e9tablissement : (Sociale, emploi, famille). R\u00e9sidence \u00e0 but non lucratif. R\u00e9sidence temporaire et travail pour la recherche. R\u00e9sidence ind\u00e9pendante des\u2026","_links":{"self":[{"href":"https:\/\/somniumlegal.com\/fr\/wp-json\/wp\/v2\/pages\/784"}],"collection":[{"href":"https:\/\/somniumlegal.com\/fr\/wp-json\/wp\/v2\/pages"}],"about":[{"href":"https:\/\/somniumlegal.com\/fr\/wp-json\/wp\/v2\/types\/page"}],"author":[{"embeddable":true,"href":"https:\/\/somniumlegal.com\/fr\/wp-json\/wp\/v2\/users\/1"}],"replies":[{"embeddable":true,"href":"https:\/\/somniumlegal.com\/fr\/wp-json\/wp\/v2\/comments?post=784"}],"version-history":[{"count":14,"href":"https:\/\/somniumlegal.com\/fr\/wp-json\/wp\/v2\/pages\/784\/revisions"}],"predecessor-version":[{"id":18866,"href":"https:\/\/somniumlegal.com\/fr\/wp-json\/wp\/v2\/pages\/784\/revisions\/18866"}],"wp:attachment":[{"href":"https:\/\/somniumlegal.com\/fr\/wp-json\/wp\/v2\/media?parent=784"}],"curies":[{"name":"wp","href":"https:\/\/api.w.org\/{rel}","templated":true}]}}