{"id":5070,"date":"2023-10-25T21:27:30","date_gmt":"2023-10-25T19:27:30","guid":{"rendered":"https:\/\/somniumlegal.com\/?page_id=5070"},"modified":"2024-10-29T00:12:30","modified_gmt":"2024-10-28T23:12:30","slug":"evaluations-et-mesures","status":"publish","type":"page","link":"https:\/\/somniumlegal.com\/fr\/evaluations-et-mesures\/","title":{"rendered":"\u00c9valuations et mesures"},"content":{"rendered":"\t\t<div data-elementor-type=\"wp-page\" data-elementor-id=\"5070\" class=\"elementor elementor-5070 elementor-3842\" data-elementor-settings=\"[]\">\n\t\t\t\t\t\t\t<div class=\"elementor-section-wrap\">\n\t\t\t\t\t\t\t<section class=\"elementor-section elementor-top-section elementor-element elementor-element-51caff29 elementor-section-boxed elementor-section-height-default elementor-section-height-default\" data-id=\"51caff29\" data-element_type=\"section\">\n\t\t\t\t\t\t<div class=\"elementor-container elementor-column-gap-default\">\n\t\t\t\t\t<div class=\"elementor-column elementor-col-100 elementor-top-column elementor-element elementor-element-23114362\" data-id=\"23114362\" data-element_type=\"column\">\n\t\t\t<div class=\"elementor-widget-wrap elementor-element-populated\">\n\t\t\t\t\t\t\t\t<div class=\"elementor-element elementor-element-3641467c elementor-widget elementor-widget-heading\" data-id=\"3641467c\" data-element_type=\"widget\" data-widget_type=\"heading.default\">\n\t\t\t\t<div class=\"elementor-widget-container\">\n\t\t\t<style>\/*! elementor - v3.5.5 - 03-02-2022 *\/\n.elementor-heading-title{padding:0;margin:0;line-height:1}.elementor-widget-heading .elementor-heading-title[class*=elementor-size-]>a{color:inherit;font-size:inherit;line-height:inherit}.elementor-widget-heading .elementor-heading-title.elementor-size-small{font-size:15px}.elementor-widget-heading .elementor-heading-title.elementor-size-medium{font-size:19px}.elementor-widget-heading .elementor-heading-title.elementor-size-large{font-size:29px}.elementor-widget-heading .elementor-heading-title.elementor-size-xl{font-size:39px}.elementor-widget-heading .elementor-heading-title.elementor-size-xxl{font-size:59px}<\/style><h1 class=\"elementor-heading-title elementor-size-default\">\u00c9valuations et mesures<\/h1>\t\t<\/div>\n\t\t\t\t<\/div>\n\t\t\t\t\t<\/div>\n\t\t<\/div>\n\t\t\t\t\t\t\t<\/div>\n\t\t<\/section>\n\t\t\t\t<section class=\"elementor-section elementor-top-section elementor-element elementor-element-721b6257 elementor-section-boxed elementor-section-height-default elementor-section-height-default\" data-id=\"721b6257\" data-element_type=\"section\">\n\t\t\t\t\t\t<div class=\"elementor-container elementor-column-gap-default\">\n\t\t\t\t\t<div class=\"elementor-column elementor-col-100 elementor-top-column elementor-element elementor-element-145555a6\" data-id=\"145555a6\" data-element_type=\"column\">\n\t\t\t<div class=\"elementor-widget-wrap elementor-element-populated\">\n\t\t\t\t\t\t\t\t<div class=\"elementor-element elementor-element-5318039f elementor-widget-divider--view-line elementor-widget elementor-widget-divider\" data-id=\"5318039f\" data-element_type=\"widget\" data-widget_type=\"divider.default\">\n\t\t\t\t<div class=\"elementor-widget-container\">\n\t\t\t<style>\/*! elementor - v3.5.5 - 03-02-2022 *\/\n.elementor-widget-divider{--divider-border-style:none;--divider-border-width:1px;--divider-color:#2c2c2c;--divider-icon-size:20px;--divider-element-spacing:10px;--divider-pattern-height:24px;--divider-pattern-size:20px;--divider-pattern-url:none;--divider-pattern-repeat:repeat-x}.elementor-widget-divider .elementor-divider{display:-webkit-box;display:-ms-flexbox;display:flex}.elementor-widget-divider .elementor-divider__text{font-size:15px;line-height:1;max-width:95%}.elementor-widget-divider .elementor-divider__element{margin:0 var(--divider-element-spacing);-ms-flex-negative:0;flex-shrink:0}.elementor-widget-divider .elementor-icon{font-size:var(--divider-icon-size)}.elementor-widget-divider .elementor-divider-separator{display:-webkit-box;display:-ms-flexbox;display:flex;margin:0;direction:ltr}.elementor-widget-divider--view-line_icon .elementor-divider-separator,.elementor-widget-divider--view-line_text .elementor-divider-separator{-webkit-box-align:center;-ms-flex-align:center;align-items:center}.elementor-widget-divider--view-line_icon .elementor-divider-separator:after,.elementor-widget-divider--view-line_icon .elementor-divider-separator:before,.elementor-widget-divider--view-line_text .elementor-divider-separator:after,.elementor-widget-divider--view-line_text .elementor-divider-separator:before{display:block;content:\"\";border-bottom:0;-webkit-box-flex:1;-ms-flex-positive:1;flex-grow:1;border-top:var(--divider-border-width) var(--divider-border-style) var(--divider-color)}.elementor-widget-divider--element-align-left .elementor-divider .elementor-divider-separator>.elementor-divider__svg:first-of-type{-webkit-box-flex:0;-ms-flex-positive:0;flex-grow:0;-ms-flex-negative:100;flex-shrink:100}.elementor-widget-divider--element-align-left .elementor-divider-separator:before{content:none}.elementor-widget-divider--element-align-left .elementor-divider__element{margin-left:0}.elementor-widget-divider--element-align-right .elementor-divider .elementor-divider-separator>.elementor-divider__svg:last-of-type{-webkit-box-flex:0;-ms-flex-positive:0;flex-grow:0;-ms-flex-negative:100;flex-shrink:100}.elementor-widget-divider--element-align-right .elementor-divider-separator:after{content:none}.elementor-widget-divider--element-align-right .elementor-divider__element{margin-right:0}.elementor-widget-divider:not(.elementor-widget-divider--view-line_text):not(.elementor-widget-divider--view-line_icon) .elementor-divider-separator{border-top:var(--divider-border-width) var(--divider-border-style) var(--divider-color)}.elementor-widget-divider--separator-type-pattern{--divider-border-style:none}.elementor-widget-divider--separator-type-pattern.elementor-widget-divider--view-line .elementor-divider-separator,.elementor-widget-divider--separator-type-pattern:not(.elementor-widget-divider--view-line) .elementor-divider-separator:after,.elementor-widget-divider--separator-type-pattern:not(.elementor-widget-divider--view-line) .elementor-divider-separator:before,.elementor-widget-divider--separator-type-pattern:not([class*=elementor-widget-divider--view]) .elementor-divider-separator{width:100%;min-height:var(--divider-pattern-height);-webkit-mask-size:var(--divider-pattern-size) 100%;mask-size:var(--divider-pattern-size) 100%;-webkit-mask-repeat:var(--divider-pattern-repeat);mask-repeat:var(--divider-pattern-repeat);background-color:var(--divider-color);-webkit-mask-image:var(--divider-pattern-url);mask-image:var(--divider-pattern-url)}.elementor-widget-divider--no-spacing{--divider-pattern-size:auto}.elementor-widget-divider--bg-round{--divider-pattern-repeat:round}.rtl .elementor-widget-divider .elementor-divider__text{direction:rtl}<\/style>\t\t<div class=\"elementor-divider\">\n\t\t\t<span class=\"elementor-divider-separator\">\n\t\t\t\t\t\t<\/span>\n\t\t<\/div>\n\t\t\t\t<\/div>\n\t\t\t\t<\/div>\n\t\t\t\t\t<\/div>\n\t\t<\/div>\n\t\t\t\t\t\t\t<\/div>\n\t\t<\/section>\n\t\t\t\t<section class=\"elementor-section elementor-top-section elementor-element elementor-element-680cc5f2 elementor-section-boxed elementor-section-height-default elementor-section-height-default\" data-id=\"680cc5f2\" data-element_type=\"section\">\n\t\t\t\t\t\t<div class=\"elementor-container elementor-column-gap-default\">\n\t\t\t\t\t<div class=\"elementor-column elementor-col-100 elementor-top-column elementor-element elementor-element-52059806\" data-id=\"52059806\" data-element_type=\"column\">\n\t\t\t<div class=\"elementor-widget-wrap elementor-element-populated\">\n\t\t\t\t\t\t\t\t<div class=\"elementor-element elementor-element-426a6fee listado-seccion-servicios elementor-widget elementor-widget-text-editor\" data-id=\"426a6fee\" data-element_type=\"widget\" data-widget_type=\"text-editor.default\">\n\t\t\t\t<div class=\"elementor-widget-container\">\n\t\t\t<style>\/*! elementor - v3.5.5 - 03-02-2022 *\/\n.elementor-widget-text-editor.elementor-drop-cap-view-stacked .elementor-drop-cap{background-color:#818a91;color:#fff}.elementor-widget-text-editor.elementor-drop-cap-view-framed .elementor-drop-cap{color:#818a91;border:3px solid;background-color:transparent}.elementor-widget-text-editor:not(.elementor-drop-cap-view-default) .elementor-drop-cap{margin-top:8px}.elementor-widget-text-editor:not(.elementor-drop-cap-view-default) .elementor-drop-cap-letter{width:1em;height:1em}.elementor-widget-text-editor .elementor-drop-cap{float:left;text-align:center;line-height:1;font-size:50px}.elementor-widget-text-editor .elementor-drop-cap-letter{display:inline-block}<\/style>\t\t\t\t<ul style=\"list-style-type: '\u25c8';\">\n \t<li style=\"padding-left: 10px;\">\n<h2>\u00c9valuations de Biens Immobiliers :<\/h2>\n<ul style=\"list-style-type: '\u25a0';\">\n \t<li style=\"padding-left: 10px; text-align: justify;\">\n<h2>Nous proposons des services professionnels d&rsquo;\u00e9valuation de biens immobiliers commerciaux et r\u00e9sidentiels. Nos avocats et \u00e9conomistes sont form\u00e9s pour effectuer des \u00e9valuations pr\u00e9cises de la valeur marchande des biens immobiliers.<\/h2>\n<\/li>\n<\/ul>\n<\/li>\n \t<li style=\"text-align: justify; padding-left: 10px;\">\n<h2>Mesures et \u00c9valuations Fiscales :<\/h2>\n<ul style=\"list-style-type: '\u25a0';\">\n \t<li style=\"padding-left: 10px;\">\n<h2>Nous fournissons des mesures et des \u00e9valuations fiscales compl\u00e8tes pour aider nos clients \u00e0 respecter les exigences l\u00e9gales et fiscales. Notre \u00e9quipe est hautement qualifi\u00e9e pour effectuer des calculs pr\u00e9cis et pr\u00e9parer la documentation appropri\u00e9e.<\/h2>\n<\/li>\n<\/ul>\n<\/li>\n<\/ul>\t\t\t\t\t\t<\/div>\n\t\t\t\t<\/div>\n\t\t\t\t<div class=\"elementor-element elementor-element-2495d611 elementor-widget elementor-widget-image\" data-id=\"2495d611\" data-element_type=\"widget\" data-widget_type=\"image.default\">\n\t\t\t\t<div class=\"elementor-widget-container\">\n\t\t\t<style>\/*! elementor - v3.5.5 - 03-02-2022 *\/\n.elementor-widget-image{text-align:center}.elementor-widget-image a{display:inline-block}.elementor-widget-image a img[src$=\".svg\"]{width:48px}.elementor-widget-image img{vertical-align:middle;display:inline-block}<\/style>\t\t\t\t\t\t\t\t\t\t\t\t<img width=\"512\" height=\"512\" src=\"https:\/\/somniumlegal.com\/wp-content\/uploads\/2023\/10\/tasaciones-y-mediciones.jpg\" class=\"attachment-large size-large\" alt=\"Tasaciones y Mediciones: Imagen de una maqueta de casa apoyada en planos, con l\u00e1piz, posits, calculadora, gafas, blog de notas y pegatina de ahorro energ\u00e9tico sobre la mesa.\" loading=\"lazy\" sizes=\"100vw\" \/>\t\t\t\t\t\t\t\t\t\t\t\t\t\t\t<\/div>\n\t\t\t\t<\/div>\n\t\t\t\t\t<\/div>\n\t\t<\/div>\n\t\t\t\t\t\t\t<\/div>\n\t\t<\/section>\n\t\t\t\t\t\t<\/div>\n\t\t\t\t\t<\/div>\n\t\t","protected":false},"excerpt":{"rendered":"<p>\u00c9valuations et mesures \u00c9valuations de Biens Immobiliers : Nous proposons des services professionnels d&rsquo;\u00e9valuation de biens immobiliers commerciaux et r\u00e9sidentiels. Nos avocats et \u00e9conomistes sont form\u00e9s pour effectuer des \u00e9valuations pr\u00e9cises de la valeur marchande des biens immobiliers. Mesures et \u00c9valuations Fiscales : Nous fournissons des mesures et des \u00e9valuations fiscales compl\u00e8tes pour aider nos &hellip; <\/p>\n<p class=\"link-more\"><a href=\"https:\/\/somniumlegal.com\/fr\/evaluations-et-mesures\/\" class=\"more-link\">Continuer la lecture<span class=\"screen-reader-text\"> de &laquo;&nbsp;\u00c9valuations et mesures&nbsp;&raquo;<\/span><\/a><\/p>\n","protected":false},"author":2,"featured_media":0,"parent":0,"menu_order":0,"comment_status":"closed","ping_status":"closed","template":"elementor_canvas","meta":[],"rttpg_featured_image_url":null,"rttpg_author":{"display_name":"Sominium Solicitors","author_link":"https:\/\/somniumlegal.com\/fr\/author\/somnium-solicitosr\/"},"rttpg_comment":0,"rttpg_category":null,"rttpg_excerpt":"\u00c9valuations et mesures \u00c9valuations de Biens Immobiliers : Nous proposons des services professionnels d&rsquo;\u00e9valuation de biens immobiliers commerciaux et r\u00e9sidentiels. Nos avocats et \u00e9conomistes sont form\u00e9s pour effectuer des \u00e9valuations pr\u00e9cises de la valeur marchande des biens immobiliers. Mesures et \u00c9valuations Fiscales : Nous fournissons des mesures et des \u00e9valuations fiscales compl\u00e8tes pour aider nos\u2026","_links":{"self":[{"href":"https:\/\/somniumlegal.com\/fr\/wp-json\/wp\/v2\/pages\/5070"}],"collection":[{"href":"https:\/\/somniumlegal.com\/fr\/wp-json\/wp\/v2\/pages"}],"about":[{"href":"https:\/\/somniumlegal.com\/fr\/wp-json\/wp\/v2\/types\/page"}],"author":[{"embeddable":true,"href":"https:\/\/somniumlegal.com\/fr\/wp-json\/wp\/v2\/users\/2"}],"replies":[{"embeddable":true,"href":"https:\/\/somniumlegal.com\/fr\/wp-json\/wp\/v2\/comments?post=5070"}],"version-history":[{"count":8,"href":"https:\/\/somniumlegal.com\/fr\/wp-json\/wp\/v2\/pages\/5070\/revisions"}],"predecessor-version":[{"id":18878,"href":"https:\/\/somniumlegal.com\/fr\/wp-json\/wp\/v2\/pages\/5070\/revisions\/18878"}],"wp:attachment":[{"href":"https:\/\/somniumlegal.com\/fr\/wp-json\/wp\/v2\/media?parent=5070"}],"curies":[{"name":"wp","href":"https:\/\/api.w.org\/{rel}","templated":true}]}}