{"id":4057,"date":"2022-03-15T19:22:47","date_gmt":"2022-03-15T18:22:47","guid":{"rendered":"https:\/\/somniumlegal.com\/?page_id=4057"},"modified":"2024-05-19T23:46:58","modified_gmt":"2024-05-19T21:46:58","slug":"blog","status":"publish","type":"page","link":"https:\/\/somniumlegal.com\/fr\/blog\/","title":{"rendered":"Blog"},"content":{"rendered":"\t\t<div data-elementor-type=\"wp-page\" data-elementor-id=\"4057\" class=\"elementor elementor-4057 elementor-1185\" data-elementor-settings=\"[]\">\n\t\t\t\t\t\t\t<div class=\"elementor-section-wrap\">\n\t\t\t\t\t\t\t<section class=\"elementor-section elementor-top-section elementor-element elementor-element-1dded356 elementor-section-boxed elementor-section-height-default elementor-section-height-default\" data-id=\"1dded356\" data-element_type=\"section\">\n\t\t\t\t\t\t<div class=\"elementor-container elementor-column-gap-default\">\n\t\t\t\t\t<div class=\"elementor-column elementor-col-100 elementor-top-column elementor-element elementor-element-26ff9c43\" data-id=\"26ff9c43\" data-element_type=\"column\">\n\t\t\t<div class=\"elementor-widget-wrap elementor-element-populated\">\n\t\t\t\t\t\t\t\t<div class=\"elementor-element elementor-element-45174860 section-title-style-style4 section-title-align-left elementor-widget elementor-widget-tpg-section-title\" data-id=\"45174860\" data-element_type=\"widget\" data-widget_type=\"tpg-section-title.default\">\n\t\t\t\t<div class=\"elementor-widget-container\">\n\t\t\t\t\t<div class=\"rt-container-fluid rt-tpg-container tpg-el-main-wrapper clearfix  section-title-style-style4 section-title-align-left\">\n\t\t\t<div class='tpg-header-wrapper'>\n\t\t<div class=\"tpg-widget-heading-wrapper rt-clear heading-style4 \">\n\t\t\t<span class=\"tpg-widget-heading-line line-left\"><\/span>\n\t\t\t<h1 class='tpg-widget-heading'>\n\t\t\t\n\t\t\t\t\t\t\t\t\t<span>\n\t\t\t\t\t\tNOUVELLES\t\t\t\t\t<\/span>\n\t\t\t\t\t\n\t\t\t\t\t\t\t<\/h1>\t\t\t<span class=\"tpg-widget-heading-line line-right\"><\/span>\n\n\t\t\t\n\t\t<\/div>\n\n\t\t\n\t\t<\/div>\t\t<\/div>\n\t\t\t\t<\/div>\n\t\t\t\t<\/div>\n\t\t\t\t\t<\/div>\n\t\t<\/div>\n\t\t\t\t\t\t\t<\/div>\n\t\t<\/section>\n\t\t\t\t<section class=\"elementor-section elementor-top-section elementor-element elementor-element-3b104a51 elementor-section-boxed elementor-section-height-default elementor-section-height-default\" data-id=\"3b104a51\" data-element_type=\"section\">\n\t\t\t\t\t\t<div class=\"elementor-container elementor-column-gap-default\">\n\t\t\t\t\t<div class=\"elementor-column elementor-col-100 elementor-top-column elementor-element elementor-element-3d0564f5\" data-id=\"3d0564f5\" data-element_type=\"column\">\n\t\t\t<div class=\"elementor-widget-wrap elementor-element-populated\">\n\t\t\t\t\t\t\t\t<div class=\"elementor-element elementor-element-148c59 tpg-wrapper-align-left title-alignment-justify title_hover_border_disable meta-visibility-show title_position_default title-default img_hover_animation_default meta_position_default readmore-btn-default-style grid-hover-overlay-type-always tpg-el-box-border-enable tpg-border-bottom-disable elementor-widget elementor-widget-tpg-grid-layout\" data-id=\"148c59\" data-element_type=\"widget\" data-widget_type=\"tpg-grid-layout.default\">\n\t\t\t\t<div class=\"elementor-widget-container\">\n\t\t\t\t\t<div class=\"rt-container-fluid rt-tpg-container tpg-el-main-wrapper clearfix grid-layout4-main \"\n\t\t\t id=\"rt-tpg-container-2004470944\"\n\t\t\t data-layout=\"grid-layout4\"\n\t\t\t data-grid-style=\"tpg-full-height\"\n\t\t\t data-sc-id=\"elementor\"\n\t\t\t data-el-settings=''\n\t\t\t data-el-query=''\n\t\t\t data-el-path=''\n\t\t>\n\n\t\t\t\t\t\t<div class='tpg-header-wrapper '>\n\t\t\t\t\t\t\t<\/div>\n\n\t\t\t<div data-title=\"Loading ...\" class=\"rt-row rt-content-loader grid-layout4 grid-behaviour tpg-full-height grid_layout_wrapper\">\n\t\t\t\t\n<div class=\"rt-col-md-4 rt-col-sm-6 rt-col-xs-12 default rt-grid-item\" data-id=\"18811\">\n\t<div class=\"rt-holder tpg-post-holder\">\n\t\t<div class=\"rt-detail rt-el-content-wrapper\">\n\t\t\t\t\t\t\t<div class=\"rt-img-holder tpg-el-image-wrap has-thumbnail\">\n\t\t\t\t\t<a data-id=\"18811\" href=\"https:\/\/somniumlegal.com\/fr\/protection-des-passagers-aeriens-refus-dembarquement-annulation-de-vol-retards-changement-de-classe-et-problemes-de-bagages\/\" class=\"tpg-post-link\" target=\"_self\">\t\t\t\t\t\t<img loading=\"lazy\" src=\"https:\/\/somniumlegal.com\/wp-content\/uploads\/2024\/10\/Derecho-del-Transporte-y-Proteccion-de-Pasajeros-Aereos.png\"\n\t\t\t\t\t\t\t class=\"rt-img-responsive\"\n\t\t\t\t\t\t\t width=\"525\"\n\t\t\t\t\t\t\t height=\"319\"\n\t\t\t\t\t\t\t alt=\"Protection des passagers a\u00e9riens\u00a0: refus d&#8217;embarquement, annulation de vol, retards, changement de classe et probl\u00e8mes de bagages\">\n\t\t\t\t\t\t\n\t\t\t\t\t\t\t\n\t\t<\/a>\n\t\t\t\t<div class=\"overlay grid-hover-content\"><\/div>\n\t\t\t\t\t\t<\/div>\n\t\t\t\n\t\t\t<div class=\"entry-title-wrapper\"><h2 class=\"entry-title\"><a data-id=\"18811\" href=\"https:\/\/somniumlegal.com\/fr\/protection-des-passagers-aeriens-refus-dembarquement-annulation-de-vol-retards-changement-de-classe-et-problemes-de-bagages\/\" class=\"tpg-post-link\" target=\"_self\">Protection des passagers a\u00e9riens\u00a0: refus d&#8217;embarquement, annulation de vol, retards, changement de classe et probl\u00e8mes de bagages<\/a><\/h2><\/div>\n\t\t\t\t\t\t\t<div class=\"post-meta-tags rt-el-post-meta\">\n\t\t\t\t\t\t\t\t<span class='date'>\n\t\t\t\t<i class='flaticon-calendar '><\/i>\t\t\t\t<a href=\"https:\/\/somniumlegal.com\/fr\/2024\/10\/17\/\">\n\t\t\t\t\t17 octobre, 2024\t\t\t\t<\/a>\n\t\t\t<\/span>\n\t\t\t\t\t\t\t<\/div>\n\t\t\t\n\t\t\t\t\t\t\t<div class=\"tpg-excerpt tpg-el-excerpt\">\n\t\t\t\t\t\t\t\t\t\t\t<div class=\"tpg-excerpt-inner\">\n\t\t\t\t\t\t\tLes droits des passagers a\u00e9riens sont devenus de plus en plus importants \u00e0 mesure que le transport a\u00e9rien a gagn\u00e9 en complexit\u00e9 et en fr\u00e9quence. Chez Somnium Legal, avec des bureaux \u00e0 Orihuela et...\t\t\t\t\t\t<\/div>\n\t\t\t\t\t\t\t\t\t\t\t\t\t\t<\/div>\n\t\t\t\n\t\t\t\t\t<div class=\"post-footer\">\n\t\t\t<div class=\"post-footer\">\n\t\t\t\t<div class=\"read-more\">\n\t\t\t\t\t<a data-id=\"18811\" href=\"https:\/\/somniumlegal.com\/fr\/protection-des-passagers-aeriens-refus-dembarquement-annulation-de-vol-retards-changement-de-classe-et-problemes-de-bagages\/\" class=\"tpg-post-link\" target=\"_self\">Lire la suite<\/a>\t\t\t\t<\/div>\n\t\t\t<\/div>\n\t\t<\/div>\n\t\t\t\t<\/div>\n\t<\/div>\n<\/div>\n\n<div class=\"rt-col-md-4 rt-col-sm-6 rt-col-xs-12 default rt-grid-item\" data-id=\"18558\">\n\t<div class=\"rt-holder tpg-post-holder\">\n\t\t<div class=\"rt-detail rt-el-content-wrapper\">\n\t\t\t\t\t\t\t<div class=\"rt-img-holder tpg-el-image-wrap has-thumbnail\">\n\t\t\t\t\t<a data-id=\"18558\" href=\"https:\/\/somniumlegal.com\/fr\/le-zeste-du-transfert-de-propriete-un-guide-complet\/\" class=\"tpg-post-link\" target=\"_self\">\t\t\t\t\t\t<img loading=\"lazy\" src=\"https:\/\/somniumlegal.com\/wp-content\/uploads\/2024\/09\/Conveyancing-zing.png\"\n\t\t\t\t\t\t\t class=\"rt-img-responsive\"\n\t\t\t\t\t\t\t width=\"525\"\n\t\t\t\t\t\t\t height=\"319\"\n\t\t\t\t\t\t\t alt=\"Le zeste du transfert de propri\u00e9t\u00e9 : un guide complet\">\n\t\t\t\t\t\t\n\t\t\t\t\t\t\t\n\t\t<\/a>\n\t\t\t\t<div class=\"overlay grid-hover-content\"><\/div>\n\t\t\t\t\t\t<\/div>\n\t\t\t\n\t\t\t<div class=\"entry-title-wrapper\"><h2 class=\"entry-title\"><a data-id=\"18558\" href=\"https:\/\/somniumlegal.com\/fr\/le-zeste-du-transfert-de-propriete-un-guide-complet\/\" class=\"tpg-post-link\" target=\"_self\">Le zeste du transfert de propri\u00e9t\u00e9 : un guide complet<\/a><\/h2><\/div>\n\t\t\t\t\t\t\t<div class=\"post-meta-tags rt-el-post-meta\">\n\t\t\t\t\t\t\t\t<span class='date'>\n\t\t\t\t<i class='flaticon-calendar '><\/i>\t\t\t\t<a href=\"https:\/\/somniumlegal.com\/fr\/2024\/09\/25\/\">\n\t\t\t\t\t25 septembre, 2024\t\t\t\t<\/a>\n\t\t\t<\/span>\n\t\t\t\t\t\t\t<\/div>\n\t\t\t\n\t\t\t\t\t\t\t<div class=\"tpg-excerpt tpg-el-excerpt\">\n\t\t\t\t\t\t\t\t\t\t\t<div class=\"tpg-excerpt-inner\">\n\t\t\t\t\t\t\tLe terme \u00ab zeste du transfert de propri\u00e9t\u00e9 \u00bb n&rsquo;est peut-\u00eatre pas une expression courante dans le domaine juridique ou immobilier, mais si nous pensons au \u00ab zeste \u00bb comme \u00e0 l&rsquo;apport...\t\t\t\t\t\t<\/div>\n\t\t\t\t\t\t\t\t\t\t\t\t\t\t<\/div>\n\t\t\t\n\t\t\t\t\t<div class=\"post-footer\">\n\t\t\t<div class=\"post-footer\">\n\t\t\t\t<div class=\"read-more\">\n\t\t\t\t\t<a data-id=\"18558\" href=\"https:\/\/somniumlegal.com\/fr\/le-zeste-du-transfert-de-propriete-un-guide-complet\/\" class=\"tpg-post-link\" target=\"_self\">Lire la suite<\/a>\t\t\t\t<\/div>\n\t\t\t<\/div>\n\t\t<\/div>\n\t\t\t\t<\/div>\n\t<\/div>\n<\/div>\n\n<div class=\"rt-col-md-4 rt-col-sm-6 rt-col-xs-12 default rt-grid-item\" data-id=\"18483\">\n\t<div class=\"rt-holder tpg-post-holder\">\n\t\t<div class=\"rt-detail rt-el-content-wrapper\">\n\t\t\t\t\t\t\t<div class=\"rt-img-holder tpg-el-image-wrap has-thumbnail\">\n\t\t\t\t\t<a data-id=\"18483\" href=\"https:\/\/somniumlegal.com\/fr\/transfert-de-propriete-par-vous-meme-un-guide-complet\/\" class=\"tpg-post-link\" target=\"_self\">\t\t\t\t\t\t<img loading=\"lazy\" src=\"https:\/\/somniumlegal.com\/wp-content\/uploads\/2024\/09\/Conveyancing-Yourself.png\"\n\t\t\t\t\t\t\t class=\"rt-img-responsive\"\n\t\t\t\t\t\t\t width=\"525\"\n\t\t\t\t\t\t\t height=\"319\"\n\t\t\t\t\t\t\t alt=\"Transfert de propri\u00e9t\u00e9 par vous-m\u00eame\u00a0: un guide complet\">\n\t\t\t\t\t\t\n\t\t\t\t\t\t\t\n\t\t<\/a>\n\t\t\t\t<div class=\"overlay grid-hover-content\"><\/div>\n\t\t\t\t\t\t<\/div>\n\t\t\t\n\t\t\t<div class=\"entry-title-wrapper\"><h2 class=\"entry-title\"><a data-id=\"18483\" href=\"https:\/\/somniumlegal.com\/fr\/transfert-de-propriete-par-vous-meme-un-guide-complet\/\" class=\"tpg-post-link\" target=\"_self\">Transfert de propri\u00e9t\u00e9 par vous-m\u00eame\u00a0: un guide complet<\/a><\/h2><\/div>\n\t\t\t\t\t\t\t<div class=\"post-meta-tags rt-el-post-meta\">\n\t\t\t\t\t\t\t\t<span class='date'>\n\t\t\t\t<i class='flaticon-calendar '><\/i>\t\t\t\t<a href=\"https:\/\/somniumlegal.com\/fr\/2024\/09\/17\/\">\n\t\t\t\t\t17 septembre, 2024\t\t\t\t<\/a>\n\t\t\t<\/span>\n\t\t\t\t\t\t\t<\/div>\n\t\t\t\n\t\t\t\t\t\t\t<div class=\"tpg-excerpt tpg-el-excerpt\">\n\t\t\t\t\t\t\t\t\t\t\t<div class=\"tpg-excerpt-inner\">\n\t\t\t\t\t\t\tG\u00e9rer soi-m\u00eame le transfert de propri\u00e9t\u00e9, \u00e9galement appel\u00e9 transfert de propri\u00e9t\u00e9 \u00e0 faire soi-m\u00eame, peut sembler \u00eatre une solution rentable pour transf\u00e9rer la propri\u00e9t\u00e9 d&rsquo;un bien. Cependant, le...\t\t\t\t\t\t<\/div>\n\t\t\t\t\t\t\t\t\t\t\t\t\t\t<\/div>\n\t\t\t\n\t\t\t\t\t<div class=\"post-footer\">\n\t\t\t<div class=\"post-footer\">\n\t\t\t\t<div class=\"read-more\">\n\t\t\t\t\t<a data-id=\"18483\" href=\"https:\/\/somniumlegal.com\/fr\/transfert-de-propriete-par-vous-meme-un-guide-complet\/\" class=\"tpg-post-link\" target=\"_self\">Lire la suite<\/a>\t\t\t\t<\/div>\n\t\t\t<\/div>\n\t\t<\/div>\n\t\t\t\t<\/div>\n\t<\/div>\n<\/div>\n\n<div class=\"rt-col-md-4 rt-col-sm-6 rt-col-xs-12 default rt-grid-item\" data-id=\"18415\">\n\t<div class=\"rt-holder tpg-post-holder\">\n\t\t<div class=\"rt-detail rt-el-content-wrapper\">\n\t\t\t\t\t\t\t<div class=\"rt-img-holder tpg-el-image-wrap has-thumbnail\">\n\t\t\t\t\t<a data-id=\"18415\" href=\"https:\/\/somniumlegal.com\/fr\/transfert-de-propriete-de-yacht-un-guide-complet\/\" class=\"tpg-post-link\" target=\"_self\">\t\t\t\t\t\t<img loading=\"lazy\" src=\"https:\/\/somniumlegal.com\/wp-content\/uploads\/2024\/09\/Conveyancing-yacht.png\"\n\t\t\t\t\t\t\t class=\"rt-img-responsive\"\n\t\t\t\t\t\t\t width=\"525\"\n\t\t\t\t\t\t\t height=\"319\"\n\t\t\t\t\t\t\t alt=\"Transfert de propri\u00e9t\u00e9 de yacht\u00a0: un guide complet\">\n\t\t\t\t\t\t\n\t\t\t\t\t\t\t\n\t\t<\/a>\n\t\t\t\t<div class=\"overlay grid-hover-content\"><\/div>\n\t\t\t\t\t\t<\/div>\n\t\t\t\n\t\t\t<div class=\"entry-title-wrapper\"><h2 class=\"entry-title\"><a data-id=\"18415\" href=\"https:\/\/somniumlegal.com\/fr\/transfert-de-propriete-de-yacht-un-guide-complet\/\" class=\"tpg-post-link\" target=\"_self\">Transfert de propri\u00e9t\u00e9 de yacht\u00a0: un guide complet<\/a><\/h2><\/div>\n\t\t\t\t\t\t\t<div class=\"post-meta-tags rt-el-post-meta\">\n\t\t\t\t\t\t\t\t<span class='date'>\n\t\t\t\t<i class='flaticon-calendar '><\/i>\t\t\t\t<a href=\"https:\/\/somniumlegal.com\/fr\/2024\/09\/16\/\">\n\t\t\t\t\t16 septembre, 2024\t\t\t\t<\/a>\n\t\t\t<\/span>\n\t\t\t\t\t\t\t<\/div>\n\t\t\t\n\t\t\t\t\t\t\t<div class=\"tpg-excerpt tpg-el-excerpt\">\n\t\t\t\t\t\t\t\t\t\t\t<div class=\"tpg-excerpt-inner\">\n\t\t\t\t\t\t\tLe processus de transfert de propri\u00e9t\u00e9 est g\u00e9n\u00e9ralement associ\u00e9 \u00e0 l&rsquo;immobilier, mais il s&rsquo;applique \u00e9galement au transfert de propri\u00e9t\u00e9 d&rsquo;un yacht. Le transfert de propri\u00e9t\u00e9...\t\t\t\t\t\t<\/div>\n\t\t\t\t\t\t\t\t\t\t\t\t\t\t<\/div>\n\t\t\t\n\t\t\t\t\t<div class=\"post-footer\">\n\t\t\t<div class=\"post-footer\">\n\t\t\t\t<div class=\"read-more\">\n\t\t\t\t\t<a data-id=\"18415\" href=\"https:\/\/somniumlegal.com\/fr\/transfert-de-propriete-de-yacht-un-guide-complet\/\" class=\"tpg-post-link\" target=\"_self\">Lire la suite<\/a>\t\t\t\t<\/div>\n\t\t\t<\/div>\n\t\t<\/div>\n\t\t\t\t<\/div>\n\t<\/div>\n<\/div>\n\n<div class=\"rt-col-md-4 rt-col-sm-6 rt-col-xs-12 default rt-grid-item\" data-id=\"18343\">\n\t<div class=\"rt-holder tpg-post-holder\">\n\t\t<div class=\"rt-detail rt-el-content-wrapper\">\n\t\t\t\t\t\t\t<div class=\"rt-img-holder tpg-el-image-wrap has-thumbnail\">\n\t\t\t\t\t<a data-id=\"18343\" href=\"https:\/\/somniumlegal.com\/fr\/conveyancing-intelligent-un-guide-complet\/\" class=\"tpg-post-link\" target=\"_self\">\t\t\t\t\t\t<img loading=\"lazy\" src=\"https:\/\/somniumlegal.com\/wp-content\/uploads\/2024\/09\/Conveyancing-wise.png\"\n\t\t\t\t\t\t\t class=\"rt-img-responsive\"\n\t\t\t\t\t\t\t width=\"525\"\n\t\t\t\t\t\t\t height=\"319\"\n\t\t\t\t\t\t\t alt=\"Conveyancing intelligent : un guide complet\">\n\t\t\t\t\t\t\n\t\t\t\t\t\t\t\n\t\t<\/a>\n\t\t\t\t<div class=\"overlay grid-hover-content\"><\/div>\n\t\t\t\t\t\t<\/div>\n\t\t\t\n\t\t\t<div class=\"entry-title-wrapper\"><h2 class=\"entry-title\"><a data-id=\"18343\" href=\"https:\/\/somniumlegal.com\/fr\/conveyancing-intelligent-un-guide-complet\/\" class=\"tpg-post-link\" target=\"_self\">Conveyancing intelligent : un guide complet<\/a><\/h2><\/div>\n\t\t\t\t\t\t\t<div class=\"post-meta-tags rt-el-post-meta\">\n\t\t\t\t\t\t\t\t<span class='date'>\n\t\t\t\t<i class='flaticon-calendar '><\/i>\t\t\t\t<a href=\"https:\/\/somniumlegal.com\/fr\/2024\/09\/14\/\">\n\t\t\t\t\t14 septembre, 2024\t\t\t\t<\/a>\n\t\t\t<\/span>\n\t\t\t\t\t\t\t<\/div>\n\t\t\t\n\t\t\t\t\t\t\t<div class=\"tpg-excerpt tpg-el-excerpt\">\n\t\t\t\t\t\t\t\t\t\t\t<div class=\"tpg-excerpt-inner\">\n\t\t\t\t\t\t\tNaviguer dans le monde du transfert de propri\u00e9t\u00e9 peut sembler intimidant, notamment lorsqu\u2019il s\u2019agit de prendre des d\u00e9cisions cruciales pour votre transaction immobili\u00e8re. Pourtant, comprendre comment...\t\t\t\t\t\t<\/div>\n\t\t\t\t\t\t\t\t\t\t\t\t\t\t<\/div>\n\t\t\t\n\t\t\t\t\t<div class=\"post-footer\">\n\t\t\t<div class=\"post-footer\">\n\t\t\t\t<div class=\"read-more\">\n\t\t\t\t\t<a data-id=\"18343\" href=\"https:\/\/somniumlegal.com\/fr\/conveyancing-intelligent-un-guide-complet\/\" class=\"tpg-post-link\" target=\"_self\">Lire la suite<\/a>\t\t\t\t<\/div>\n\t\t\t<\/div>\n\t\t<\/div>\n\t\t\t\t<\/div>\n\t<\/div>\n<\/div>\n\n<div class=\"rt-col-md-4 rt-col-sm-6 rt-col-xs-12 default rt-grid-item\" data-id=\"18257\">\n\t<div class=\"rt-holder tpg-post-holder\">\n\t\t<div class=\"rt-detail rt-el-content-wrapper\">\n\t\t\t\t\t\t\t<div class=\"rt-img-holder tpg-el-image-wrap has-thumbnail\">\n\t\t\t\t\t<a data-id=\"18257\" href=\"https:\/\/somniumlegal.com\/fr\/transfert-de-propriete-vs-avocat-un-guide-complet\/\" class=\"tpg-post-link\" target=\"_self\">\t\t\t\t\t\t<img loading=\"lazy\" src=\"https:\/\/somniumlegal.com\/wp-content\/uploads\/2024\/09\/Conveyancing-vs-attorney.png\"\n\t\t\t\t\t\t\t class=\"rt-img-responsive\"\n\t\t\t\t\t\t\t width=\"525\"\n\t\t\t\t\t\t\t height=\"319\"\n\t\t\t\t\t\t\t alt=\"Transfert de propri\u00e9t\u00e9 vs avocat\u00a0: un guide complet\">\n\t\t\t\t\t\t\n\t\t\t\t\t\t\t\n\t\t<\/a>\n\t\t\t\t<div class=\"overlay grid-hover-content\"><\/div>\n\t\t\t\t\t\t<\/div>\n\t\t\t\n\t\t\t<div class=\"entry-title-wrapper\"><h2 class=\"entry-title\"><a data-id=\"18257\" href=\"https:\/\/somniumlegal.com\/fr\/transfert-de-propriete-vs-avocat-un-guide-complet\/\" class=\"tpg-post-link\" target=\"_self\">Transfert de propri\u00e9t\u00e9 vs avocat\u00a0: un guide complet<\/a><\/h2><\/div>\n\t\t\t\t\t\t\t<div class=\"post-meta-tags rt-el-post-meta\">\n\t\t\t\t\t\t\t\t<span class='date'>\n\t\t\t\t<i class='flaticon-calendar '><\/i>\t\t\t\t<a href=\"https:\/\/somniumlegal.com\/fr\/2024\/09\/13\/\">\n\t\t\t\t\t13 septembre, 2024\t\t\t\t<\/a>\n\t\t\t<\/span>\n\t\t\t\t\t\t\t<\/div>\n\t\t\t\n\t\t\t\t\t\t\t<div class=\"tpg-excerpt tpg-el-excerpt\">\n\t\t\t\t\t\t\t\t\t\t\t<div class=\"tpg-excerpt-inner\">\n\t\t\t\t\t\t\tEn mati\u00e8re de transactions immobili\u00e8res, il est essentiel de comprendre la diff\u00e9rence entre un notaire et un avocat. Les deux professionnels jouent un r\u00f4le important, mais leurs responsabilit\u00e9s et les...\t\t\t\t\t\t<\/div>\n\t\t\t\t\t\t\t\t\t\t\t\t\t\t<\/div>\n\t\t\t\n\t\t\t\t\t<div class=\"post-footer\">\n\t\t\t<div class=\"post-footer\">\n\t\t\t\t<div class=\"read-more\">\n\t\t\t\t\t<a data-id=\"18257\" href=\"https:\/\/somniumlegal.com\/fr\/transfert-de-propriete-vs-avocat-un-guide-complet\/\" class=\"tpg-post-link\" target=\"_self\">Lire la suite<\/a>\t\t\t\t<\/div>\n\t\t\t<\/div>\n\t\t<\/div>\n\t\t\t\t<\/div>\n\t<\/div>\n<\/div>\n\t\t\t<\/div>\n\t\t\t<div class='rt-pagination-wrap' data-total-pages='33' data-posts-per-page='6' data-type='pagination'><div class=\"rt-pagination\"><ul class=\"pagination-list\"><li class=\"active\"><span>1<\/span><\/li><li><a data-paged='2' href='https:\/\/somniumlegal.com\/fr\/wp-json\/wp\/v2\/pages\/4057\/page\/2\/'>2<\/a><\/li><li><a data-paged='3' href='https:\/\/somniumlegal.com\/fr\/wp-json\/wp\/v2\/pages\/4057\/page\/3\/'>3<\/a><\/li><li><a data-paged='4' href='https:\/\/somniumlegal.com\/fr\/wp-json\/wp\/v2\/pages\/4057\/page\/4\/'>4<\/a><\/li><li><a data-paged='5' href='https:\/\/somniumlegal.com\/fr\/wp-json\/wp\/v2\/pages\/4057\/page\/5\/'>5<\/a><\/li><li><a data-paged='2' href=\"https:\/\/somniumlegal.com\/fr\/wp-json\/wp\/v2\/pages\/4057\/page\/2\/\" aria-label='Next'>&rsaquo;<\/a><\/li><li><a data-paged='33' href='https:\/\/somniumlegal.com\/fr\/wp-json\/wp\/v2\/pages\/4057\/page\/33\/' aria-label='Last'>&raquo;<\/a><\/li><\/ul><\/div><\/div>\n\t\t<\/div>\n\t\t\t\t<\/div>\n\t\t\t\t<\/div>\n\t\t\t\t\t<\/div>\n\t\t<\/div>\n\t\t\t\t\t\t\t<\/div>\n\t\t<\/section>\n\t\t\t\t\t\t<\/div>\n\t\t\t\t\t<\/div>\n\t\t","protected":false},"excerpt":{"rendered":"<p>NOUVELLES Emprendedor de Responsabilidad Limitada 21 diciembre, 2022 Son muchos nuestros aut\u00f3nomos que, ante el cambio de a\u00f1o, se han interesado por la figura del emprendedor de responsabilidad limitada. En este post os vamos a comentar cuales son las ventajas de esta&#8230; Lire la suite \u00bfPuedo tener mascotas en un piso de alquiler? 5 febrero, &hellip; <\/p>\n<p class=\"link-more\"><a href=\"https:\/\/somniumlegal.com\/fr\/transfert-de-propriete-vs-avocat-un-guide-complet\/\" class=\"more-link\">Continuer la lecture<span class=\"screen-reader-text\"> de &laquo;&nbsp;Transfert de propri\u00e9t\u00e9 vs avocat\u00a0: un guide complet&nbsp;&raquo;<\/span><\/a><\/p>\n","protected":false},"author":2,"featured_media":0,"parent":0,"menu_order":0,"comment_status":"closed","ping_status":"closed","template":"elementor_canvas","meta":[],"rttpg_featured_image_url":null,"rttpg_author":{"display_name":"Sominium Solicitors","author_link":"https:\/\/somniumlegal.com\/fr\/author\/somnium-solicitosr\/"},"rttpg_comment":0,"rttpg_category":"","rttpg_excerpt":"NOUVELLES Emprendedor de Responsabilidad Limitada 21 diciembre, 2022 Son muchos nuestros aut\u00f3nomos que, ante el cambio de a\u00f1o, se han interesado por la figura del emprendedor de responsabilidad limitada. En este post os vamos a comentar cuales son las ventajas de esta&#8230; Lire la suite \u00bfPuedo tener mascotas en un piso de alquiler? 5 febrero,\u2026","_links":{"self":[{"href":"https:\/\/somniumlegal.com\/fr\/wp-json\/wp\/v2\/pages\/4057"}],"collection":[{"href":"https:\/\/somniumlegal.com\/fr\/wp-json\/wp\/v2\/pages"}],"about":[{"href":"https:\/\/somniumlegal.com\/fr\/wp-json\/wp\/v2\/types\/page"}],"author":[{"embeddable":true,"href":"https:\/\/somniumlegal.com\/fr\/wp-json\/wp\/v2\/users\/2"}],"replies":[{"embeddable":true,"href":"https:\/\/somniumlegal.com\/fr\/wp-json\/wp\/v2\/comments?post=4057"}],"version-history":[{"count":5,"href":"https:\/\/somniumlegal.com\/fr\/wp-json\/wp\/v2\/pages\/4057\/revisions"}],"predecessor-version":[{"id":9673,"href":"https:\/\/somniumlegal.com\/fr\/wp-json\/wp\/v2\/pages\/4057\/revisions\/9673"}],"wp:attachment":[{"href":"https:\/\/somniumlegal.com\/fr\/wp-json\/wp\/v2\/media?parent=4057"}],"curies":[{"name":"wp","href":"https:\/\/api.w.org\/{rel}","templated":true}]}}