{"id":3189,"date":"2023-10-18T19:41:03","date_gmt":"2023-10-18T17:41:03","guid":{"rendered":"https:\/\/somniumlegal.com\/?page_id=3189"},"modified":"2024-05-19T23:49:40","modified_gmt":"2024-05-19T21:49:40","slug":"droit-de-la-faillite","status":"publish","type":"page","link":"https:\/\/somniumlegal.com\/fr\/droit-de-la-faillite\/","title":{"rendered":"Droit de la faillite"},"content":{"rendered":"\t\t<div data-elementor-type=\"wp-page\" data-elementor-id=\"3189\" class=\"elementor elementor-3189 elementor-2220\" data-elementor-settings=\"[]\">\n\t\t\t\t\t\t\t<div class=\"elementor-section-wrap\">\n\t\t\t\t\t\t\t<section class=\"elementor-section elementor-top-section elementor-element elementor-element-46952f8c elementor-section-boxed elementor-section-height-default elementor-section-height-default\" data-id=\"46952f8c\" data-element_type=\"section\">\n\t\t\t\t\t\t<div class=\"elementor-container elementor-column-gap-default\">\n\t\t\t\t\t<div class=\"elementor-column elementor-col-100 elementor-top-column elementor-element elementor-element-1060fe14\" data-id=\"1060fe14\" data-element_type=\"column\">\n\t\t\t<div class=\"elementor-widget-wrap elementor-element-populated\">\n\t\t\t\t\t\t\t\t<div class=\"elementor-element elementor-element-526e41a elementor-widget elementor-widget-heading\" data-id=\"526e41a\" data-element_type=\"widget\" data-widget_type=\"heading.default\">\n\t\t\t\t<div class=\"elementor-widget-container\">\n\t\t\t<style>\/*! elementor - v3.5.5 - 03-02-2022 *\/\n.elementor-heading-title{padding:0;margin:0;line-height:1}.elementor-widget-heading .elementor-heading-title[class*=elementor-size-]>a{color:inherit;font-size:inherit;line-height:inherit}.elementor-widget-heading .elementor-heading-title.elementor-size-small{font-size:15px}.elementor-widget-heading .elementor-heading-title.elementor-size-medium{font-size:19px}.elementor-widget-heading .elementor-heading-title.elementor-size-large{font-size:29px}.elementor-widget-heading .elementor-heading-title.elementor-size-xl{font-size:39px}.elementor-widget-heading .elementor-heading-title.elementor-size-xxl{font-size:59px}<\/style><h1 class=\"elementor-heading-title elementor-size-default\">Droit de la faillite<\/h1>\t\t<\/div>\n\t\t\t\t<\/div>\n\t\t\t\t\t<\/div>\n\t\t<\/div>\n\t\t\t\t\t\t\t<\/div>\n\t\t<\/section>\n\t\t\t\t<section class=\"elementor-section elementor-top-section elementor-element elementor-element-50dcbf50 elementor-section-boxed elementor-section-height-default elementor-section-height-default\" data-id=\"50dcbf50\" data-element_type=\"section\">\n\t\t\t\t\t\t<div class=\"elementor-container elementor-column-gap-default\">\n\t\t\t\t\t<div class=\"elementor-column elementor-col-100 elementor-top-column elementor-element elementor-element-7d09033c\" data-id=\"7d09033c\" data-element_type=\"column\">\n\t\t\t<div class=\"elementor-widget-wrap elementor-element-populated\">\n\t\t\t\t\t\t\t\t<div class=\"elementor-element elementor-element-1d287860 elementor-widget-divider--view-line elementor-widget elementor-widget-divider\" data-id=\"1d287860\" data-element_type=\"widget\" data-widget_type=\"divider.default\">\n\t\t\t\t<div class=\"elementor-widget-container\">\n\t\t\t<style>\/*! elementor - v3.5.5 - 03-02-2022 *\/\n.elementor-widget-divider{--divider-border-style:none;--divider-border-width:1px;--divider-color:#2c2c2c;--divider-icon-size:20px;--divider-element-spacing:10px;--divider-pattern-height:24px;--divider-pattern-size:20px;--divider-pattern-url:none;--divider-pattern-repeat:repeat-x}.elementor-widget-divider .elementor-divider{display:-webkit-box;display:-ms-flexbox;display:flex}.elementor-widget-divider .elementor-divider__text{font-size:15px;line-height:1;max-width:95%}.elementor-widget-divider .elementor-divider__element{margin:0 var(--divider-element-spacing);-ms-flex-negative:0;flex-shrink:0}.elementor-widget-divider .elementor-icon{font-size:var(--divider-icon-size)}.elementor-widget-divider .elementor-divider-separator{display:-webkit-box;display:-ms-flexbox;display:flex;margin:0;direction:ltr}.elementor-widget-divider--view-line_icon .elementor-divider-separator,.elementor-widget-divider--view-line_text .elementor-divider-separator{-webkit-box-align:center;-ms-flex-align:center;align-items:center}.elementor-widget-divider--view-line_icon .elementor-divider-separator:after,.elementor-widget-divider--view-line_icon .elementor-divider-separator:before,.elementor-widget-divider--view-line_text .elementor-divider-separator:after,.elementor-widget-divider--view-line_text .elementor-divider-separator:before{display:block;content:\"\";border-bottom:0;-webkit-box-flex:1;-ms-flex-positive:1;flex-grow:1;border-top:var(--divider-border-width) var(--divider-border-style) var(--divider-color)}.elementor-widget-divider--element-align-left .elementor-divider .elementor-divider-separator>.elementor-divider__svg:first-of-type{-webkit-box-flex:0;-ms-flex-positive:0;flex-grow:0;-ms-flex-negative:100;flex-shrink:100}.elementor-widget-divider--element-align-left .elementor-divider-separator:before{content:none}.elementor-widget-divider--element-align-left .elementor-divider__element{margin-left:0}.elementor-widget-divider--element-align-right .elementor-divider .elementor-divider-separator>.elementor-divider__svg:last-of-type{-webkit-box-flex:0;-ms-flex-positive:0;flex-grow:0;-ms-flex-negative:100;flex-shrink:100}.elementor-widget-divider--element-align-right .elementor-divider-separator:after{content:none}.elementor-widget-divider--element-align-right .elementor-divider__element{margin-right:0}.elementor-widget-divider:not(.elementor-widget-divider--view-line_text):not(.elementor-widget-divider--view-line_icon) .elementor-divider-separator{border-top:var(--divider-border-width) var(--divider-border-style) var(--divider-color)}.elementor-widget-divider--separator-type-pattern{--divider-border-style:none}.elementor-widget-divider--separator-type-pattern.elementor-widget-divider--view-line .elementor-divider-separator,.elementor-widget-divider--separator-type-pattern:not(.elementor-widget-divider--view-line) .elementor-divider-separator:after,.elementor-widget-divider--separator-type-pattern:not(.elementor-widget-divider--view-line) .elementor-divider-separator:before,.elementor-widget-divider--separator-type-pattern:not([class*=elementor-widget-divider--view]) .elementor-divider-separator{width:100%;min-height:var(--divider-pattern-height);-webkit-mask-size:var(--divider-pattern-size) 100%;mask-size:var(--divider-pattern-size) 100%;-webkit-mask-repeat:var(--divider-pattern-repeat);mask-repeat:var(--divider-pattern-repeat);background-color:var(--divider-color);-webkit-mask-image:var(--divider-pattern-url);mask-image:var(--divider-pattern-url)}.elementor-widget-divider--no-spacing{--divider-pattern-size:auto}.elementor-widget-divider--bg-round{--divider-pattern-repeat:round}.rtl .elementor-widget-divider .elementor-divider__text{direction:rtl}<\/style>\t\t<div class=\"elementor-divider\">\n\t\t\t<span class=\"elementor-divider-separator\">\n\t\t\t\t\t\t<\/span>\n\t\t<\/div>\n\t\t\t\t<\/div>\n\t\t\t\t<\/div>\n\t\t\t\t\t<\/div>\n\t\t<\/div>\n\t\t\t\t\t\t\t<\/div>\n\t\t<\/section>\n\t\t\t\t<section class=\"elementor-section elementor-top-section elementor-element elementor-element-6ddfb14e elementor-section-boxed elementor-section-height-default elementor-section-height-default\" data-id=\"6ddfb14e\" data-element_type=\"section\">\n\t\t\t\t\t\t<div class=\"elementor-container elementor-column-gap-default\">\n\t\t\t\t\t<div class=\"elementor-column elementor-col-100 elementor-top-column elementor-element elementor-element-6dd04f1b\" data-id=\"6dd04f1b\" data-element_type=\"column\">\n\t\t\t<div class=\"elementor-widget-wrap elementor-element-populated\">\n\t\t\t\t\t\t\t\t<div class=\"elementor-element elementor-element-3647655e listado-seccion-servicios elementor-widget elementor-widget-text-editor\" data-id=\"3647655e\" data-element_type=\"widget\" data-widget_type=\"text-editor.default\">\n\t\t\t\t<div class=\"elementor-widget-container\">\n\t\t\t<style>\/*! elementor - v3.5.5 - 03-02-2022 *\/\n.elementor-widget-text-editor.elementor-drop-cap-view-stacked .elementor-drop-cap{background-color:#818a91;color:#fff}.elementor-widget-text-editor.elementor-drop-cap-view-framed .elementor-drop-cap{color:#818a91;border:3px solid;background-color:transparent}.elementor-widget-text-editor:not(.elementor-drop-cap-view-default) .elementor-drop-cap{margin-top:8px}.elementor-widget-text-editor:not(.elementor-drop-cap-view-default) .elementor-drop-cap-letter{width:1em;height:1em}.elementor-widget-text-editor .elementor-drop-cap{float:left;text-align:center;line-height:1;font-size:50px}.elementor-widget-text-editor .elementor-drop-cap-letter{display:inline-block}<\/style>\t\t\t\t<ul style=\"list-style-type: '\u25c8';\">\n    <li style=\"text-align: justify;\">\n        <h2>Conseil en Proc\u00e9dures d&rsquo;Insolvabilit\u00e9.<\/h2>\n    <\/li>\n    <li style=\"text-align: justify;\">\n        <h2>Restructuration de la Dette.<\/h2>\n    <\/li>\n    <li style=\"text-align: justify;\">\n        <h2>Repr\u00e9sentation des Cr\u00e9anciers.<\/h2>\n    <\/li>\n    <li style=\"text-align: justify;\">\n        <h2>Liquidation d&rsquo;Entreprises.<\/h2>\n    <\/li>\n    <li style=\"text-align: justify;\">\n        <h2>M\u00e9diation et Accords Extrajudiciaires.<\/h2>\n    <\/li>\n    <li style=\"text-align: justify;\">\n        <h2>Audit L\u00e9gal dans le Cadre de Proc\u00e9dures d&rsquo;Insolvabilit\u00e9.<\/h2>\n    <\/li>\n    <li style=\"text-align: justify;\">\n        <h2>R\u00e9cup\u00e9ration d&rsquo;Actifs.<\/h2>\n    <\/li>\n    <li style=\"text-align: justify;\">\n        <h2>Administration d&rsquo;Insolvabilit\u00e9.<\/h2>\n    <\/li>\n    <li style=\"text-align: justify;\">\n        <h2>M\u00e9diation et N\u00e9gociation.<\/h2>\n    <\/li>\n    <li style=\"text-align: justify;\">\n        <h2>Formation et S\u00e9minaires.<\/h2>\n    <\/li>\n<\/ul>\n\t\t\t\t\t\t<\/div>\n\t\t\t\t<\/div>\n\t\t\t\t<div class=\"elementor-element elementor-element-51b99ec4 elementor-widget elementor-widget-image\" data-id=\"51b99ec4\" data-element_type=\"widget\" data-widget_type=\"image.default\">\n\t\t\t\t<div class=\"elementor-widget-container\">\n\t\t\t<style>\/*! elementor - v3.5.5 - 03-02-2022 *\/\n.elementor-widget-image{text-align:center}.elementor-widget-image a{display:inline-block}.elementor-widget-image a img[src$=\".svg\"]{width:48px}.elementor-widget-image img{vertical-align:middle;display:inline-block}<\/style>\t\t\t\t\t\t\t\t\t\t\t\t<img width=\"525\" height=\"473\" src=\"https:\/\/somniumlegal.com\/wp-content\/uploads\/2023\/10\/derecho-concursal.webp\" class=\"attachment-large size-large\" alt=\"derecho concursal\" loading=\"lazy\" sizes=\"100vw\" \/>\t\t\t\t\t\t\t\t\t\t\t\t\t\t\t<\/div>\n\t\t\t\t<\/div>\n\t\t\t\t\t<\/div>\n\t\t<\/div>\n\t\t\t\t\t\t\t<\/div>\n\t\t<\/section>\n\t\t\t\t\t\t<\/div>\n\t\t\t\t\t<\/div>\n\t\t","protected":false},"excerpt":{"rendered":"<p>Droit de la faillite Conseil en Proc\u00e9dures d&rsquo;Insolvabilit\u00e9. Restructuration de la Dette. Repr\u00e9sentation des Cr\u00e9anciers. Liquidation d&rsquo;Entreprises. M\u00e9diation et Accords Extrajudiciaires. Audit L\u00e9gal dans le Cadre de Proc\u00e9dures d&rsquo;Insolvabilit\u00e9. R\u00e9cup\u00e9ration d&rsquo;Actifs. Administration d&rsquo;Insolvabilit\u00e9. M\u00e9diation et N\u00e9gociation. Formation et S\u00e9minaires.<\/p>\n","protected":false},"author":2,"featured_media":0,"parent":0,"menu_order":0,"comment_status":"closed","ping_status":"closed","template":"elementor_canvas","meta":[],"rttpg_featured_image_url":null,"rttpg_author":{"display_name":"Sominium Solicitors","author_link":"https:\/\/somniumlegal.com\/fr\/author\/somnium-solicitosr\/"},"rttpg_comment":0,"rttpg_category":null,"rttpg_excerpt":"Droit de la faillite Conseil en Proc\u00e9dures d&rsquo;Insolvabilit\u00e9. Restructuration de la Dette. Repr\u00e9sentation des Cr\u00e9anciers. Liquidation d&rsquo;Entreprises. M\u00e9diation et Accords Extrajudiciaires. Audit L\u00e9gal dans le Cadre de Proc\u00e9dures d&rsquo;Insolvabilit\u00e9. R\u00e9cup\u00e9ration d&rsquo;Actifs. Administration d&rsquo;Insolvabilit\u00e9. M\u00e9diation et N\u00e9gociation. Formation et S\u00e9minaires.","_links":{"self":[{"href":"https:\/\/somniumlegal.com\/fr\/wp-json\/wp\/v2\/pages\/3189"}],"collection":[{"href":"https:\/\/somniumlegal.com\/fr\/wp-json\/wp\/v2\/pages"}],"about":[{"href":"https:\/\/somniumlegal.com\/fr\/wp-json\/wp\/v2\/types\/page"}],"author":[{"embeddable":true,"href":"https:\/\/somniumlegal.com\/fr\/wp-json\/wp\/v2\/users\/2"}],"replies":[{"embeddable":true,"href":"https:\/\/somniumlegal.com\/fr\/wp-json\/wp\/v2\/comments?post=3189"}],"version-history":[{"count":9,"href":"https:\/\/somniumlegal.com\/fr\/wp-json\/wp\/v2\/pages\/3189\/revisions"}],"predecessor-version":[{"id":9680,"href":"https:\/\/somniumlegal.com\/fr\/wp-json\/wp\/v2\/pages\/3189\/revisions\/9680"}],"wp:attachment":[{"href":"https:\/\/somniumlegal.com\/fr\/wp-json\/wp\/v2\/media?parent=3189"}],"curies":[{"name":"wp","href":"https:\/\/api.w.org\/{rel}","templated":true}]}}