{"id":900,"date":"2022-03-07T20:02:00","date_gmt":"2022-03-07T19:02:00","guid":{"rendered":"https:\/\/somniumlegal.com\/blog\/?page_id=900"},"modified":"2023-10-31T21:29:30","modified_gmt":"2023-10-31T20:29:30","slug":"steuerberatung","status":"publish","type":"page","link":"https:\/\/somniumlegal.com\/de\/steuerberatung\/","title":{"rendered":"Steuerberatung"},"content":{"rendered":"\t\t<div data-elementor-type=\"wp-page\" data-elementor-id=\"900\" class=\"elementor elementor-900 elementor-690\" data-elementor-settings=\"[]\">\n\t\t\t\t\t\t\t<div class=\"elementor-section-wrap\">\n\t\t\t\t\t\t\t<section class=\"elementor-section elementor-top-section elementor-element elementor-element-4e8e1092 elementor-section-boxed elementor-section-height-default elementor-section-height-default\" data-id=\"4e8e1092\" data-element_type=\"section\">\n\t\t\t\t\t\t<div class=\"elementor-container elementor-column-gap-default\">\n\t\t\t\t\t<div class=\"elementor-column elementor-col-100 elementor-top-column elementor-element elementor-element-187da31c\" data-id=\"187da31c\" data-element_type=\"column\">\n\t\t\t<div class=\"elementor-widget-wrap elementor-element-populated\">\n\t\t\t\t\t\t\t\t<div class=\"elementor-element elementor-element-58015cf8 elementor-widget elementor-widget-heading\" data-id=\"58015cf8\" data-element_type=\"widget\" data-widget_type=\"heading.default\">\n\t\t\t\t<div class=\"elementor-widget-container\">\n\t\t\t<style>\/*! elementor - v3.5.5 - 03-02-2022 *\/\n.elementor-heading-title{padding:0;margin:0;line-height:1}.elementor-widget-heading .elementor-heading-title[class*=elementor-size-]>a{color:inherit;font-size:inherit;line-height:inherit}.elementor-widget-heading .elementor-heading-title.elementor-size-small{font-size:15px}.elementor-widget-heading .elementor-heading-title.elementor-size-medium{font-size:19px}.elementor-widget-heading .elementor-heading-title.elementor-size-large{font-size:29px}.elementor-widget-heading .elementor-heading-title.elementor-size-xl{font-size:39px}.elementor-widget-heading .elementor-heading-title.elementor-size-xxl{font-size:59px}<\/style><h1 class=\"elementor-heading-title elementor-size-default\">Steuerberatung<\/h1>\t\t<\/div>\n\t\t\t\t<\/div>\n\t\t\t\t\t<\/div>\n\t\t<\/div>\n\t\t\t\t\t\t\t<\/div>\n\t\t<\/section>\n\t\t\t\t<section class=\"elementor-section elementor-top-section elementor-element elementor-element-30a13f78 elementor-section-boxed elementor-section-height-default elementor-section-height-default\" data-id=\"30a13f78\" data-element_type=\"section\">\n\t\t\t\t\t\t<div class=\"elementor-container elementor-column-gap-default\">\n\t\t\t\t\t<div class=\"elementor-column elementor-col-100 elementor-top-column elementor-element elementor-element-29b3f202\" data-id=\"29b3f202\" data-element_type=\"column\">\n\t\t\t<div class=\"elementor-widget-wrap elementor-element-populated\">\n\t\t\t\t\t\t\t\t<div class=\"elementor-element elementor-element-5ef053b6 elementor-widget elementor-widget-text-editor\" data-id=\"5ef053b6\" data-element_type=\"widget\" data-widget_type=\"text-editor.default\">\n\t\t\t\t<div class=\"elementor-widget-container\">\n\t\t\t<style>\/*! elementor - v3.5.5 - 03-02-2022 *\/\n.elementor-widget-text-editor.elementor-drop-cap-view-stacked .elementor-drop-cap{background-color:#818a91;color:#fff}.elementor-widget-text-editor.elementor-drop-cap-view-framed .elementor-drop-cap{color:#818a91;border:3px solid;background-color:transparent}.elementor-widget-text-editor:not(.elementor-drop-cap-view-default) .elementor-drop-cap{margin-top:8px}.elementor-widget-text-editor:not(.elementor-drop-cap-view-default) .elementor-drop-cap-letter{width:1em;height:1em}.elementor-widget-text-editor .elementor-drop-cap{float:left;text-align:center;line-height:1;font-size:50px}.elementor-widget-text-editor .elementor-drop-cap-letter{display:inline-block}<\/style>\t\t\t\t<h2 id=\"subtitulo-servicio\" style=\"text-align: justify;\">Bei Somnium Solicitors optimieren wir die Steuerbelastung Ihres Unternehmens, indem wir uns an die geltenden gesetzlichen Bestimmungen halten. Dadurch vermeiden wir Risiken, die schwerwiegende Probleme f\u00fcr Ihr Unternehmen und Ihre Kunden verursachen k\u00f6nnten.<\/h2>\t\t\t\t\t\t<\/div>\n\t\t\t\t<\/div>\n\t\t\t\t\t<\/div>\n\t\t<\/div>\n\t\t\t\t\t\t\t<\/div>\n\t\t<\/section>\n\t\t\t\t<section class=\"elementor-section elementor-top-section elementor-element elementor-element-548b4b1c elementor-section-boxed elementor-section-height-default elementor-section-height-default\" data-id=\"548b4b1c\" data-element_type=\"section\">\n\t\t\t\t\t\t<div class=\"elementor-container elementor-column-gap-default\">\n\t\t\t\t\t<div class=\"elementor-column elementor-col-100 elementor-top-column elementor-element elementor-element-14cb8eeb\" data-id=\"14cb8eeb\" data-element_type=\"column\">\n\t\t\t<div class=\"elementor-widget-wrap elementor-element-populated\">\n\t\t\t\t\t\t\t\t<div class=\"elementor-element elementor-element-3d73a0c1 elementor-widget-divider--view-line elementor-widget elementor-widget-divider\" data-id=\"3d73a0c1\" data-element_type=\"widget\" data-widget_type=\"divider.default\">\n\t\t\t\t<div class=\"elementor-widget-container\">\n\t\t\t<style>\/*! elementor - v3.5.5 - 03-02-2022 *\/\n.elementor-widget-divider{--divider-border-style:none;--divider-border-width:1px;--divider-color:#2c2c2c;--divider-icon-size:20px;--divider-element-spacing:10px;--divider-pattern-height:24px;--divider-pattern-size:20px;--divider-pattern-url:none;--divider-pattern-repeat:repeat-x}.elementor-widget-divider .elementor-divider{display:-webkit-box;display:-ms-flexbox;display:flex}.elementor-widget-divider .elementor-divider__text{font-size:15px;line-height:1;max-width:95%}.elementor-widget-divider .elementor-divider__element{margin:0 var(--divider-element-spacing);-ms-flex-negative:0;flex-shrink:0}.elementor-widget-divider .elementor-icon{font-size:var(--divider-icon-size)}.elementor-widget-divider .elementor-divider-separator{display:-webkit-box;display:-ms-flexbox;display:flex;margin:0;direction:ltr}.elementor-widget-divider--view-line_icon .elementor-divider-separator,.elementor-widget-divider--view-line_text .elementor-divider-separator{-webkit-box-align:center;-ms-flex-align:center;align-items:center}.elementor-widget-divider--view-line_icon .elementor-divider-separator:after,.elementor-widget-divider--view-line_icon .elementor-divider-separator:before,.elementor-widget-divider--view-line_text .elementor-divider-separator:after,.elementor-widget-divider--view-line_text .elementor-divider-separator:before{display:block;content:\"\";border-bottom:0;-webkit-box-flex:1;-ms-flex-positive:1;flex-grow:1;border-top:var(--divider-border-width) var(--divider-border-style) var(--divider-color)}.elementor-widget-divider--element-align-left .elementor-divider .elementor-divider-separator>.elementor-divider__svg:first-of-type{-webkit-box-flex:0;-ms-flex-positive:0;flex-grow:0;-ms-flex-negative:100;flex-shrink:100}.elementor-widget-divider--element-align-left .elementor-divider-separator:before{content:none}.elementor-widget-divider--element-align-left .elementor-divider__element{margin-left:0}.elementor-widget-divider--element-align-right .elementor-divider .elementor-divider-separator>.elementor-divider__svg:last-of-type{-webkit-box-flex:0;-ms-flex-positive:0;flex-grow:0;-ms-flex-negative:100;flex-shrink:100}.elementor-widget-divider--element-align-right .elementor-divider-separator:after{content:none}.elementor-widget-divider--element-align-right .elementor-divider__element{margin-right:0}.elementor-widget-divider:not(.elementor-widget-divider--view-line_text):not(.elementor-widget-divider--view-line_icon) .elementor-divider-separator{border-top:var(--divider-border-width) var(--divider-border-style) var(--divider-color)}.elementor-widget-divider--separator-type-pattern{--divider-border-style:none}.elementor-widget-divider--separator-type-pattern.elementor-widget-divider--view-line .elementor-divider-separator,.elementor-widget-divider--separator-type-pattern:not(.elementor-widget-divider--view-line) .elementor-divider-separator:after,.elementor-widget-divider--separator-type-pattern:not(.elementor-widget-divider--view-line) .elementor-divider-separator:before,.elementor-widget-divider--separator-type-pattern:not([class*=elementor-widget-divider--view]) .elementor-divider-separator{width:100%;min-height:var(--divider-pattern-height);-webkit-mask-size:var(--divider-pattern-size) 100%;mask-size:var(--divider-pattern-size) 100%;-webkit-mask-repeat:var(--divider-pattern-repeat);mask-repeat:var(--divider-pattern-repeat);background-color:var(--divider-color);-webkit-mask-image:var(--divider-pattern-url);mask-image:var(--divider-pattern-url)}.elementor-widget-divider--no-spacing{--divider-pattern-size:auto}.elementor-widget-divider--bg-round{--divider-pattern-repeat:round}.rtl .elementor-widget-divider .elementor-divider__text{direction:rtl}<\/style>\t\t<div class=\"elementor-divider\">\n\t\t\t<span class=\"elementor-divider-separator\">\n\t\t\t\t\t\t<\/span>\n\t\t<\/div>\n\t\t\t\t<\/div>\n\t\t\t\t<\/div>\n\t\t\t\t\t<\/div>\n\t\t<\/div>\n\t\t\t\t\t\t\t<\/div>\n\t\t<\/section>\n\t\t\t\t<section class=\"elementor-section elementor-top-section elementor-element elementor-element-758f4117 elementor-section-boxed elementor-section-height-default elementor-section-height-default\" data-id=\"758f4117\" data-element_type=\"section\">\n\t\t\t\t\t\t<div class=\"elementor-container elementor-column-gap-default\">\n\t\t\t\t\t<div class=\"elementor-column elementor-col-100 elementor-top-column elementor-element elementor-element-59a78152\" data-id=\"59a78152\" data-element_type=\"column\">\n\t\t\t<div class=\"elementor-widget-wrap elementor-element-populated\">\n\t\t\t\t\t\t\t\t<div class=\"elementor-element elementor-element-49015ec3 listado-seccion-servicios elementor-widget elementor-widget-text-editor\" data-id=\"49015ec3\" data-element_type=\"widget\" data-widget_type=\"text-editor.default\">\n\t\t\t\t<div class=\"elementor-widget-container\">\n\t\t\t\t\t\t\t<ul style=\"list-style-type: '\u25c8';\">\n \t<li style=\"text-align: justify; padding-left: 10px;\">\n<h2>Wir werden Ihnen bei Ihrer Steuerplanung helfen<\/h2>\n<ul style=\"list-style-type: '\u25a0';\">\n \t<li style=\"text-align: justify; padding-left: 10px;\">\n<h2>Steuererkl\u00e4rungen ausf\u00fcllen<\/h2>\n<\/li>\n \t<li style=\"text-align: justify; padding-left: 10px;\">\n<h2>Geb\u00fchren<\/h2>\n<\/li>\n \t<li style=\"text-align: justify; padding-left: 10px;\">\n<h2>Abrechnungen<\/h2>\n<\/li>\n<\/ul>\n<\/li>\n \t<li style=\"text-align: justify; padding-left: 10px;\">\n<h2>Wir bieten Ihnen die beste Beratung, damit Sie die besten Entscheidungen treffen und optimale steuerliche L\u00f6sungen finden k\u00f6nnen.<\/h2>\n<\/li>\n<\/ul>\t\t\t\t\t\t<\/div>\n\t\t\t\t<\/div>\n\t\t\t\t\t<\/div>\n\t\t<\/div>\n\t\t\t\t\t\t\t<\/div>\n\t\t<\/section>\n\t\t\t\t<section class=\"elementor-section elementor-top-section elementor-element elementor-element-68dc31ae elementor-section-boxed elementor-section-height-default elementor-section-height-default\" data-id=\"68dc31ae\" data-element_type=\"section\">\n\t\t\t\t\t\t<div class=\"elementor-container elementor-column-gap-default\">\n\t\t\t\t\t<div class=\"elementor-column elementor-col-100 elementor-top-column elementor-element elementor-element-5dbfacf\" data-id=\"5dbfacf\" data-element_type=\"column\">\n\t\t\t<div class=\"elementor-widget-wrap elementor-element-populated\">\n\t\t\t\t\t\t\t\t<div class=\"elementor-element elementor-element-24538f1c elementor-widget elementor-widget-image\" data-id=\"24538f1c\" data-element_type=\"widget\" data-widget_type=\"image.default\">\n\t\t\t\t<div class=\"elementor-widget-container\">\n\t\t\t<style>\/*! elementor - v3.5.5 - 03-02-2022 *\/\n.elementor-widget-image{text-align:center}.elementor-widget-image a{display:inline-block}.elementor-widget-image a img[src$=\".svg\"]{width:48px}.elementor-widget-image img{vertical-align:middle;display:inline-block}<\/style>\t\t\t\t\t\t\t\t\t\t\t\t<img width=\"525\" height=\"350\" src=\"https:\/\/somniumlegal.com\/wp-content\/uploads\/2023\/10\/asesoria-fiscal.jpg\" class=\"attachment-large size-large\" alt=\"asesoria fiscal\" loading=\"lazy\" sizes=\"100vw\" \/>\t\t\t\t\t\t\t\t\t\t\t\t\t\t\t<\/div>\n\t\t\t\t<\/div>\n\t\t\t\t\t<\/div>\n\t\t<\/div>\n\t\t\t\t\t\t\t<\/div>\n\t\t<\/section>\n\t\t\t\t\t\t<\/div>\n\t\t\t\t\t<\/div>\n\t\t","protected":false},"excerpt":{"rendered":"<p>Steuerberatung Bei Somnium Solicitors optimieren wir die Steuerbelastung Ihres Unternehmens, indem wir uns an die geltenden gesetzlichen Bestimmungen halten. Dadurch vermeiden wir Risiken, die schwerwiegende Probleme f\u00fcr Ihr Unternehmen und Ihre Kunden verursachen k\u00f6nnten. Wir werden Ihnen bei Ihrer Steuerplanung helfen Steuererkl\u00e4rungen ausf\u00fcllen Geb\u00fchren Abrechnungen Wir bieten Ihnen die beste Beratung, damit Sie die besten &hellip; <\/p>\n<p class=\"link-more\"><a href=\"https:\/\/somniumlegal.com\/de\/steuerberatung\/\" class=\"more-link\"><span class=\"screen-reader-text\">\u201eSteuerberatung\u201c<\/span> weiterlesen<\/a><\/p>\n","protected":false},"author":1,"featured_media":0,"parent":0,"menu_order":0,"comment_status":"closed","ping_status":"closed","template":"elementor_canvas","meta":[],"rttpg_featured_image_url":null,"rttpg_author":{"display_name":"somnium","author_link":"https:\/\/somniumlegal.com\/de\/author\/somnium\/"},"rttpg_comment":0,"rttpg_category":null,"rttpg_excerpt":"Steuerberatung Bei Somnium Solicitors optimieren wir die Steuerbelastung Ihres Unternehmens, indem wir uns an die geltenden gesetzlichen Bestimmungen halten. Dadurch vermeiden wir Risiken, die schwerwiegende Probleme f\u00fcr Ihr Unternehmen und Ihre Kunden verursachen k\u00f6nnten. Wir werden Ihnen bei Ihrer Steuerplanung helfen Steuererkl\u00e4rungen ausf\u00fcllen Geb\u00fchren Abrechnungen Wir bieten Ihnen die beste Beratung, damit Sie die besten&hellip;","_links":{"self":[{"href":"https:\/\/somniumlegal.com\/de\/wp-json\/wp\/v2\/pages\/900"}],"collection":[{"href":"https:\/\/somniumlegal.com\/de\/wp-json\/wp\/v2\/pages"}],"about":[{"href":"https:\/\/somniumlegal.com\/de\/wp-json\/wp\/v2\/types\/page"}],"author":[{"embeddable":true,"href":"https:\/\/somniumlegal.com\/de\/wp-json\/wp\/v2\/users\/1"}],"replies":[{"embeddable":true,"href":"https:\/\/somniumlegal.com\/de\/wp-json\/wp\/v2\/comments?post=900"}],"version-history":[{"count":13,"href":"https:\/\/somniumlegal.com\/de\/wp-json\/wp\/v2\/pages\/900\/revisions"}],"predecessor-version":[{"id":5100,"href":"https:\/\/somniumlegal.com\/de\/wp-json\/wp\/v2\/pages\/900\/revisions\/5100"}],"wp:attachment":[{"href":"https:\/\/somniumlegal.com\/de\/wp-json\/wp\/v2\/media?parent=900"}],"curies":[{"name":"wp","href":"https:\/\/api.w.org\/{rel}","templated":true}]}}