{"id":872,"date":"2022-03-01T21:50:35","date_gmt":"2022-03-01T20:50:35","guid":{"rendered":"https:\/\/somniumlegal.com\/blog\/?page_id=872"},"modified":"2024-09-30T19:31:12","modified_gmt":"2024-09-30T17:31:12","slug":"buchhaltungsberatung","status":"publish","type":"page","link":"https:\/\/somniumlegal.com\/de\/buchhaltungsberatung\/","title":{"rendered":"Buchhaltungsberatung"},"content":{"rendered":"\t\t<div data-elementor-type=\"wp-page\" data-elementor-id=\"872\" class=\"elementor elementor-872 elementor-442\" data-elementor-settings=\"[]\">\n\t\t\t\t\t\t\t<div class=\"elementor-section-wrap\">\n\t\t\t\t\t\t\t<section class=\"elementor-section elementor-top-section elementor-element elementor-element-34750229 elementor-section-boxed elementor-section-height-default elementor-section-height-default\" data-id=\"34750229\" data-element_type=\"section\">\n\t\t\t\t\t\t<div class=\"elementor-container elementor-column-gap-default\">\n\t\t\t\t\t<div class=\"elementor-column elementor-col-100 elementor-top-column elementor-element elementor-element-116bdda\" data-id=\"116bdda\" data-element_type=\"column\">\n\t\t\t<div class=\"elementor-widget-wrap elementor-element-populated\">\n\t\t\t\t\t\t\t\t<div class=\"elementor-element elementor-element-69a5b46 elementor-widget elementor-widget-heading\" data-id=\"69a5b46\" data-element_type=\"widget\" data-widget_type=\"heading.default\">\n\t\t\t\t<div class=\"elementor-widget-container\">\n\t\t\t<style>\/*! elementor - v3.5.5 - 03-02-2022 *\/\n.elementor-heading-title{padding:0;margin:0;line-height:1}.elementor-widget-heading .elementor-heading-title[class*=elementor-size-]>a{color:inherit;font-size:inherit;line-height:inherit}.elementor-widget-heading .elementor-heading-title.elementor-size-small{font-size:15px}.elementor-widget-heading .elementor-heading-title.elementor-size-medium{font-size:19px}.elementor-widget-heading .elementor-heading-title.elementor-size-large{font-size:29px}.elementor-widget-heading .elementor-heading-title.elementor-size-xl{font-size:39px}.elementor-widget-heading .elementor-heading-title.elementor-size-xxl{font-size:59px}<\/style><h1 class=\"elementor-heading-title elementor-size-default\">Buchhaltungsberatung<\/h1>\t\t<\/div>\n\t\t\t\t<\/div>\n\t\t\t\t\t<\/div>\n\t\t<\/div>\n\t\t\t\t\t\t\t<\/div>\n\t\t<\/section>\n\t\t\t\t<section class=\"elementor-section elementor-top-section elementor-element elementor-element-51b0d403 elementor-section-boxed elementor-section-height-default elementor-section-height-default\" data-id=\"51b0d403\" data-element_type=\"section\">\n\t\t\t\t\t\t<div class=\"elementor-container elementor-column-gap-default\">\n\t\t\t\t\t<div class=\"elementor-column elementor-col-100 elementor-top-column elementor-element elementor-element-79dfa33f\" data-id=\"79dfa33f\" data-element_type=\"column\">\n\t\t\t<div class=\"elementor-widget-wrap elementor-element-populated\">\n\t\t\t\t\t\t\t\t<div class=\"elementor-element elementor-element-1ccb932c elementor-widget elementor-widget-text-editor\" data-id=\"1ccb932c\" data-element_type=\"widget\" data-widget_type=\"text-editor.default\">\n\t\t\t\t<div class=\"elementor-widget-container\">\n\t\t\t<style>\/*! elementor - v3.5.5 - 03-02-2022 *\/\n.elementor-widget-text-editor.elementor-drop-cap-view-stacked .elementor-drop-cap{background-color:#818a91;color:#fff}.elementor-widget-text-editor.elementor-drop-cap-view-framed .elementor-drop-cap{color:#818a91;border:3px solid;background-color:transparent}.elementor-widget-text-editor:not(.elementor-drop-cap-view-default) .elementor-drop-cap{margin-top:8px}.elementor-widget-text-editor:not(.elementor-drop-cap-view-default) .elementor-drop-cap-letter{width:1em;height:1em}.elementor-widget-text-editor .elementor-drop-cap{float:left;text-align:center;line-height:1;font-size:50px}.elementor-widget-text-editor .elementor-drop-cap-letter{display:inline-block}<\/style>\t\t\t\t<p>Unsere <strong>Buchhaltungsberatung<\/strong> bietet umfassendes Management der Finanzbed\u00fcrfnisse Ihres Unternehmens. Wir sind spezialisiert auf die \u00dcberwachung offizieller Buchhaltungsunterlagen, die Verwaltung von Hauptbucheintr\u00e4gen und die Erstellung von Finanzberichten wie Gewinn- und Verlustrechnungen. Unser Team arbeitet eng mit dem Handelsregister zusammen, um die Einhaltung aller Vorschriften zu gew\u00e4hrleisten und Ihnen so Sicherheit zu geben.<\/p><p>Wir passen Ihre Buchhaltungspl\u00e4ne an die spezifischen Anforderungen Ihres Unternehmens an, einschlie\u00dflich spezialisierter analytischer Buchhaltungssysteme, die tiefere Einblicke in Ihre finanzielle Leistung bieten. Durch interne Audits erkennen wir potenzielle Probleme und bieten L\u00f6sungen zur Verbesserung der Qualit\u00e4t Ihres Finanzmanagements.<\/p><p>Investieren Sie in Sicherheit, indem Sie unsere fachkundigen Arbeitsberatungsdienste beauftragen. Wir stellen sicher, dass Ihr Unternehmen alle Buchhaltungsanforderungen erf\u00fcllt, sodass Sie sich auf Wachstum und Entwicklung konzentrieren k\u00f6nnen, w\u00e4hrend wir uns um die Komplexit\u00e4t des Finanzmanagements k\u00fcmmern.<\/p><p>Weitere Einzelheiten zu Buchhaltungsstandards und -vorschriften finden Sie unter <em><span style=\"color: #a7a7a7;\"><a style=\"color: #a7a7a7;\" href=\"https:\/\/www.ifrs.org\/\">International Financial Reporting Standards (IFRS)<\/a><\/span><\/em>.<\/p>\t\t\t\t\t\t<\/div>\n\t\t\t\t<\/div>\n\t\t\t\t\t<\/div>\n\t\t<\/div>\n\t\t\t\t\t\t\t<\/div>\n\t\t<\/section>\n\t\t\t\t<section class=\"elementor-section elementor-top-section elementor-element elementor-element-6144241c elementor-section-boxed elementor-section-height-default elementor-section-height-default\" data-id=\"6144241c\" data-element_type=\"section\">\n\t\t\t\t\t\t<div class=\"elementor-container elementor-column-gap-default\">\n\t\t\t\t\t<div class=\"elementor-column elementor-col-100 elementor-top-column elementor-element elementor-element-5adeadcc\" data-id=\"5adeadcc\" data-element_type=\"column\">\n\t\t\t<div class=\"elementor-widget-wrap elementor-element-populated\">\n\t\t\t\t\t\t\t\t<div class=\"elementor-element elementor-element-6f02508e elementor-widget-divider--view-line elementor-widget elementor-widget-divider\" data-id=\"6f02508e\" data-element_type=\"widget\" data-widget_type=\"divider.default\">\n\t\t\t\t<div class=\"elementor-widget-container\">\n\t\t\t<style>\/*! elementor - v3.5.5 - 03-02-2022 *\/\n.elementor-widget-divider{--divider-border-style:none;--divider-border-width:1px;--divider-color:#2c2c2c;--divider-icon-size:20px;--divider-element-spacing:10px;--divider-pattern-height:24px;--divider-pattern-size:20px;--divider-pattern-url:none;--divider-pattern-repeat:repeat-x}.elementor-widget-divider .elementor-divider{display:-webkit-box;display:-ms-flexbox;display:flex}.elementor-widget-divider .elementor-divider__text{font-size:15px;line-height:1;max-width:95%}.elementor-widget-divider .elementor-divider__element{margin:0 var(--divider-element-spacing);-ms-flex-negative:0;flex-shrink:0}.elementor-widget-divider .elementor-icon{font-size:var(--divider-icon-size)}.elementor-widget-divider .elementor-divider-separator{display:-webkit-box;display:-ms-flexbox;display:flex;margin:0;direction:ltr}.elementor-widget-divider--view-line_icon .elementor-divider-separator,.elementor-widget-divider--view-line_text .elementor-divider-separator{-webkit-box-align:center;-ms-flex-align:center;align-items:center}.elementor-widget-divider--view-line_icon .elementor-divider-separator:after,.elementor-widget-divider--view-line_icon .elementor-divider-separator:before,.elementor-widget-divider--view-line_text .elementor-divider-separator:after,.elementor-widget-divider--view-line_text .elementor-divider-separator:before{display:block;content:\"\";border-bottom:0;-webkit-box-flex:1;-ms-flex-positive:1;flex-grow:1;border-top:var(--divider-border-width) var(--divider-border-style) var(--divider-color)}.elementor-widget-divider--element-align-left .elementor-divider .elementor-divider-separator>.elementor-divider__svg:first-of-type{-webkit-box-flex:0;-ms-flex-positive:0;flex-grow:0;-ms-flex-negative:100;flex-shrink:100}.elementor-widget-divider--element-align-left .elementor-divider-separator:before{content:none}.elementor-widget-divider--element-align-left .elementor-divider__element{margin-left:0}.elementor-widget-divider--element-align-right .elementor-divider .elementor-divider-separator>.elementor-divider__svg:last-of-type{-webkit-box-flex:0;-ms-flex-positive:0;flex-grow:0;-ms-flex-negative:100;flex-shrink:100}.elementor-widget-divider--element-align-right .elementor-divider-separator:after{content:none}.elementor-widget-divider--element-align-right .elementor-divider__element{margin-right:0}.elementor-widget-divider:not(.elementor-widget-divider--view-line_text):not(.elementor-widget-divider--view-line_icon) .elementor-divider-separator{border-top:var(--divider-border-width) var(--divider-border-style) var(--divider-color)}.elementor-widget-divider--separator-type-pattern{--divider-border-style:none}.elementor-widget-divider--separator-type-pattern.elementor-widget-divider--view-line .elementor-divider-separator,.elementor-widget-divider--separator-type-pattern:not(.elementor-widget-divider--view-line) .elementor-divider-separator:after,.elementor-widget-divider--separator-type-pattern:not(.elementor-widget-divider--view-line) .elementor-divider-separator:before,.elementor-widget-divider--separator-type-pattern:not([class*=elementor-widget-divider--view]) .elementor-divider-separator{width:100%;min-height:var(--divider-pattern-height);-webkit-mask-size:var(--divider-pattern-size) 100%;mask-size:var(--divider-pattern-size) 100%;-webkit-mask-repeat:var(--divider-pattern-repeat);mask-repeat:var(--divider-pattern-repeat);background-color:var(--divider-color);-webkit-mask-image:var(--divider-pattern-url);mask-image:var(--divider-pattern-url)}.elementor-widget-divider--no-spacing{--divider-pattern-size:auto}.elementor-widget-divider--bg-round{--divider-pattern-repeat:round}.rtl .elementor-widget-divider .elementor-divider__text{direction:rtl}<\/style>\t\t<div class=\"elementor-divider\">\n\t\t\t<span class=\"elementor-divider-separator\">\n\t\t\t\t\t\t<\/span>\n\t\t<\/div>\n\t\t\t\t<\/div>\n\t\t\t\t<\/div>\n\t\t\t\t\t<\/div>\n\t\t<\/div>\n\t\t\t\t\t\t\t<\/div>\n\t\t<\/section>\n\t\t\t\t<section class=\"elementor-section elementor-top-section elementor-element elementor-element-18489181 elementor-section-boxed elementor-section-height-default elementor-section-height-default\" data-id=\"18489181\" data-element_type=\"section\">\n\t\t\t\t\t\t<div class=\"elementor-container elementor-column-gap-default\">\n\t\t\t\t\t<div class=\"elementor-column elementor-col-100 elementor-top-column elementor-element elementor-element-e4c4fc9\" data-id=\"e4c4fc9\" data-element_type=\"column\">\n\t\t\t<div class=\"elementor-widget-wrap elementor-element-populated\">\n\t\t\t\t\t\t\t\t<div class=\"elementor-element elementor-element-1e144480 listado-seccion-servicios elementor-widget elementor-widget-text-editor\" data-id=\"1e144480\" data-element_type=\"widget\" data-widget_type=\"text-editor.default\">\n\t\t\t\t<div class=\"elementor-widget-container\">\n\t\t\t\t\t\t\t<ul style=\"list-style-type: '\u25c8';\"><li style=\"padding-left: 10px; text-align: justify;\"><h2>Wir werden Ihre Buchungspl\u00e4ne entwerfen.<\/h2><\/li><\/ul><ul style=\"list-style-type: '\u25c8';\"><li style=\"padding-left: 10px; text-align: justify;\"><h2>Spezialisierte Systeme f\u00fcr Kostenrechnung.<\/h2><\/li><\/ul><ul style=\"list-style-type: '\u25c8';\"><li style=\"padding-left: 10px; text-align: justify;\"><h2>Wir f\u00fchren interne Audits durch, um m\u00f6gliche Fehler und M\u00e4ngel zur Verbesserung Ihres Service zu erkennen.<\/h2><\/li><\/ul><ul style=\"list-style-type: '\u25c8';\"><li style=\"padding-left: 10px; text-align: justify;\"><h2>Investieren Sie in Ruhe und beauftragen Sie uns als Ihre Arbeitsberatung mit den Besten.<\/h2><\/li><li><h2 style=\"text-align: justify;\">\u00a0Umfassende Buchhaltungsberatung f\u00fcr Ihr Unternehmen.<\/h2><\/li><\/ul>\t\t\t\t\t\t<\/div>\n\t\t\t\t<\/div>\n\t\t\t\t\t<\/div>\n\t\t<\/div>\n\t\t\t\t\t\t\t<\/div>\n\t\t<\/section>\n\t\t\t\t<section class=\"elementor-section elementor-top-section elementor-element elementor-element-bdf8261 elementor-section-boxed elementor-section-height-default elementor-section-height-default\" data-id=\"bdf8261\" data-element_type=\"section\">\n\t\t\t\t\t\t<div class=\"elementor-container elementor-column-gap-default\">\n\t\t\t\t\t<div class=\"elementor-column elementor-col-100 elementor-top-column elementor-element elementor-element-25f4069\" data-id=\"25f4069\" data-element_type=\"column\">\n\t\t\t<div class=\"elementor-widget-wrap elementor-element-populated\">\n\t\t\t\t\t\t\t\t<div class=\"elementor-element elementor-element-def190f elementor-widget elementor-widget-heading\" data-id=\"def190f\" data-element_type=\"widget\" data-widget_type=\"heading.default\">\n\t\t\t\t<div class=\"elementor-widget-container\">\n\t\t\t<h2 class=\"elementor-heading-title elementor-size-default\"><a href=\"https:\/\/somniumlegal.com\/de\/#kontakt\">Kontakt<\/a><\/h2>\t\t<\/div>\n\t\t\t\t<\/div>\n\t\t\t\t\t<\/div>\n\t\t<\/div>\n\t\t\t\t\t\t\t<\/div>\n\t\t<\/section>\n\t\t\t\t<section class=\"elementor-section elementor-top-section elementor-element elementor-element-46cb8a10 elementor-section-boxed elementor-section-height-default elementor-section-height-default\" data-id=\"46cb8a10\" data-element_type=\"section\">\n\t\t\t\t\t\t<div class=\"elementor-container elementor-column-gap-default\">\n\t\t\t\t\t<div class=\"elementor-column elementor-col-100 elementor-top-column elementor-element elementor-element-5ccb0d58\" data-id=\"5ccb0d58\" data-element_type=\"column\">\n\t\t\t<div class=\"elementor-widget-wrap elementor-element-populated\">\n\t\t\t\t\t\t\t\t<div class=\"elementor-element elementor-element-40d09ab4 elementor-widget elementor-widget-image\" data-id=\"40d09ab4\" data-element_type=\"widget\" data-widget_type=\"image.default\">\n\t\t\t\t<div class=\"elementor-widget-container\">\n\t\t\t<style>\/*! elementor - v3.5.5 - 03-02-2022 *\/\n.elementor-widget-image{text-align:center}.elementor-widget-image a{display:inline-block}.elementor-widget-image a img[src$=\".svg\"]{width:48px}.elementor-widget-image img{vertical-align:middle;display:inline-block}<\/style>\t\t\t\t\t\t\t\t\t\t\t\t<img width=\"525\" height=\"350\" src=\"https:\/\/somniumlegal.com\/wp-content\/uploads\/2023\/10\/asesoria-contable-1024x683.jpg\" class=\"attachment-large size-large\" alt=\"asesoria contable\" loading=\"lazy\" sizes=\"100vw\" \/>\t\t\t\t\t\t\t\t\t\t\t\t\t\t\t<\/div>\n\t\t\t\t<\/div>\n\t\t\t\t\t<\/div>\n\t\t<\/div>\n\t\t\t\t\t\t\t<\/div>\n\t\t<\/section>\n\t\t\t\t\t\t<\/div>\n\t\t\t\t\t<\/div>\n\t\t","protected":false},"excerpt":{"rendered":"<p>Buchhaltungsberatung Unsere Buchhaltungsberatung bietet umfassendes Management der Finanzbed\u00fcrfnisse Ihres Unternehmens. Wir sind spezialisiert auf die \u00dcberwachung offizieller Buchhaltungsunterlagen, die Verwaltung von Hauptbucheintr\u00e4gen und die Erstellung von Finanzberichten wie Gewinn- und Verlustrechnungen. Unser Team arbeitet eng mit dem Handelsregister zusammen, um die Einhaltung aller Vorschriften zu gew\u00e4hrleisten und Ihnen so Sicherheit zu geben. Wir passen Ihre &hellip; <\/p>\n<p class=\"link-more\"><a href=\"https:\/\/somniumlegal.com\/de\/buchhaltungsberatung\/\" class=\"more-link\"><span class=\"screen-reader-text\">\u201eBuchhaltungsberatung\u201c<\/span> weiterlesen<\/a><\/p>\n","protected":false},"author":1,"featured_media":0,"parent":0,"menu_order":0,"comment_status":"closed","ping_status":"closed","template":"elementor_canvas","meta":[],"rttpg_featured_image_url":null,"rttpg_author":{"display_name":"somnium","author_link":"https:\/\/somniumlegal.com\/de\/author\/somnium\/"},"rttpg_comment":0,"rttpg_category":null,"rttpg_excerpt":"Buchhaltungsberatung Unsere Buchhaltungsberatung bietet umfassendes Management der Finanzbed\u00fcrfnisse Ihres Unternehmens. Wir sind spezialisiert auf die \u00dcberwachung offizieller Buchhaltungsunterlagen, die Verwaltung von Hauptbucheintr\u00e4gen und die Erstellung von Finanzberichten wie Gewinn- und Verlustrechnungen. Unser Team arbeitet eng mit dem Handelsregister zusammen, um die Einhaltung aller Vorschriften zu gew\u00e4hrleisten und Ihnen so Sicherheit zu geben. Wir passen Ihre&hellip;","_links":{"self":[{"href":"https:\/\/somniumlegal.com\/de\/wp-json\/wp\/v2\/pages\/872"}],"collection":[{"href":"https:\/\/somniumlegal.com\/de\/wp-json\/wp\/v2\/pages"}],"about":[{"href":"https:\/\/somniumlegal.com\/de\/wp-json\/wp\/v2\/types\/page"}],"author":[{"embeddable":true,"href":"https:\/\/somniumlegal.com\/de\/wp-json\/wp\/v2\/users\/1"}],"replies":[{"embeddable":true,"href":"https:\/\/somniumlegal.com\/de\/wp-json\/wp\/v2\/comments?post=872"}],"version-history":[{"count":22,"href":"https:\/\/somniumlegal.com\/de\/wp-json\/wp\/v2\/pages\/872\/revisions"}],"predecessor-version":[{"id":18773,"href":"https:\/\/somniumlegal.com\/de\/wp-json\/wp\/v2\/pages\/872\/revisions\/18773"}],"wp:attachment":[{"href":"https:\/\/somniumlegal.com\/de\/wp-json\/wp\/v2\/media?parent=872"}],"curies":[{"name":"wp","href":"https:\/\/api.w.org\/{rel}","templated":true}]}}