{"id":867,"date":"2022-03-01T21:29:39","date_gmt":"2022-03-01T20:29:39","guid":{"rendered":"https:\/\/somniumlegal.com\/blog\/?page_id=867"},"modified":"2023-11-18T22:14:11","modified_gmt":"2023-11-18T21:14:11","slug":"insolvenz-handels-und-gesellschaftsrecht","status":"publish","type":"page","link":"https:\/\/somniumlegal.com\/de\/insolvenz-handels-und-gesellschaftsrecht\/","title":{"rendered":"Insolvenz, Handels und Gesellschaftsrecht"},"content":{"rendered":"\t\t<div data-elementor-type=\"wp-page\" data-elementor-id=\"867\" class=\"elementor elementor-867 elementor-441\" data-elementor-settings=\"[]\">\n\t\t\t\t\t\t\t<div class=\"elementor-section-wrap\">\n\t\t\t\t\t\t\t<section class=\"elementor-section elementor-top-section elementor-element elementor-element-48ab0fa elementor-section-boxed elementor-section-height-default elementor-section-height-default\" data-id=\"48ab0fa\" data-element_type=\"section\">\n\t\t\t\t\t\t<div class=\"elementor-container elementor-column-gap-default\">\n\t\t\t\t\t<div class=\"elementor-column elementor-col-100 elementor-top-column elementor-element elementor-element-27ca942d\" data-id=\"27ca942d\" data-element_type=\"column\">\n\t\t\t<div class=\"elementor-widget-wrap elementor-element-populated\">\n\t\t\t\t\t\t\t\t<div class=\"elementor-element elementor-element-6a0a3e0a elementor-widget elementor-widget-heading\" data-id=\"6a0a3e0a\" data-element_type=\"widget\" data-widget_type=\"heading.default\">\n\t\t\t\t<div class=\"elementor-widget-container\">\n\t\t\t<style>\/*! elementor - v3.5.5 - 03-02-2022 *\/\n.elementor-heading-title{padding:0;margin:0;line-height:1}.elementor-widget-heading .elementor-heading-title[class*=elementor-size-]>a{color:inherit;font-size:inherit;line-height:inherit}.elementor-widget-heading .elementor-heading-title.elementor-size-small{font-size:15px}.elementor-widget-heading .elementor-heading-title.elementor-size-medium{font-size:19px}.elementor-widget-heading .elementor-heading-title.elementor-size-large{font-size:29px}.elementor-widget-heading .elementor-heading-title.elementor-size-xl{font-size:39px}.elementor-widget-heading .elementor-heading-title.elementor-size-xxl{font-size:59px}<\/style><h1 class=\"elementor-heading-title elementor-size-default\">Insolvenz, Handels und Gesellschaftsrecht<\/h1>\t\t<\/div>\n\t\t\t\t<\/div>\n\t\t\t\t\t<\/div>\n\t\t<\/div>\n\t\t\t\t\t\t\t<\/div>\n\t\t<\/section>\n\t\t\t\t<section class=\"elementor-section elementor-top-section elementor-element elementor-element-46ae9e42 elementor-section-boxed elementor-section-height-default elementor-section-height-default\" data-id=\"46ae9e42\" data-element_type=\"section\">\n\t\t\t\t\t\t<div class=\"elementor-container elementor-column-gap-default\">\n\t\t\t\t\t<div class=\"elementor-column elementor-col-100 elementor-top-column elementor-element elementor-element-4c46879c\" data-id=\"4c46879c\" data-element_type=\"column\">\n\t\t\t<div class=\"elementor-widget-wrap elementor-element-populated\">\n\t\t\t\t\t\t\t\t<div class=\"elementor-element elementor-element-7700579d elementor-widget-divider--view-line elementor-widget elementor-widget-divider\" data-id=\"7700579d\" data-element_type=\"widget\" data-widget_type=\"divider.default\">\n\t\t\t\t<div class=\"elementor-widget-container\">\n\t\t\t<style>\/*! elementor - v3.5.5 - 03-02-2022 *\/\n.elementor-widget-divider{--divider-border-style:none;--divider-border-width:1px;--divider-color:#2c2c2c;--divider-icon-size:20px;--divider-element-spacing:10px;--divider-pattern-height:24px;--divider-pattern-size:20px;--divider-pattern-url:none;--divider-pattern-repeat:repeat-x}.elementor-widget-divider .elementor-divider{display:-webkit-box;display:-ms-flexbox;display:flex}.elementor-widget-divider .elementor-divider__text{font-size:15px;line-height:1;max-width:95%}.elementor-widget-divider .elementor-divider__element{margin:0 var(--divider-element-spacing);-ms-flex-negative:0;flex-shrink:0}.elementor-widget-divider .elementor-icon{font-size:var(--divider-icon-size)}.elementor-widget-divider .elementor-divider-separator{display:-webkit-box;display:-ms-flexbox;display:flex;margin:0;direction:ltr}.elementor-widget-divider--view-line_icon .elementor-divider-separator,.elementor-widget-divider--view-line_text .elementor-divider-separator{-webkit-box-align:center;-ms-flex-align:center;align-items:center}.elementor-widget-divider--view-line_icon .elementor-divider-separator:after,.elementor-widget-divider--view-line_icon .elementor-divider-separator:before,.elementor-widget-divider--view-line_text .elementor-divider-separator:after,.elementor-widget-divider--view-line_text .elementor-divider-separator:before{display:block;content:\"\";border-bottom:0;-webkit-box-flex:1;-ms-flex-positive:1;flex-grow:1;border-top:var(--divider-border-width) var(--divider-border-style) var(--divider-color)}.elementor-widget-divider--element-align-left .elementor-divider .elementor-divider-separator>.elementor-divider__svg:first-of-type{-webkit-box-flex:0;-ms-flex-positive:0;flex-grow:0;-ms-flex-negative:100;flex-shrink:100}.elementor-widget-divider--element-align-left .elementor-divider-separator:before{content:none}.elementor-widget-divider--element-align-left .elementor-divider__element{margin-left:0}.elementor-widget-divider--element-align-right .elementor-divider .elementor-divider-separator>.elementor-divider__svg:last-of-type{-webkit-box-flex:0;-ms-flex-positive:0;flex-grow:0;-ms-flex-negative:100;flex-shrink:100}.elementor-widget-divider--element-align-right .elementor-divider-separator:after{content:none}.elementor-widget-divider--element-align-right .elementor-divider__element{margin-right:0}.elementor-widget-divider:not(.elementor-widget-divider--view-line_text):not(.elementor-widget-divider--view-line_icon) .elementor-divider-separator{border-top:var(--divider-border-width) var(--divider-border-style) var(--divider-color)}.elementor-widget-divider--separator-type-pattern{--divider-border-style:none}.elementor-widget-divider--separator-type-pattern.elementor-widget-divider--view-line .elementor-divider-separator,.elementor-widget-divider--separator-type-pattern:not(.elementor-widget-divider--view-line) .elementor-divider-separator:after,.elementor-widget-divider--separator-type-pattern:not(.elementor-widget-divider--view-line) .elementor-divider-separator:before,.elementor-widget-divider--separator-type-pattern:not([class*=elementor-widget-divider--view]) .elementor-divider-separator{width:100%;min-height:var(--divider-pattern-height);-webkit-mask-size:var(--divider-pattern-size) 100%;mask-size:var(--divider-pattern-size) 100%;-webkit-mask-repeat:var(--divider-pattern-repeat);mask-repeat:var(--divider-pattern-repeat);background-color:var(--divider-color);-webkit-mask-image:var(--divider-pattern-url);mask-image:var(--divider-pattern-url)}.elementor-widget-divider--no-spacing{--divider-pattern-size:auto}.elementor-widget-divider--bg-round{--divider-pattern-repeat:round}.rtl .elementor-widget-divider .elementor-divider__text{direction:rtl}<\/style>\t\t<div class=\"elementor-divider\">\n\t\t\t<span class=\"elementor-divider-separator\">\n\t\t\t\t\t\t<\/span>\n\t\t<\/div>\n\t\t\t\t<\/div>\n\t\t\t\t<\/div>\n\t\t\t\t\t<\/div>\n\t\t<\/div>\n\t\t\t\t\t\t\t<\/div>\n\t\t<\/section>\n\t\t\t\t<section class=\"elementor-section elementor-top-section elementor-element elementor-element-6727da63 elementor-section-boxed elementor-section-height-default elementor-section-height-default\" data-id=\"6727da63\" data-element_type=\"section\">\n\t\t\t\t\t\t<div class=\"elementor-container elementor-column-gap-default\">\n\t\t\t\t\t<div class=\"elementor-column elementor-col-100 elementor-top-column elementor-element elementor-element-e2bca98\" data-id=\"e2bca98\" data-element_type=\"column\">\n\t\t\t<div class=\"elementor-widget-wrap elementor-element-populated\">\n\t\t\t\t\t\t\t\t<div class=\"elementor-element elementor-element-5d4ba50d listado-seccion-servicios elementor-widget elementor-widget-text-editor\" data-id=\"5d4ba50d\" data-element_type=\"widget\" data-widget_type=\"text-editor.default\">\n\t\t\t\t<div class=\"elementor-widget-container\">\n\t\t\t<style>\/*! elementor - v3.5.5 - 03-02-2022 *\/\n.elementor-widget-text-editor.elementor-drop-cap-view-stacked .elementor-drop-cap{background-color:#818a91;color:#fff}.elementor-widget-text-editor.elementor-drop-cap-view-framed .elementor-drop-cap{color:#818a91;border:3px solid;background-color:transparent}.elementor-widget-text-editor:not(.elementor-drop-cap-view-default) .elementor-drop-cap{margin-top:8px}.elementor-widget-text-editor:not(.elementor-drop-cap-view-default) .elementor-drop-cap-letter{width:1em;height:1em}.elementor-widget-text-editor .elementor-drop-cap{float:left;text-align:center;line-height:1;font-size:50px}.elementor-widget-text-editor .elementor-drop-cap-letter{display:inline-block}<\/style>\t\t\t\t<ul style=\"list-style-type: '\u25c8';\">\n    <li style=\"text-align: justify; padding-left: 10px;\">\n        <h2>Beratung und Unterst\u00fctzung bei der Gr\u00fcndung von Unternehmen, Tochtergesellschaften und Niederlassungen.<\/h2>\n    <\/li>\n    <li style=\"text-align: justify; padding-left: 10px;\">\n        <h2>Erwerb und Verkauf von Unternehmen, Gesch\u00e4ftsbereichen und Verm\u00f6genswerten.<\/h2>\n    <\/li>\n    <li style=\"text-align: justify; padding-left: 10px;\">\n        <h2>Unterst\u00fctzung bei Unternehmenstransaktionen.<\/h2>\n    <\/li>\n    <li style=\"text-align: justify; padding-left: 10px;\">\n        <h2>Kauf und Verkauf von Aktien und Beteiligungen.<\/h2>\n    <\/li>\n    <li style=\"text-align: justify; padding-left: 10px;\">\n        <h2>Kapitalerh\u00f6hung\/-verminderung.<\/h2>\n    <\/li>\n    <li style=\"text-align: justify; padding-left: 10px;\">\n        <h2>Fusionen und andere strukturelle \u00c4nderungen in Handelsgesellschaften.<\/h2>\n    <\/li>\n    <li style=\"text-align: justify; padding-left: 10px;\">\n        <h2>Formalisierung von Vereinbarungen: Joint Ventures, Personenhandelsgesellschaften und Gemeinschaftseigentum.<\/h2>\n    <\/li>\n    <li style=\"text-align: justify; padding-left: 10px;\">\n        <h2>Beratung und Erstellung von Familienprotokollen.<\/h2>\n    <\/li>\n    <li style=\"text-align: justify; padding-left: 10px;\">\n        <h2>Aufl\u00f6sung und Liquidation von Handelsgesellschaften.<\/h2>\n    <\/li>\n    <li style=\"text-align: justify; padding-left: 10px;\">\n        <h2>Spezialisten f\u00fcr Insolvenzverfahren.<\/h2>\n    <\/li>\n    <li style=\"text-align: justify; padding-left: 10px;\">\n        <h2>Haftung des Unternehmensleiters.<\/h2>\n    <\/li>\n    <li style=\"text-align: justify; padding-left: 10px;\">\n        <h2>Herausforderung von Unternehmensbeschl\u00fcssen, Verteidigung der Interessen von Minderheitsaktion\u00e4ren und des Aufsichtsrats.<\/h2>\n    <\/li>\n    <li style=\"text-align: justify; padding-left: 10px;\">\n        <h2>Forderungen und Inkasso aller Art.<\/h2>\n    <\/li>\n    <li style=\"text-align: justify; padding-left: 10px;\">\n        <h2>Vertriebs- und Vertriebsvertr\u00e4ge: Handelsvertretervertr\u00e4ge, Konzessionen und Franchisevertr\u00e4ge.<\/h2>\n    <\/li>\n    <li style=\"text-align: justify; padding-left: 10px;\">\n        <h2>Nationale, innergemeinschaftliche und au\u00dfergemeinschaftliche Warenkaufvertr\u00e4ge.<\/h2>\n    <\/li>\n    <li style=\"text-align: justify; padding-left: 10px;\">\n        <h2>Vertr\u00e4ge \u00fcber geistiges und gewerbliches Eigentum: Marken, Patente und Gebrauchsmuster.<\/h2>\n    <\/li>\n    <li style=\"text-align: justify; padding-left: 10px;\">\n        <h2>B\u00fcrgschaftsvertr\u00e4ge, Gegenb\u00fcrgschaften, Anleihen und Wechselgarantien.<\/h2>\n    <\/li>\n    <li style=\"text-align: justify; padding-left: 10px;\">\n        <h2>Handelsdarlehens- und Finanzierungsleasingvertr\u00e4ge.<\/h2>\n    <\/li>\n    <li style=\"text-align: justify; padding-left: 10px;\">\n        <h2>Vertr\u00e4ge f\u00fcr Bauarbeiten, Dienstleistungen, Ingenieurwesen und Outsourcing.<\/h2>\n    <\/li>\n    <li style=\"text-align: justify; padding-left: 10px;\">\n        <h2>Vertr\u00e4ge f\u00fcr Transport und Logistikdienstleistungen.<\/h2>\n    <\/li>\n    <li style=\"text-align: justify; padding-left: 10px;\">\n        <h2>Kaufvertr\u00e4ge f\u00fcr Software, Hardware und E-Commerce.<\/h2>\n    <\/li>\n    <li style=\"text-align: justify; padding-left: 10px;\">\n        <h2>F\u00fchrung der Handelsb\u00fccher.<\/h2>\n    <\/li>\n    <li style=\"text-align: justify; padding-left: 10px;\">\n        <h2>Eintragungen und Verfahren im Handelsregister.<\/h2>\n    <\/li>\n<\/ul>\n\t\t\t\t\t\t<\/div>\n\t\t\t\t<\/div>\n\t\t\t\t<div class=\"elementor-element elementor-element-70954607 elementor-widget elementor-widget-image\" data-id=\"70954607\" data-element_type=\"widget\" data-widget_type=\"image.default\">\n\t\t\t\t<div class=\"elementor-widget-container\">\n\t\t\t<style>\/*! elementor - v3.5.5 - 03-02-2022 *\/\n.elementor-widget-image{text-align:center}.elementor-widget-image a{display:inline-block}.elementor-widget-image a img[src$=\".svg\"]{width:48px}.elementor-widget-image img{vertical-align:middle;display:inline-block}<\/style>\t\t\t\t\t\t\t\t\t\t\t\t<img width=\"525\" height=\"344\" src=\"https:\/\/somniumlegal.com\/wp-content\/uploads\/2023\/10\/derecho-mercantil-1024x671.jpeg\" class=\"attachment-large size-large\" alt=\"Derecho Mercantil: Imagen de una biblioteca jur\u00eddica con un port\u00e1til a la izquierda, dos libros a la derecha y en el centro un libro antiguo abierto.\" loading=\"lazy\" sizes=\"100vw\" \/>\t\t\t\t\t\t\t\t\t\t\t\t\t\t\t<\/div>\n\t\t\t\t<\/div>\n\t\t\t\t\t<\/div>\n\t\t<\/div>\n\t\t\t\t\t\t\t<\/div>\n\t\t<\/section>\n\t\t\t\t\t\t<\/div>\n\t\t\t\t\t<\/div>\n\t\t","protected":false},"excerpt":{"rendered":"<p>Insolvenz, Handels und Gesellschaftsrecht Beratung und Unterst\u00fctzung bei der Gr\u00fcndung von Unternehmen, Tochtergesellschaften und Niederlassungen. Erwerb und Verkauf von Unternehmen, Gesch\u00e4ftsbereichen und Verm\u00f6genswerten. Unterst\u00fctzung bei Unternehmenstransaktionen. Kauf und Verkauf von Aktien und Beteiligungen. Kapitalerh\u00f6hung\/-verminderung. Fusionen und andere strukturelle \u00c4nderungen in Handelsgesellschaften. Formalisierung von Vereinbarungen: Joint Ventures, Personenhandelsgesellschaften und Gemeinschaftseigentum. Beratung und Erstellung von Familienprotokollen. Aufl\u00f6sung &hellip; <\/p>\n<p class=\"link-more\"><a href=\"https:\/\/somniumlegal.com\/de\/insolvenz-handels-und-gesellschaftsrecht\/\" class=\"more-link\"><span class=\"screen-reader-text\">\u201eInsolvenz, Handels und Gesellschaftsrecht\u201c<\/span> weiterlesen<\/a><\/p>\n","protected":false},"author":1,"featured_media":0,"parent":0,"menu_order":0,"comment_status":"closed","ping_status":"closed","template":"elementor_canvas","meta":[],"rttpg_featured_image_url":null,"rttpg_author":{"display_name":"somnium","author_link":"https:\/\/somniumlegal.com\/de\/author\/somnium\/"},"rttpg_comment":0,"rttpg_category":null,"rttpg_excerpt":"Insolvenz, Handels und Gesellschaftsrecht Beratung und Unterst\u00fctzung bei der Gr\u00fcndung von Unternehmen, Tochtergesellschaften und Niederlassungen. Erwerb und Verkauf von Unternehmen, Gesch\u00e4ftsbereichen und Verm\u00f6genswerten. Unterst\u00fctzung bei Unternehmenstransaktionen. Kauf und Verkauf von Aktien und Beteiligungen. Kapitalerh\u00f6hung\/-verminderung. Fusionen und andere strukturelle \u00c4nderungen in Handelsgesellschaften. Formalisierung von Vereinbarungen: Joint Ventures, Personenhandelsgesellschaften und Gemeinschaftseigentum. Beratung und Erstellung von Familienprotokollen. Aufl\u00f6sung&hellip;","_links":{"self":[{"href":"https:\/\/somniumlegal.com\/de\/wp-json\/wp\/v2\/pages\/867"}],"collection":[{"href":"https:\/\/somniumlegal.com\/de\/wp-json\/wp\/v2\/pages"}],"about":[{"href":"https:\/\/somniumlegal.com\/de\/wp-json\/wp\/v2\/types\/page"}],"author":[{"embeddable":true,"href":"https:\/\/somniumlegal.com\/de\/wp-json\/wp\/v2\/users\/1"}],"replies":[{"embeddable":true,"href":"https:\/\/somniumlegal.com\/de\/wp-json\/wp\/v2\/comments?post=867"}],"version-history":[{"count":14,"href":"https:\/\/somniumlegal.com\/de\/wp-json\/wp\/v2\/pages\/867\/revisions"}],"predecessor-version":[{"id":5661,"href":"https:\/\/somniumlegal.com\/de\/wp-json\/wp\/v2\/pages\/867\/revisions\/5661"}],"wp:attachment":[{"href":"https:\/\/somniumlegal.com\/de\/wp-json\/wp\/v2\/media?parent=867"}],"curies":[{"name":"wp","href":"https:\/\/api.w.org\/{rel}","templated":true}]}}