{"id":4068,"date":"2022-03-15T19:22:47","date_gmt":"2022-03-15T18:22:47","guid":{"rendered":"https:\/\/somniumlegal.com\/?page_id=4068"},"modified":"2024-05-19T23:47:20","modified_gmt":"2024-05-19T21:47:20","slug":"blog","status":"publish","type":"page","link":"https:\/\/somniumlegal.com\/de\/blog\/","title":{"rendered":"Blog"},"content":{"rendered":"\t\t<div data-elementor-type=\"wp-page\" data-elementor-id=\"4068\" class=\"elementor elementor-4068 elementor-1185\" data-elementor-settings=\"[]\">\n\t\t\t\t\t\t\t<div class=\"elementor-section-wrap\">\n\t\t\t\t\t\t\t<section class=\"elementor-section elementor-top-section elementor-element elementor-element-e7fea5b elementor-section-boxed elementor-section-height-default elementor-section-height-default\" data-id=\"e7fea5b\" data-element_type=\"section\">\n\t\t\t\t\t\t<div class=\"elementor-container elementor-column-gap-default\">\n\t\t\t\t\t<div class=\"elementor-column elementor-col-100 elementor-top-column elementor-element elementor-element-c208d4f\" data-id=\"c208d4f\" data-element_type=\"column\">\n\t\t\t<div class=\"elementor-widget-wrap elementor-element-populated\">\n\t\t\t\t\t\t\t\t<div class=\"elementor-element elementor-element-93ec076 section-title-style-style4 section-title-align-left elementor-widget elementor-widget-tpg-section-title\" data-id=\"93ec076\" data-element_type=\"widget\" data-widget_type=\"tpg-section-title.default\">\n\t\t\t\t<div class=\"elementor-widget-container\">\n\t\t\t\t\t<div class=\"rt-container-fluid rt-tpg-container tpg-el-main-wrapper clearfix  section-title-style-style4 section-title-align-left\">\n\t\t\t<div class='tpg-header-wrapper'>\n\t\t<div class=\"tpg-widget-heading-wrapper rt-clear heading-style4 \">\n\t\t\t<span class=\"tpg-widget-heading-line line-left\"><\/span>\n\t\t\t<h1 class='tpg-widget-heading'>\n\t\t\t\n\t\t\t\t\t\t\t\t\t<span>\n\t\t\t\t\t\tNACHRICHT\t\t\t\t\t<\/span>\n\t\t\t\t\t\n\t\t\t\t\t\t\t<\/h1>\t\t\t<span class=\"tpg-widget-heading-line line-right\"><\/span>\n\n\t\t\t\n\t\t<\/div>\n\n\t\t\n\t\t<\/div>\t\t<\/div>\n\t\t\t\t<\/div>\n\t\t\t\t<\/div>\n\t\t\t\t\t<\/div>\n\t\t<\/div>\n\t\t\t\t\t\t\t<\/div>\n\t\t<\/section>\n\t\t\t\t<section class=\"elementor-section elementor-top-section elementor-element elementor-element-7b18456 elementor-section-boxed elementor-section-height-default elementor-section-height-default\" data-id=\"7b18456\" data-element_type=\"section\">\n\t\t\t\t\t\t<div class=\"elementor-container elementor-column-gap-default\">\n\t\t\t\t\t<div class=\"elementor-column elementor-col-100 elementor-top-column elementor-element elementor-element-57f8184\" data-id=\"57f8184\" data-element_type=\"column\">\n\t\t\t<div class=\"elementor-widget-wrap elementor-element-populated\">\n\t\t\t\t\t\t\t\t<div class=\"elementor-element elementor-element-2f8b340 tpg-wrapper-align-left title-alignment-justify title_hover_border_disable meta-visibility-show title_position_default title-default img_hover_animation_default meta_position_default readmore-btn-default-style grid-hover-overlay-type-always tpg-el-box-border-enable tpg-border-bottom-disable elementor-widget elementor-widget-tpg-grid-layout\" data-id=\"2f8b340\" data-element_type=\"widget\" data-widget_type=\"tpg-grid-layout.default\">\n\t\t\t\t<div class=\"elementor-widget-container\">\n\t\t\t\t\t<div class=\"rt-container-fluid rt-tpg-container tpg-el-main-wrapper clearfix grid-layout4-main \"\n\t\t\t id=\"rt-tpg-container-1550713992\"\n\t\t\t data-layout=\"grid-layout4\"\n\t\t\t data-grid-style=\"tpg-full-height\"\n\t\t\t data-sc-id=\"elementor\"\n\t\t\t data-el-settings=''\n\t\t\t data-el-query=''\n\t\t\t data-el-path=''\n\t\t>\n\n\t\t\t\t\t\t<div class='tpg-header-wrapper '>\n\t\t\t\t\t\t\t<\/div>\n\n\t\t\t<div data-title=\"Loading ...\" class=\"rt-row rt-content-loader grid-layout4 grid-behaviour tpg-full-height grid_layout_wrapper\">\n\t\t\t\t\n<div class=\"rt-col-md-4 rt-col-sm-6 rt-col-xs-12 default rt-grid-item\" data-id=\"18820\">\n\t<div class=\"rt-holder tpg-post-holder\">\n\t\t<div class=\"rt-detail rt-el-content-wrapper\">\n\t\t\t\t\t\t\t<div class=\"rt-img-holder tpg-el-image-wrap has-thumbnail\">\n\t\t\t\t\t<a data-id=\"18820\" href=\"https:\/\/somniumlegal.com\/de\/schutz-der-fluggaeste-verweigerung-des-boardings-flugannullierungen-verspaetungen-klassenwechsel-und-gepaeckprobleme\/\" class=\"tpg-post-link\" target=\"_self\">\t\t\t\t\t\t<img loading=\"lazy\" src=\"https:\/\/somniumlegal.com\/wp-content\/uploads\/2024\/10\/Derecho-del-Transporte-y-Proteccion-de-Pasajeros-Aereos.png\"\n\t\t\t\t\t\t\t class=\"rt-img-responsive\"\n\t\t\t\t\t\t\t width=\"525\"\n\t\t\t\t\t\t\t height=\"319\"\n\t\t\t\t\t\t\t alt=\"Schutz der Flugg\u00e4ste: Verweigerung des Boardings, Flugannullierungen, Versp\u00e4tungen, Klassenwechsel und Gep\u00e4ckprobleme\">\n\t\t\t\t\t\t\n\t\t\t\t\t\t\t\n\t\t<\/a>\n\t\t\t\t<div class=\"overlay grid-hover-content\"><\/div>\n\t\t\t\t\t\t<\/div>\n\t\t\t\n\t\t\t<div class=\"entry-title-wrapper\"><h2 class=\"entry-title\"><a data-id=\"18820\" href=\"https:\/\/somniumlegal.com\/de\/schutz-der-fluggaeste-verweigerung-des-boardings-flugannullierungen-verspaetungen-klassenwechsel-und-gepaeckprobleme\/\" class=\"tpg-post-link\" target=\"_self\">Schutz der Flugg\u00e4ste: Verweigerung des Boardings, Flugannullierungen, Versp\u00e4tungen, Klassenwechsel und Gep\u00e4ckprobleme<\/a><\/h2><\/div>\n\t\t\t\t\t\t\t<div class=\"post-meta-tags rt-el-post-meta\">\n\t\t\t\t\t\t\t\t<span class='date'>\n\t\t\t\t<i class='flaticon-calendar '><\/i>\t\t\t\t<a href=\"https:\/\/somniumlegal.com\/de\/2024\/10\/17\/\">\n\t\t\t\t\t17 Oktober, 2024\t\t\t\t<\/a>\n\t\t\t<\/span>\n\t\t\t\t\t\t\t<\/div>\n\t\t\t\n\t\t\t\t\t\t\t<div class=\"tpg-excerpt tpg-el-excerpt\">\n\t\t\t\t\t\t\t\t\t\t\t<div class=\"tpg-excerpt-inner\">\n\t\t\t\t\t\t\tDie Rechte der Flugg\u00e4ste haben an Bedeutung gewonnen, da das Fliegen immer komplexer und h\u00e4ufiger geworden ist. Bei Somnium Legal, mit B\u00fcros in Orihuela und Orihuela Costa, bieten wir rechtliche...\t\t\t\t\t\t<\/div>\n\t\t\t\t\t\t\t\t\t\t\t\t\t\t<\/div>\n\t\t\t\n\t\t\t\t\t<div class=\"post-footer\">\n\t\t\t<div class=\"post-footer\">\n\t\t\t\t<div class=\"read-more\">\n\t\t\t\t\t<a data-id=\"18820\" href=\"https:\/\/somniumlegal.com\/de\/schutz-der-fluggaeste-verweigerung-des-boardings-flugannullierungen-verspaetungen-klassenwechsel-und-gepaeckprobleme\/\" class=\"tpg-post-link\" target=\"_self\">Leer m\u00e1s<\/a>\t\t\t\t<\/div>\n\t\t\t<\/div>\n\t\t<\/div>\n\t\t\t\t<\/div>\n\t<\/div>\n<\/div>\n\n<div class=\"rt-col-md-4 rt-col-sm-6 rt-col-xs-12 default rt-grid-item\" data-id=\"18560\">\n\t<div class=\"rt-holder tpg-post-holder\">\n\t\t<div class=\"rt-detail rt-el-content-wrapper\">\n\t\t\t\t\t\t\t<div class=\"rt-img-holder tpg-el-image-wrap has-thumbnail\">\n\t\t\t\t\t<a data-id=\"18560\" href=\"https:\/\/somniumlegal.com\/de\/schwung-bei-der-eigentumsuebertragung-ein-umfassender-leitfaden\/\" class=\"tpg-post-link\" target=\"_self\">\t\t\t\t\t\t<img loading=\"lazy\" src=\"https:\/\/somniumlegal.com\/wp-content\/uploads\/2024\/09\/Conveyancing-zing.png\"\n\t\t\t\t\t\t\t class=\"rt-img-responsive\"\n\t\t\t\t\t\t\t width=\"525\"\n\t\t\t\t\t\t\t height=\"319\"\n\t\t\t\t\t\t\t alt=\"Schwung bei der Eigentums\u00fcbertragung: Ein umfassender Leitfaden\">\n\t\t\t\t\t\t\n\t\t\t\t\t\t\t\n\t\t<\/a>\n\t\t\t\t<div class=\"overlay grid-hover-content\"><\/div>\n\t\t\t\t\t\t<\/div>\n\t\t\t\n\t\t\t<div class=\"entry-title-wrapper\"><h2 class=\"entry-title\"><a data-id=\"18560\" href=\"https:\/\/somniumlegal.com\/de\/schwung-bei-der-eigentumsuebertragung-ein-umfassender-leitfaden\/\" class=\"tpg-post-link\" target=\"_self\">Schwung bei der Eigentums\u00fcbertragung: Ein umfassender Leitfaden<\/a><\/h2><\/div>\n\t\t\t\t\t\t\t<div class=\"post-meta-tags rt-el-post-meta\">\n\t\t\t\t\t\t\t\t<span class='date'>\n\t\t\t\t<i class='flaticon-calendar '><\/i>\t\t\t\t<a href=\"https:\/\/somniumlegal.com\/de\/2024\/09\/25\/\">\n\t\t\t\t\t25 September, 2024\t\t\t\t<\/a>\n\t\t\t<\/span>\n\t\t\t\t\t\t\t<\/div>\n\t\t\t\n\t\t\t\t\t\t\t<div class=\"tpg-excerpt tpg-el-excerpt\">\n\t\t\t\t\t\t\t\t\t\t\t<div class=\"tpg-excerpt-inner\">\n\t\t\t\t\t\t\tDer Begriff \u201eZwang bei der Eigentums\u00fcbertragung\u201c ist im Rechts- oder Immobilienbereich vielleicht keine g\u00e4ngige Bezeichnung, aber wenn wir \u201eZwang\u201c als etwas verstehen, das dem...\t\t\t\t\t\t<\/div>\n\t\t\t\t\t\t\t\t\t\t\t\t\t\t<\/div>\n\t\t\t\n\t\t\t\t\t<div class=\"post-footer\">\n\t\t\t<div class=\"post-footer\">\n\t\t\t\t<div class=\"read-more\">\n\t\t\t\t\t<a data-id=\"18560\" href=\"https:\/\/somniumlegal.com\/de\/schwung-bei-der-eigentumsuebertragung-ein-umfassender-leitfaden\/\" class=\"tpg-post-link\" target=\"_self\">Leer m\u00e1s<\/a>\t\t\t\t<\/div>\n\t\t\t<\/div>\n\t\t<\/div>\n\t\t\t\t<\/div>\n\t<\/div>\n<\/div>\n\n<div class=\"rt-col-md-4 rt-col-sm-6 rt-col-xs-12 default rt-grid-item\" data-id=\"18481\">\n\t<div class=\"rt-holder tpg-post-holder\">\n\t\t<div class=\"rt-detail rt-el-content-wrapper\">\n\t\t\t\t\t\t\t<div class=\"rt-img-holder tpg-el-image-wrap has-thumbnail\">\n\t\t\t\t\t<a data-id=\"18481\" href=\"https:\/\/somniumlegal.com\/de\/eigentumsuebertragung-selbst-durchfuehren-ein-umfassender-leitfaden\/\" class=\"tpg-post-link\" target=\"_self\">\t\t\t\t\t\t<img loading=\"lazy\" src=\"https:\/\/somniumlegal.com\/wp-content\/uploads\/2024\/09\/Conveyancing-Yourself.png\"\n\t\t\t\t\t\t\t class=\"rt-img-responsive\"\n\t\t\t\t\t\t\t width=\"525\"\n\t\t\t\t\t\t\t height=\"319\"\n\t\t\t\t\t\t\t alt=\"Eigentums\u00fcbertragung selbst durchf\u00fchren: Ein umfassender Leitfaden\">\n\t\t\t\t\t\t\n\t\t\t\t\t\t\t\n\t\t<\/a>\n\t\t\t\t<div class=\"overlay grid-hover-content\"><\/div>\n\t\t\t\t\t\t<\/div>\n\t\t\t\n\t\t\t<div class=\"entry-title-wrapper\"><h2 class=\"entry-title\"><a data-id=\"18481\" href=\"https:\/\/somniumlegal.com\/de\/eigentumsuebertragung-selbst-durchfuehren-ein-umfassender-leitfaden\/\" class=\"tpg-post-link\" target=\"_self\">Eigentums\u00fcbertragung selbst durchf\u00fchren: Ein umfassender Leitfaden<\/a><\/h2><\/div>\n\t\t\t\t\t\t\t<div class=\"post-meta-tags rt-el-post-meta\">\n\t\t\t\t\t\t\t\t<span class='date'>\n\t\t\t\t<i class='flaticon-calendar '><\/i>\t\t\t\t<a href=\"https:\/\/somniumlegal.com\/de\/2024\/09\/17\/\">\n\t\t\t\t\t17 September, 2024\t\t\t\t<\/a>\n\t\t\t<\/span>\n\t\t\t\t\t\t\t<\/div>\n\t\t\t\n\t\t\t\t\t\t\t<div class=\"tpg-excerpt tpg-el-excerpt\">\n\t\t\t\t\t\t\t\t\t\t\t<div class=\"tpg-excerpt-inner\">\n\t\t\t\t\t\t\tDie Eigentums\u00fcbertragung selbst durchzuf\u00fchren \u2013 auch als DIY-Eigentums\u00fcbertragung bekannt \u2013 kann wie eine kosteng\u00fcnstige L\u00f6sung f\u00fcr die \u00dcbertragung des Eigentums an einer Immobilie erscheinen. Der...\t\t\t\t\t\t<\/div>\n\t\t\t\t\t\t\t\t\t\t\t\t\t\t<\/div>\n\t\t\t\n\t\t\t\t\t<div class=\"post-footer\">\n\t\t\t<div class=\"post-footer\">\n\t\t\t\t<div class=\"read-more\">\n\t\t\t\t\t<a data-id=\"18481\" href=\"https:\/\/somniumlegal.com\/de\/eigentumsuebertragung-selbst-durchfuehren-ein-umfassender-leitfaden\/\" class=\"tpg-post-link\" target=\"_self\">Leer m\u00e1s<\/a>\t\t\t\t<\/div>\n\t\t\t<\/div>\n\t\t<\/div>\n\t\t\t\t<\/div>\n\t<\/div>\n<\/div>\n\n<div class=\"rt-col-md-4 rt-col-sm-6 rt-col-xs-12 default rt-grid-item\" data-id=\"18413\">\n\t<div class=\"rt-holder tpg-post-holder\">\n\t\t<div class=\"rt-detail rt-el-content-wrapper\">\n\t\t\t\t\t\t\t<div class=\"rt-img-holder tpg-el-image-wrap has-thumbnail\">\n\t\t\t\t\t<a data-id=\"18413\" href=\"https:\/\/somniumlegal.com\/de\/eigentumsuebertragung-von-yachten-ein-umfassender-leitfaden\/\" class=\"tpg-post-link\" target=\"_self\">\t\t\t\t\t\t<img loading=\"lazy\" src=\"https:\/\/somniumlegal.com\/wp-content\/uploads\/2024\/09\/Conveyancing-yacht.png\"\n\t\t\t\t\t\t\t class=\"rt-img-responsive\"\n\t\t\t\t\t\t\t width=\"525\"\n\t\t\t\t\t\t\t height=\"319\"\n\t\t\t\t\t\t\t alt=\"Eigentums\u00fcbertragung von Yachten: Ein umfassender Leitfaden\">\n\t\t\t\t\t\t\n\t\t\t\t\t\t\t\n\t\t<\/a>\n\t\t\t\t<div class=\"overlay grid-hover-content\"><\/div>\n\t\t\t\t\t\t<\/div>\n\t\t\t\n\t\t\t<div class=\"entry-title-wrapper\"><h2 class=\"entry-title\"><a data-id=\"18413\" href=\"https:\/\/somniumlegal.com\/de\/eigentumsuebertragung-von-yachten-ein-umfassender-leitfaden\/\" class=\"tpg-post-link\" target=\"_self\">Eigentums\u00fcbertragung von Yachten: Ein umfassender Leitfaden<\/a><\/h2><\/div>\n\t\t\t\t\t\t\t<div class=\"post-meta-tags rt-el-post-meta\">\n\t\t\t\t\t\t\t\t<span class='date'>\n\t\t\t\t<i class='flaticon-calendar '><\/i>\t\t\t\t<a href=\"https:\/\/somniumlegal.com\/de\/2024\/09\/16\/\">\n\t\t\t\t\t16 September, 2024\t\t\t\t<\/a>\n\t\t\t<\/span>\n\t\t\t\t\t\t\t<\/div>\n\t\t\t\n\t\t\t\t\t\t\t<div class=\"tpg-excerpt tpg-el-excerpt\">\n\t\t\t\t\t\t\t\t\t\t\t<div class=\"tpg-excerpt-inner\">\n\t\t\t\t\t\t\tDer Eigentums\u00fcbertragungsprozess wird normalerweise mit Immobilien in Verbindung gebracht, gilt aber auch f\u00fcr die \u00dcbertragung des Eigentums an einer Yacht. Bei der Eigentums\u00fcbertragung einer Yacht...\t\t\t\t\t\t<\/div>\n\t\t\t\t\t\t\t\t\t\t\t\t\t\t<\/div>\n\t\t\t\n\t\t\t\t\t<div class=\"post-footer\">\n\t\t\t<div class=\"post-footer\">\n\t\t\t\t<div class=\"read-more\">\n\t\t\t\t\t<a data-id=\"18413\" href=\"https:\/\/somniumlegal.com\/de\/eigentumsuebertragung-von-yachten-ein-umfassender-leitfaden\/\" class=\"tpg-post-link\" target=\"_self\">Leer m\u00e1s<\/a>\t\t\t\t<\/div>\n\t\t\t<\/div>\n\t\t<\/div>\n\t\t\t\t<\/div>\n\t<\/div>\n<\/div>\n\n<div class=\"rt-col-md-4 rt-col-sm-6 rt-col-xs-12 default rt-grid-item\" data-id=\"18341\">\n\t<div class=\"rt-holder tpg-post-holder\">\n\t\t<div class=\"rt-detail rt-el-content-wrapper\">\n\t\t\t\t\t\t\t<div class=\"rt-img-holder tpg-el-image-wrap has-thumbnail\">\n\t\t\t\t\t<a data-id=\"18341\" href=\"https:\/\/somniumlegal.com\/de\/clevere-eigentumsuebertragung-ein-umfassender-leitfaden\/\" class=\"tpg-post-link\" target=\"_self\">\t\t\t\t\t\t<img loading=\"lazy\" src=\"https:\/\/somniumlegal.com\/wp-content\/uploads\/2024\/09\/Conveyancing-wise.png\"\n\t\t\t\t\t\t\t class=\"rt-img-responsive\"\n\t\t\t\t\t\t\t width=\"525\"\n\t\t\t\t\t\t\t height=\"319\"\n\t\t\t\t\t\t\t alt=\"Clevere Eigentums\u00fcbertragung: Ein umfassender Leitfaden\">\n\t\t\t\t\t\t\n\t\t\t\t\t\t\t\n\t\t<\/a>\n\t\t\t\t<div class=\"overlay grid-hover-content\"><\/div>\n\t\t\t\t\t\t<\/div>\n\t\t\t\n\t\t\t<div class=\"entry-title-wrapper\"><h2 class=\"entry-title\"><a data-id=\"18341\" href=\"https:\/\/somniumlegal.com\/de\/clevere-eigentumsuebertragung-ein-umfassender-leitfaden\/\" class=\"tpg-post-link\" target=\"_self\">Clevere Eigentums\u00fcbertragung: Ein umfassender Leitfaden<\/a><\/h2><\/div>\n\t\t\t\t\t\t\t<div class=\"post-meta-tags rt-el-post-meta\">\n\t\t\t\t\t\t\t\t<span class='date'>\n\t\t\t\t<i class='flaticon-calendar '><\/i>\t\t\t\t<a href=\"https:\/\/somniumlegal.com\/de\/2024\/09\/14\/\">\n\t\t\t\t\t14 September, 2024\t\t\t\t<\/a>\n\t\t\t<\/span>\n\t\t\t\t\t\t\t<\/div>\n\t\t\t\n\t\t\t\t\t\t\t<div class=\"tpg-excerpt tpg-el-excerpt\">\n\t\t\t\t\t\t\t\t\t\t\t<div class=\"tpg-excerpt-inner\">\n\t\t\t\t\t\t\tDie Welt der Eigentums\u00fcbertragung zu erkunden, kann entmutigend wirken, insbesondere wenn es darum geht, die richtigen Entscheidungen f\u00fcr Ihre Immobilientransaktion zu treffen. Um w\u00e4hrend des gesamten...\t\t\t\t\t\t<\/div>\n\t\t\t\t\t\t\t\t\t\t\t\t\t\t<\/div>\n\t\t\t\n\t\t\t\t\t<div class=\"post-footer\">\n\t\t\t<div class=\"post-footer\">\n\t\t\t\t<div class=\"read-more\">\n\t\t\t\t\t<a data-id=\"18341\" href=\"https:\/\/somniumlegal.com\/de\/clevere-eigentumsuebertragung-ein-umfassender-leitfaden\/\" class=\"tpg-post-link\" target=\"_self\">Leer m\u00e1s<\/a>\t\t\t\t<\/div>\n\t\t\t<\/div>\n\t\t<\/div>\n\t\t\t\t<\/div>\n\t<\/div>\n<\/div>\n\n<div class=\"rt-col-md-4 rt-col-sm-6 rt-col-xs-12 default rt-grid-item\" data-id=\"18255\">\n\t<div class=\"rt-holder tpg-post-holder\">\n\t\t<div class=\"rt-detail rt-el-content-wrapper\">\n\t\t\t\t\t\t\t<div class=\"rt-img-holder tpg-el-image-wrap has-thumbnail\">\n\t\t\t\t\t<a data-id=\"18255\" href=\"https:\/\/somniumlegal.com\/de\/eigentumsuebertragung-vs-anwalt-ein-umfassender-leitfaden\/\" class=\"tpg-post-link\" target=\"_self\">\t\t\t\t\t\t<img loading=\"lazy\" src=\"https:\/\/somniumlegal.com\/wp-content\/uploads\/2024\/09\/Conveyancing-vs-attorney.png\"\n\t\t\t\t\t\t\t class=\"rt-img-responsive\"\n\t\t\t\t\t\t\t width=\"525\"\n\t\t\t\t\t\t\t height=\"319\"\n\t\t\t\t\t\t\t alt=\"Eigentums\u00fcbertragung vs. Anwalt: Ein umfassender Leitfaden\">\n\t\t\t\t\t\t\n\t\t\t\t\t\t\t\n\t\t<\/a>\n\t\t\t\t<div class=\"overlay grid-hover-content\"><\/div>\n\t\t\t\t\t\t<\/div>\n\t\t\t\n\t\t\t<div class=\"entry-title-wrapper\"><h2 class=\"entry-title\"><a data-id=\"18255\" href=\"https:\/\/somniumlegal.com\/de\/eigentumsuebertragung-vs-anwalt-ein-umfassender-leitfaden\/\" class=\"tpg-post-link\" target=\"_self\">Eigentums\u00fcbertragung vs. Anwalt: Ein umfassender Leitfaden<\/a><\/h2><\/div>\n\t\t\t\t\t\t\t<div class=\"post-meta-tags rt-el-post-meta\">\n\t\t\t\t\t\t\t\t<span class='date'>\n\t\t\t\t<i class='flaticon-calendar '><\/i>\t\t\t\t<a href=\"https:\/\/somniumlegal.com\/de\/2024\/09\/13\/\">\n\t\t\t\t\t13 September, 2024\t\t\t\t<\/a>\n\t\t\t<\/span>\n\t\t\t\t\t\t\t<\/div>\n\t\t\t\n\t\t\t\t\t\t\t<div class=\"tpg-excerpt tpg-el-excerpt\">\n\t\t\t\t\t\t\t\t\t\t\t<div class=\"tpg-excerpt-inner\">\n\t\t\t\t\t\t\tWenn es um Immobilientransaktionen geht, ist es entscheidend, den Unterschied zwischen einem Eigentums\u00fcbertragungsbeauftragten und einem Anwalt zu verstehen. Beide Fachleute spielen eine wichtige...\t\t\t\t\t\t<\/div>\n\t\t\t\t\t\t\t\t\t\t\t\t\t\t<\/div>\n\t\t\t\n\t\t\t\t\t<div class=\"post-footer\">\n\t\t\t<div class=\"post-footer\">\n\t\t\t\t<div class=\"read-more\">\n\t\t\t\t\t<a data-id=\"18255\" href=\"https:\/\/somniumlegal.com\/de\/eigentumsuebertragung-vs-anwalt-ein-umfassender-leitfaden\/\" class=\"tpg-post-link\" target=\"_self\">Leer m\u00e1s<\/a>\t\t\t\t<\/div>\n\t\t\t<\/div>\n\t\t<\/div>\n\t\t\t\t<\/div>\n\t<\/div>\n<\/div>\n\t\t\t<\/div>\n\t\t\t<div class='rt-pagination-wrap' data-total-pages='33' data-posts-per-page='6' data-type='pagination'><div class=\"rt-pagination\"><ul class=\"pagination-list\"><li class=\"active\"><span>1<\/span><\/li><li><a data-paged='2' href='https:\/\/somniumlegal.com\/de\/wp-json\/wp\/v2\/pages\/4068\/page\/2\/'>2<\/a><\/li><li><a data-paged='3' href='https:\/\/somniumlegal.com\/de\/wp-json\/wp\/v2\/pages\/4068\/page\/3\/'>3<\/a><\/li><li><a data-paged='4' href='https:\/\/somniumlegal.com\/de\/wp-json\/wp\/v2\/pages\/4068\/page\/4\/'>4<\/a><\/li><li><a data-paged='5' href='https:\/\/somniumlegal.com\/de\/wp-json\/wp\/v2\/pages\/4068\/page\/5\/'>5<\/a><\/li><li><a data-paged='2' href=\"https:\/\/somniumlegal.com\/de\/wp-json\/wp\/v2\/pages\/4068\/page\/2\/\" aria-label='Next'>&rsaquo;<\/a><\/li><li><a data-paged='33' href='https:\/\/somniumlegal.com\/de\/wp-json\/wp\/v2\/pages\/4068\/page\/33\/' aria-label='Last'>&raquo;<\/a><\/li><\/ul><\/div><\/div>\n\t\t<\/div>\n\t\t\t\t<\/div>\n\t\t\t\t<\/div>\n\t\t\t\t\t<\/div>\n\t\t<\/div>\n\t\t\t\t\t\t\t<\/div>\n\t\t<\/section>\n\t\t\t\t\t\t<\/div>\n\t\t\t\t\t<\/div>\n\t\t","protected":false},"excerpt":{"rendered":"<p>NACHRICHT Emprendedor de Responsabilidad Limitada 21 diciembre, 2022 Son muchos nuestros aut\u00f3nomos que, ante el cambio de a\u00f1o, se han interesado por la figura del emprendedor de responsabilidad limitada. En este post os vamos a comentar cuales son las ventajas de esta&#8230; Leer m\u00e1s \u00bfPuedo tener mascotas en un piso de alquiler? 5 febrero, 2022 &hellip; <\/p>\n<p class=\"link-more\"><a href=\"https:\/\/somniumlegal.com\/de\/eigentumsuebertragung-vs-anwalt-ein-umfassender-leitfaden\/\" class=\"more-link\"><span class=\"screen-reader-text\">\u201eEigentums\u00fcbertragung vs. Anwalt: Ein umfassender Leitfaden\u201c<\/span> weiterlesen<\/a><\/p>\n","protected":false},"author":2,"featured_media":0,"parent":0,"menu_order":0,"comment_status":"closed","ping_status":"closed","template":"elementor_canvas","meta":[],"rttpg_featured_image_url":null,"rttpg_author":{"display_name":"Sominium Solicitors","author_link":"https:\/\/somniumlegal.com\/de\/author\/somnium-solicitosr\/"},"rttpg_comment":0,"rttpg_category":"","rttpg_excerpt":"NACHRICHT Emprendedor de Responsabilidad Limitada 21 diciembre, 2022 Son muchos nuestros aut\u00f3nomos que, ante el cambio de a\u00f1o, se han interesado por la figura del emprendedor de responsabilidad limitada. En este post os vamos a comentar cuales son las ventajas de esta&#8230; Leer m\u00e1s \u00bfPuedo tener mascotas en un piso de alquiler? 5 febrero, 2022&hellip;","_links":{"self":[{"href":"https:\/\/somniumlegal.com\/de\/wp-json\/wp\/v2\/pages\/4068"}],"collection":[{"href":"https:\/\/somniumlegal.com\/de\/wp-json\/wp\/v2\/pages"}],"about":[{"href":"https:\/\/somniumlegal.com\/de\/wp-json\/wp\/v2\/types\/page"}],"author":[{"embeddable":true,"href":"https:\/\/somniumlegal.com\/de\/wp-json\/wp\/v2\/users\/2"}],"replies":[{"embeddable":true,"href":"https:\/\/somniumlegal.com\/de\/wp-json\/wp\/v2\/comments?post=4068"}],"version-history":[{"count":8,"href":"https:\/\/somniumlegal.com\/de\/wp-json\/wp\/v2\/pages\/4068\/revisions"}],"predecessor-version":[{"id":9674,"href":"https:\/\/somniumlegal.com\/de\/wp-json\/wp\/v2\/pages\/4068\/revisions\/9674"}],"wp:attachment":[{"href":"https:\/\/somniumlegal.com\/de\/wp-json\/wp\/v2\/media?parent=4068"}],"curies":[{"name":"wp","href":"https:\/\/api.w.org\/{rel}","templated":true}]}}