{"id":3317,"date":"2022-03-01T21:27:39","date_gmt":"2022-03-01T20:27:39","guid":{"rendered":"https:\/\/somniumlegal.com\/?page_id=3317"},"modified":"2024-10-29T00:10:06","modified_gmt":"2024-10-28T23:10:06","slug":"einwanderungsverfahren","status":"publish","type":"page","link":"https:\/\/somniumlegal.com\/de\/einwanderungsverfahren\/","title":{"rendered":"Einwanderungsverfahren"},"content":{"rendered":"\t\t<div data-elementor-type=\"wp-page\" data-elementor-id=\"3317\" class=\"elementor elementor-3317 elementor-440\" data-elementor-settings=\"[]\">\n\t\t\t\t\t\t\t<div class=\"elementor-section-wrap\">\n\t\t\t\t\t\t\t<section class=\"elementor-section elementor-top-section elementor-element elementor-element-38726ad elementor-section-boxed elementor-section-height-default elementor-section-height-default\" data-id=\"38726ad\" data-element_type=\"section\">\n\t\t\t\t\t\t<div class=\"elementor-container elementor-column-gap-default\">\n\t\t\t\t\t<div class=\"elementor-column elementor-col-100 elementor-top-column elementor-element elementor-element-73cf1d02\" data-id=\"73cf1d02\" data-element_type=\"column\">\n\t\t\t<div class=\"elementor-widget-wrap elementor-element-populated\">\n\t\t\t\t\t\t\t\t<div class=\"elementor-element elementor-element-628217ee elementor-widget elementor-widget-heading\" data-id=\"628217ee\" data-element_type=\"widget\" data-widget_type=\"heading.default\">\n\t\t\t\t<div class=\"elementor-widget-container\">\n\t\t\t<style>\/*! elementor - v3.5.5 - 03-02-2022 *\/\n.elementor-heading-title{padding:0;margin:0;line-height:1}.elementor-widget-heading .elementor-heading-title[class*=elementor-size-]>a{color:inherit;font-size:inherit;line-height:inherit}.elementor-widget-heading .elementor-heading-title.elementor-size-small{font-size:15px}.elementor-widget-heading .elementor-heading-title.elementor-size-medium{font-size:19px}.elementor-widget-heading .elementor-heading-title.elementor-size-large{font-size:29px}.elementor-widget-heading .elementor-heading-title.elementor-size-xl{font-size:39px}.elementor-widget-heading .elementor-heading-title.elementor-size-xxl{font-size:59px}<\/style><h1 class=\"elementor-heading-title elementor-size-default\">Einwanderungsverfahren<\/h1>\t\t<\/div>\n\t\t\t\t<\/div>\n\t\t\t\t\t<\/div>\n\t\t<\/div>\n\t\t\t\t\t\t\t<\/div>\n\t\t<\/section>\n\t\t\t\t<section class=\"elementor-section elementor-top-section elementor-element elementor-element-cb3eb79 elementor-section-boxed elementor-section-height-default elementor-section-height-default\" data-id=\"cb3eb79\" data-element_type=\"section\">\n\t\t\t\t\t\t<div class=\"elementor-container elementor-column-gap-default\">\n\t\t\t\t\t<div class=\"elementor-column elementor-col-100 elementor-top-column elementor-element elementor-element-24bf83fe\" data-id=\"24bf83fe\" data-element_type=\"column\">\n\t\t\t<div class=\"elementor-widget-wrap elementor-element-populated\">\n\t\t\t\t\t\t\t\t<div class=\"elementor-element elementor-element-38343c3 elementor-widget-divider--view-line elementor-widget elementor-widget-divider\" data-id=\"38343c3\" data-element_type=\"widget\" data-widget_type=\"divider.default\">\n\t\t\t\t<div class=\"elementor-widget-container\">\n\t\t\t<style>\/*! elementor - v3.5.5 - 03-02-2022 *\/\n.elementor-widget-divider{--divider-border-style:none;--divider-border-width:1px;--divider-color:#2c2c2c;--divider-icon-size:20px;--divider-element-spacing:10px;--divider-pattern-height:24px;--divider-pattern-size:20px;--divider-pattern-url:none;--divider-pattern-repeat:repeat-x}.elementor-widget-divider .elementor-divider{display:-webkit-box;display:-ms-flexbox;display:flex}.elementor-widget-divider .elementor-divider__text{font-size:15px;line-height:1;max-width:95%}.elementor-widget-divider .elementor-divider__element{margin:0 var(--divider-element-spacing);-ms-flex-negative:0;flex-shrink:0}.elementor-widget-divider .elementor-icon{font-size:var(--divider-icon-size)}.elementor-widget-divider .elementor-divider-separator{display:-webkit-box;display:-ms-flexbox;display:flex;margin:0;direction:ltr}.elementor-widget-divider--view-line_icon .elementor-divider-separator,.elementor-widget-divider--view-line_text .elementor-divider-separator{-webkit-box-align:center;-ms-flex-align:center;align-items:center}.elementor-widget-divider--view-line_icon .elementor-divider-separator:after,.elementor-widget-divider--view-line_icon .elementor-divider-separator:before,.elementor-widget-divider--view-line_text .elementor-divider-separator:after,.elementor-widget-divider--view-line_text .elementor-divider-separator:before{display:block;content:\"\";border-bottom:0;-webkit-box-flex:1;-ms-flex-positive:1;flex-grow:1;border-top:var(--divider-border-width) var(--divider-border-style) var(--divider-color)}.elementor-widget-divider--element-align-left .elementor-divider .elementor-divider-separator>.elementor-divider__svg:first-of-type{-webkit-box-flex:0;-ms-flex-positive:0;flex-grow:0;-ms-flex-negative:100;flex-shrink:100}.elementor-widget-divider--element-align-left .elementor-divider-separator:before{content:none}.elementor-widget-divider--element-align-left .elementor-divider__element{margin-left:0}.elementor-widget-divider--element-align-right .elementor-divider .elementor-divider-separator>.elementor-divider__svg:last-of-type{-webkit-box-flex:0;-ms-flex-positive:0;flex-grow:0;-ms-flex-negative:100;flex-shrink:100}.elementor-widget-divider--element-align-right .elementor-divider-separator:after{content:none}.elementor-widget-divider--element-align-right .elementor-divider__element{margin-right:0}.elementor-widget-divider:not(.elementor-widget-divider--view-line_text):not(.elementor-widget-divider--view-line_icon) .elementor-divider-separator{border-top:var(--divider-border-width) var(--divider-border-style) var(--divider-color)}.elementor-widget-divider--separator-type-pattern{--divider-border-style:none}.elementor-widget-divider--separator-type-pattern.elementor-widget-divider--view-line .elementor-divider-separator,.elementor-widget-divider--separator-type-pattern:not(.elementor-widget-divider--view-line) .elementor-divider-separator:after,.elementor-widget-divider--separator-type-pattern:not(.elementor-widget-divider--view-line) .elementor-divider-separator:before,.elementor-widget-divider--separator-type-pattern:not([class*=elementor-widget-divider--view]) .elementor-divider-separator{width:100%;min-height:var(--divider-pattern-height);-webkit-mask-size:var(--divider-pattern-size) 100%;mask-size:var(--divider-pattern-size) 100%;-webkit-mask-repeat:var(--divider-pattern-repeat);mask-repeat:var(--divider-pattern-repeat);background-color:var(--divider-color);-webkit-mask-image:var(--divider-pattern-url);mask-image:var(--divider-pattern-url)}.elementor-widget-divider--no-spacing{--divider-pattern-size:auto}.elementor-widget-divider--bg-round{--divider-pattern-repeat:round}.rtl .elementor-widget-divider .elementor-divider__text{direction:rtl}<\/style>\t\t<div class=\"elementor-divider\">\n\t\t\t<span class=\"elementor-divider-separator\">\n\t\t\t\t\t\t<\/span>\n\t\t<\/div>\n\t\t\t\t<\/div>\n\t\t\t\t<\/div>\n\t\t\t\t\t<\/div>\n\t\t<\/div>\n\t\t\t\t\t\t\t<\/div>\n\t\t<\/section>\n\t\t\t\t<section class=\"elementor-section elementor-top-section elementor-element elementor-element-3ec6cc17 elementor-section-boxed elementor-section-height-default elementor-section-height-default\" data-id=\"3ec6cc17\" data-element_type=\"section\">\n\t\t\t\t\t\t<div class=\"elementor-container elementor-column-gap-default\">\n\t\t\t\t\t<div class=\"elementor-column elementor-col-100 elementor-top-column elementor-element elementor-element-3ddaddfb\" data-id=\"3ddaddfb\" data-element_type=\"column\">\n\t\t\t<div class=\"elementor-widget-wrap elementor-element-populated\">\n\t\t\t\t\t\t\t\t<div class=\"elementor-element elementor-element-278d7ecb listado-seccion-servicios elementor-widget elementor-widget-text-editor\" data-id=\"278d7ecb\" data-element_type=\"widget\" data-widget_type=\"text-editor.default\">\n\t\t\t\t<div class=\"elementor-widget-container\">\n\t\t\t<style>\/*! elementor - v3.5.5 - 03-02-2022 *\/\n.elementor-widget-text-editor.elementor-drop-cap-view-stacked .elementor-drop-cap{background-color:#818a91;color:#fff}.elementor-widget-text-editor.elementor-drop-cap-view-framed .elementor-drop-cap{color:#818a91;border:3px solid;background-color:transparent}.elementor-widget-text-editor:not(.elementor-drop-cap-view-default) .elementor-drop-cap{margin-top:8px}.elementor-widget-text-editor:not(.elementor-drop-cap-view-default) .elementor-drop-cap-letter{width:1em;height:1em}.elementor-widget-text-editor .elementor-drop-cap{float:left;text-align:center;line-height:1;font-size:50px}.elementor-widget-text-editor .elementor-drop-cap-letter{display:inline-block}<\/style>\t\t\t\t<ul style=\"list-style-type: '\u25c8';\">\n\t<li style=\"text-align: justify; padding-left: 10px;\">\n\t\t<h2>Verarbeitung von Aufenthaltsgenehmigungen.<\/h2>\n\t<\/li>\n\t<li style=\"text-align: justify; padding-left: 10px;\">\n\t\t<h2>Beratungsdienste im Zusammenhang mit Auswanderungs- und Einwanderungsprozessen.<\/h2>\n\t<\/li>\n\t<li style=\"text-align: justify; padding-left: 10px;\">\n\t\t<h2>Verwaltung von Arbeitserlaubnissen in Spanien.<\/h2>\n\t<\/li>\n\t<li style=\"text-align: justify; padding-left: 10px;\">\n\t\t<h2>Einladungsschreiben.<\/h2>\n\t<\/li>\n\t<li style=\"text-align: justify; padding-left: 10px;\">\n\t\t<h2>Nicht-EU-Regime:<\/h2>\n\t\t<ul style=\"list-style-type: '\u25a0';\">\n\t\t\t<li style=\"text-align: justify; padding-left: 10px;\">\n\t\t\t\t<h2>Familienzusammenf\u00fchrungsverfahren.<\/h2>\n\t\t\t<\/li>\n\t\t\t<li style=\"text-align: justify; padding-left: 10px;\">\n\t\t\t\t<h2>Wohnsitz durch Niederlassung: (Soziales, Besch\u00e4ftigung, Familie).<\/h2>\n\t\t\t<\/li>\n\t\t\t<li style=\"text-align: justify; padding-left: 10px;\">\n\t\t\t\t<h2>Wohnsitz ohne Gewinnerzielungsabsicht.<\/h2>\n\t\t\t<\/li>\n\t\t\t<li style=\"text-align: justify; padding-left: 10px;\">\n\t\t\t\t<h2>Vor\u00fcbergehender Aufenthalt und Arbeit zur Forschung.<\/h2>\n\t\t\t<\/li>\n\t\t\t<li style=\"text-align: justify; padding-left: 10px;\">\n\t\t\t\t<h2>Selbst\u00e4ndiger Aufenthalt von wiedervereinten Familienmitgliedern.<\/h2>\n\t\t\t<\/li>\n\t\t\t<li style=\"text-align: justify; padding-left: 10px;\">\n\t\t\t\t<h2>Vor\u00fcbergehender Aufenthalt und Arbeit f\u00fcr eine bestimmte Dauer. Hochrangige F\u00fchrungskr\u00e4fte, Sportler oder Elitek\u00fcnstler.<\/h2>\n\t\t\t<\/li>\n\t\t\t<li style=\"text-align: justify; padding-left: 10px;\">\n\t\t\t\t<h2>Erstgenehmigung f\u00fcr Aufenthalt und Arbeit f\u00fcr andere\/eigene Rechnung.<\/h2>\n\t\t\t<\/li>\n\t\t\t<li style=\"text-align: justify; padding-left: 10px;\">\n\t\t\t\t<h2>\u00c4nderung der Aufenthaltsgenehmigung in Aufenthalts- und Arbeitserlaubnis.<\/h2>\n\t\t\t<\/li>\n\t\t\t<li style=\"text-align: justify; padding-left: 10px;\">\n\t\t\t\t<h2>\u00c4nderung der Aufenthalts- und Arbeitserlaubnis aufgrund von Sektor- oder geografischem Wechsel.<\/h2>\n\t\t\t<\/li>\n\t\t\t<li style=\"text-align: justify; padding-left: 10px;\">\n\t\t\t\t<h2>\u00c4nderung der Aufenthalts- und Arbeitserlaubnis von angestellter zu selbst\u00e4ndiger Arbeit.<\/h2>\n\t\t\t<\/li>\n\t\t\t<li style=\"text-align: justify; padding-left: 10px;\">\n\t\t\t\t<h2>Verl\u00e4ngerung der Aufenthaltsgenehmigung.<\/h2>\n\t\t\t<\/li>\n\t\t\t<li style=\"text-align: justify; padding-left: 10px;\">\n\t\t\t\t<h2>Verl\u00e4ngerung der Aufenthalts- und Arbeitserlaubnis.<\/h2>\n\t\t\t<\/li>\n\t\t\t<li style=\"text-align: justify; padding-left: 10px;\">\n\t\t\t\t<h2>Verl\u00e4ngerung des vor\u00fcbergehenden Aufenthalts zur Familienzusammenf\u00fchrung.<\/h2>\n\t\t\t<\/li>\n\t\t\t<li style=\"text-align: justify; padding-left: 10px;\">\n\t\t\t\t<h2>Aufenthaltsgenehmigung und Arbeitserlaubnis-Ausnahme.<\/h2>\n\t\t\t<\/li>\n\t\t\t<li style=\"text-align: justify; padding-left: 10px;\">\n\t\t\t\t<h2>Verl\u00e4ngerung des vor\u00fcbergehenden Aufenthalts und der Arbeit zur Forschung.<\/h2>\n\t\t\t<\/li>\n\t\t\t<li style=\"text-align: justify; padding-left: 10px;\">\n\t\t\t\t<h2>Mobilit\u00e4t von im Rahmen der Forschung zugelassenen Ausl\u00e4ndern in Mitgliedstaaten der EU.<\/h2>\n\t\t\t<\/li>\n\t\t\t<li style=\"text-align: justify; padding-left: 10px;\">\n\t\t\t\t<h2>Erlaubnis f\u00fcr saisonale oder Kampagnenarbeit im Rahmen grenz\u00fcberschreitender Dienstleistungen.<\/h2>\n\t\t\t<\/li>\n\t\t\t<li style=\"text-align: justify; padding-left: 10px;\">\n\t\t\t\t<h2>Vor\u00fcbergehender Aufenthalt und Arbeit im Rahmen grenz\u00fcberschreitender Dienstleistungen.<\/h2>\n\t\t\t<\/li>\n\t\t\t<li style=\"text-align: justify; padding-left: 10px;\">\n\t\t\t\t<h2>Beantragung einer Studienaufenthaltsgenehmigung.<\/h2>\n\t\t\t<\/li>\n\t\t\t<li style=\"text-align: justify; padding-left: 10px;\">\n\t\t\t\t<h2>Verl\u00e4ngerung der Aufenthaltsgenehmigung f\u00fcr Studenten.<\/h2>\n\t\t\t<\/li>\n\t\t\t<li style=\"text-align: justify; padding-left: 10px;\">\n\t\t\t\t<h2>Arbeitserlaubnis f\u00fcr Studenten.<\/h2>\n\t\t\t<\/li>\n\t\t\t<li style=\"text-align: justify; padding-left: 10px;\">\n\t\t\t\t<h2>Familienzusammenf\u00fchrung von Studenten.<\/h2>\n\t\t\t<\/li>\n\t\t\t<li style=\"text-align: justify; padding-left: 10px;\">\n\t\t\t\t<h2>\u00c4nderung des Aufenthaltstitels f\u00fcr Studenten.<\/h2>\n\t\t\t<\/li>\n\t\t\t<li style=\"text-align: justify; padding-left: 10px;\">\n\t\t\t\t<h2>Ausbildung oder nicht-arbeitsbezogene Praktika.<\/h2>\n\t\t\t<\/li>\n\t\t<\/ul>\n\t<\/li>\n\t<li style=\"text-align: justify; padding-left: 10px;\">\n\t\t<h2>EU-Regime:<\/h2>\n\t\t<ul style=\"list-style-type: '\u25a0';\">\n\t\t\t<li style=\"text-align: justify; padding-left: 10px;\">\n\t\t\t\t<h2>Beantragung einer Aufenthaltskarte f\u00fcr Familienangeh\u00f6rige eines Unionsb\u00fcrgers.<\/h2>\n\t\t\t<\/li>\n\t\t\t<li style=\"text-align: justify; padding-left: 10px;\">\n\t\t\t\t<h2>Verl\u00e4ngerung einer Aufenthaltskarte f\u00fcr Familienangeh\u00f6rige eines Unionsb\u00fcrgers.<\/h2>\n\t\t\t<\/li>\n\t\t\t<li style=\"text-align: justify; padding-left: 10px;\">\n\t\t\t\t<h2>Eintragung im Zentralregister f\u00fcr Ausl\u00e4nder.<\/h2>\n\t\t\t<\/li>\n\t\t\t<li style=\"text-align: justify; padding-left: 10px;\">\n\t\t\t\t<h2>Zusammenf\u00fchrung nach dem EU-Regime.<\/h2>\n\t\t\t<\/li>\n\t\t\t<li style=\"text-align: justify; padding-left: 10px;\">\n\t\t\t\t<h2>\u00c4nderung einer Aufenthaltskarte f\u00fcr Familienangeh\u00f6rige eines Unionsb\u00fcrgers in das allgemeine Regime.<\/h2>\n\t\t\t<\/li>\n\t\t\t<li style=\"text-align: justify; padding-left: 10px;\">\n\t\t\t\t<h2>Wechsel vom EU-Regime zur Situation ohne Gewinnerzielungsabsicht.<\/h2>\n\t\t\t<\/li>\n\t\t\t<li style=\"text-align: justify; padding-left: 10px;\">\n\t\t\t\t<h2>Wechsel vom EU-Regime zur Situation Aufenthalt und Arbeit f\u00fcr andere.<\/h2>\n\t\t\t<\/li>\n\t\t\t<li style=\"text-align: justify; padding-left: 10px;\">\n\t\t\t\t<h2>Wechsel vom EU-Regime zur Situation Aufenthalt mit Ausnahme von Arbeitserlaubnis.<\/h2>\n\t\t\t<\/li>\n\t\t\t<li style=\"text-align: justify; padding-left: 10px;\">\n\t\t\t\t<h2>Wechsel vom EU-Regime zur Situation ohne Gewinnerzielungsabsicht.<\/h2>\n\t\t\t<\/li>\n\t\t<\/ul>\n\t<\/li>\n\t<li style=\"text-align: justify; padding-left: 10px;\">\n\t\t<h2>Berufungsm\u00f6glichkeiten:<\/h2>\n\t\t<ul style=\"list-style-type: '\u25a0';\">\n\t\t\t<li style=\"text-align: justify; padding-left: 10px;\">\n\t\t\t\t<h2>Forderung nach finanzieller Haftung gegen\u00fcber der Verwaltung.<\/h2>\n\t\t\t<\/li>\n\t\t\t<li style=\"text-align: justify; padding-left: 10px;\">\n\t\t\t\t<h2>Berufungsm\u00f6glichkeiten (\u00dcberpr\u00fcfung, Berufung und\/oder au\u00dferordentliche \u00dcberpr\u00fcfung) bei jeder Verwaltungsbeh\u00f6rde.<\/h2>\n\t\t\t<\/li>\n\t\t\t<li style=\"text-align: justify; padding-left: 10px;\">\n\t\t\t\t<h2>Verwaltungsgerichtliche Berufung bei jeder spanischen Justizbeh\u00f6rde.<\/h2>\n\t\t\t<\/li>\n\t\t\t<li style=\"text-align: justify; padding-left: 10px;\">\n\t\t\t\t<h2>Einw\u00e4nde gegen Abschiebungsvorschl\u00e4ge.<\/h2>\n\t\t\t<\/li>\n\t\t\t<li style=\"text-align: justify; padding-left: 10px;\">\n\t\t\t\t<h2>\u00dcberpr\u00fcfung der Berufung gegen den Abschiebungsbeschluss.<\/h2>\n\t\t\t<\/li>\n\t\t\t<li style=\"text-align: justify; padding-left: 10px;\">\n\t\t\t\t<h2>Verteidigung in Sanktionsverfahren bei Verst\u00f6\u00dfen gegen das Einwanderungsgesetz.<\/h2>\n\t\t\t<\/li>\n\t\t<\/ul>\n\t<\/li>\n\t<li style=\"text-align: justify; padding-left: 10px;\">\n\t\t<h2>Staatsangeh\u00f6rigkeit:<\/h2>\n\t\t<ul style=\"list-style-type: '\u25a0';\">\n\t\t\t<li style=\"text-align: justify; padding-left: 10px;\">\n\t\t\t\t<h2>Antrag auf Staatsangeh\u00f6rigkeit auf der Grundlage des Wohnsitzes im Zivilregister.<\/h2>\n\t\t\t<\/li>\n\t\t\t<li style=\"text-align: justify; padding-left: 10px;\">\n\t\t\t\t<h2>Bearbeitung des Staatsangeh\u00f6rigkeitsberichts beim Polizeikommissariat.<\/h2>\n\t\t\t<\/li>\n\t\t\t<li style=\"text-align: justify; padding-left: 10px;\">\n\t\t\t\t<h2>Annahme der Staatsangeh\u00f6rigkeit.<\/h2>\n\t\t\t<\/li>\n\t\t\t<li style=\"text-align: justify; padding-left: 10px;\">\n\t\t\t\t<h2>Staatsangeh\u00f6rigkeitsverfahren auf Optionsbasis.<\/h2>\n\t\t\t<\/li>\n\t\t\t<li style=\"text-align: justify; padding-left: 10px;\">\n\t\t\t\t<h2>Staatsangeh\u00f6rigkeitsverfahren mit dem Wert einer einfachen Vermutung.<\/h2>\n\t\t\t<\/li>\n\t\t\t<li style=\"text-align: justify; padding-left: 10px;\">\n\t\t\t\t<h2>Korrektur von Geburtsurkunden.<\/h2>\n\t\t\t<\/li>\n\t\t\t<li style=\"text-align: justify; padding-left: 10px;\">\n\t\t\t\t<h2>Zivile Heiratsverfahren.<\/h2>\n\t\t\t<\/li>\n\t\t\t<li style=\"text-align: justify; padding-left: 10px;\">\n\t\t\t\t<h2>Registrierung von im Ausland geschlossenen Ehen.<\/h2>\n<\/li>\n<li style=\"text-align: justify; padding-left: 10px;\">\n\t<h2>Berufung gegen die Ablehnung eines Staatsangeh\u00f6rigkeitsantrags.<\/h2>\n<\/li>\n<li style=\"text-align: justify; padding-left: 10px;\">\n\t<h2>\u00dcbertragung von Verfahren vom Zentralen Zivilregister auf das \u00f6rtliche Register.<\/h2>\n<\/li>\n<\/ul>\n\t\t\t\t\t\t<\/div>\n\t\t\t\t<\/div>\n\t\t\t\t<div class=\"elementor-element elementor-element-26319c77 elementor-widget elementor-widget-image\" data-id=\"26319c77\" data-element_type=\"widget\" data-widget_type=\"image.default\">\n\t\t\t\t<div class=\"elementor-widget-container\">\n\t\t\t<style>\/*! elementor - v3.5.5 - 03-02-2022 *\/\n.elementor-widget-image{text-align:center}.elementor-widget-image a{display:inline-block}.elementor-widget-image a img[src$=\".svg\"]{width:48px}.elementor-widget-image img{vertical-align:middle;display:inline-block}<\/style>\t\t\t\t\t\t\t\t\t\t\t\t<img width=\"360\" height=\"240\" src=\"https:\/\/somniumlegal.com\/wp-content\/uploads\/2023\/10\/tramites-de-extranjeria.jpg\" class=\"attachment-large size-large\" alt=\"tramites de extranjeria\" loading=\"lazy\" sizes=\"100vw\" \/>\t\t\t\t\t\t\t\t\t\t\t\t\t\t\t<\/div>\n\t\t\t\t<\/div>\n\t\t\t\t\t<\/div>\n\t\t<\/div>\n\t\t\t\t\t\t\t<\/div>\n\t\t<\/section>\n\t\t\t\t\t\t<\/div>\n\t\t\t\t\t<\/div>\n\t\t","protected":false},"excerpt":{"rendered":"<p>Einwanderungsverfahren Verarbeitung von Aufenthaltsgenehmigungen. Beratungsdienste im Zusammenhang mit Auswanderungs- und Einwanderungsprozessen. Verwaltung von Arbeitserlaubnissen in Spanien. Einladungsschreiben. Nicht-EU-Regime: Familienzusammenf\u00fchrungsverfahren. Wohnsitz durch Niederlassung: (Soziales, Besch\u00e4ftigung, Familie). Wohnsitz ohne Gewinnerzielungsabsicht. Vor\u00fcbergehender Aufenthalt und Arbeit zur Forschung. Selbst\u00e4ndiger Aufenthalt von wiedervereinten Familienmitgliedern. Vor\u00fcbergehender Aufenthalt und Arbeit f\u00fcr eine bestimmte Dauer. Hochrangige F\u00fchrungskr\u00e4fte, Sportler oder Elitek\u00fcnstler. Erstgenehmigung f\u00fcr Aufenthalt &hellip; <\/p>\n<p class=\"link-more\"><a href=\"https:\/\/somniumlegal.com\/de\/einwanderungsverfahren\/\" class=\"more-link\"><span class=\"screen-reader-text\">\u201eEinwanderungsverfahren\u201c<\/span> weiterlesen<\/a><\/p>\n","protected":false},"author":2,"featured_media":0,"parent":0,"menu_order":0,"comment_status":"closed","ping_status":"closed","template":"elementor_canvas","meta":[],"rttpg_featured_image_url":null,"rttpg_author":{"display_name":"Sominium Solicitors","author_link":"https:\/\/somniumlegal.com\/de\/author\/somnium-solicitosr\/"},"rttpg_comment":0,"rttpg_category":null,"rttpg_excerpt":"Einwanderungsverfahren Verarbeitung von Aufenthaltsgenehmigungen. Beratungsdienste im Zusammenhang mit Auswanderungs- und Einwanderungsprozessen. Verwaltung von Arbeitserlaubnissen in Spanien. Einladungsschreiben. Nicht-EU-Regime: Familienzusammenf\u00fchrungsverfahren. Wohnsitz durch Niederlassung: (Soziales, Besch\u00e4ftigung, Familie). Wohnsitz ohne Gewinnerzielungsabsicht. Vor\u00fcbergehender Aufenthalt und Arbeit zur Forschung. Selbst\u00e4ndiger Aufenthalt von wiedervereinten Familienmitgliedern. Vor\u00fcbergehender Aufenthalt und Arbeit f\u00fcr eine bestimmte Dauer. Hochrangige F\u00fchrungskr\u00e4fte, Sportler oder Elitek\u00fcnstler. Erstgenehmigung f\u00fcr Aufenthalt&hellip;","_links":{"self":[{"href":"https:\/\/somniumlegal.com\/de\/wp-json\/wp\/v2\/pages\/3317"}],"collection":[{"href":"https:\/\/somniumlegal.com\/de\/wp-json\/wp\/v2\/pages"}],"about":[{"href":"https:\/\/somniumlegal.com\/de\/wp-json\/wp\/v2\/types\/page"}],"author":[{"embeddable":true,"href":"https:\/\/somniumlegal.com\/de\/wp-json\/wp\/v2\/users\/2"}],"replies":[{"embeddable":true,"href":"https:\/\/somniumlegal.com\/de\/wp-json\/wp\/v2\/comments?post=3317"}],"version-history":[{"count":14,"href":"https:\/\/somniumlegal.com\/de\/wp-json\/wp\/v2\/pages\/3317\/revisions"}],"predecessor-version":[{"id":18869,"href":"https:\/\/somniumlegal.com\/de\/wp-json\/wp\/v2\/pages\/3317\/revisions\/18869"}],"wp:attachment":[{"href":"https:\/\/somniumlegal.com\/de\/wp-json\/wp\/v2\/media?parent=3317"}],"curies":[{"name":"wp","href":"https:\/\/api.w.org\/{rel}","templated":true}]}}